{"id":4443,"date":"2024-11-27T14:59:00","date_gmt":"2024-11-27T13:59:00","guid":{"rendered":"https:\/\/www.contiva-berufsperspektiven.ch\/?page_id=4443"},"modified":"2026-01-08T18:46:06","modified_gmt":"2026-01-08T17:46:06","slug":"digital-application","status":"publish","type":"page","link":"https:\/\/www.contiva-berufsperspektiven.ch\/en\/jobway-awa-bs\/digitale-bewerbung\/","title":{"rendered":"Digital application"},"content":{"rendered":"<div class='breakdance'><div class=\"bde-globalblock-4443-100 bde-globalblock\"><div class='breakdance'><section class=\"bde-section-3672-104-3672-1 bde-section no-animation bde-section-3672-104\">\n  \n  \n\t\n\n\n\n<div class=\"section-container\"><div class=\"bde-breadcrumbs-3672-106-3672-1 bde-breadcrumbs bde-breadcrumbs-3672-106\"><nav aria-label=\"breadcrumbs\" class=\"rank-math-breadcrumb\"><p><span class=\"last\">CONTIVA<\/span><\/p><\/nav><\/div><\/div>\n<\/section><section class=\"bde-section-3672-101-3672-1 bde-section no-animation bde-section-3672-101\">\n  \n  \n\t\n\n\n\n<div class=\"section-container\"><h1 class=\"bde-heading-3672-102-3672-1 bde-heading bde-heading-3672-102\">\nDigital application\n<\/h1><div class=\"bde-text-3672-103-3672-1 bde-text bde-text-3672-103\">\n\n<\/div><\/div>\n<\/section><\/div><\/div><section class=\"bde-section-4443-101 bde-section bde-preset-a757da71-4efb-4b7c-ac36-4af124f53d48\">\n  \n  \n\t\n\n\n\n<div class=\"section-container\"><div class=\"bde-div-4443-102 bde-div\">\n  \n  \n\t\n\n\n\n<h3 class=\"bde-heading-4443-103 bde-heading\">\nDigital self-marketing\n<\/h3><div class=\"bde-rich-text-4443-104 bde-rich-text breakdance-rich-text-styles\">\n<p><strong>Participants<\/strong><br \/>Job seekers who want to create or optimise a professional profile based on their application strategy on a social media channel.<\/p><p><strong>Prerequisites<\/strong><br \/>The participants have a complete application dossier and have defined their application strategy.<\/p><p><strong>Course objectives<\/strong><br \/>The participants<\/p><ul><li>filter out the most suitable platform for them and set up their own profile<\/li><li>know the criteria for catchy profiles and the use of keywords<\/li><li>use their digital profile in a promising way for their job search<\/li><\/ul><p><strong>Course duration<\/strong><br \/>A total of 12 hours (3 days of 4 hours each, either in the morning or in the afternoon)<\/p><p><strong>Contact us<\/strong><br \/>Dorothea Saner Swiss<br \/>+41 61 339 90 02 \/ +41 79 322 22 54<br \/><a class=\"bde-text-link-3517-110 bde-text-link breakdance-link\" href=\"mailto:d.saner@contiva-berufsperspektiven.ch\" target=\"_self\" data-type=\"url\">d.saner@contiva-berufsperspektiven.ch<\/a><\/p>\n<\/div><div class=\"bde-div-4443-105 bde-div bde-preset-4d0b34c7-4d84-489f-bb13-f8ff907d8258\">\n  \n  \n\t\n\n\n\n<div class=\"bde-button-4443-106 bde-button\">\n    \n                                    \n    \n    \n    \n    \n            \n                    \n            \n            \n\n    \n    \n    \n    \n    \n    <a class=\"breakdance-link button-atom button-atom--primary bde-button__button\" href=\"https:\/\/www.contiva-berufsperspektiven.ch\/wp-content\/uploads\/2026\/01\/Contiva-JOBWAY_Digitales-Selbstmarketing-ab-2026_29.09.2025.pdf\" target=\"_self\" data-type=\"url\"  >\n\n    \n        <span class=\"button-atom__text\">to the course announcement<\/span>\n\n        \n        \n                <\/a>\n\n    \n\n\n<\/div>\n<\/div>\n<\/div><\/div>\n<\/section><\/div>","protected":false},"excerpt":{"rendered":"<p>CONTIVA Digitale Bewerbung Digitales Selbstmarketing TeilnehmendeStellensuchende, die aufgrund ihrer Bewerbungsstrategie auf einem Social Media Kanal ein professionelles Profil erstellen oder optimieren m\u00f6chten.VoraussetzungenDie Teilnehmenden verf\u00fcgen \u00fcber ein komplettes Bewerbungsdossier und haben ihre Bewerbungsstrategie definiert.KurszieleDie Teilnehmendenfiltern die f\u00fcr sie geeignete Plattform heraus und richten ihr eigenes Profil einkennen die Kriterien griffiger Profile und den Einsatz von Keywordssetzen [&hellip;]<\/p>\n","protected":false},"author":34,"featured_media":0,"parent":698,"menu_order":0,"comment_status":"closed","ping_status":"closed","template":"","meta":{"_acf_changed":false,"_breakdance_hide_in_design_set":false,"_breakdance_tags":"","iawp_total_views":161,"footnotes":""},"class_list":["post-4443","page","type-page","status-publish","hentry"],"acf":[],"_links":{"self":[{"href":"https:\/\/www.contiva-berufsperspektiven.ch\/en\/wp-json\/wp\/v2\/pages\/4443","targetHints":{"allow":["GET"]}}],"collection":[{"href":"https:\/\/www.contiva-berufsperspektiven.ch\/en\/wp-json\/wp\/v2\/pages"}],"about":[{"href":"https:\/\/www.contiva-berufsperspektiven.ch\/en\/wp-json\/wp\/v2\/types\/page"}],"author":[{"embeddable":true,"href":"https:\/\/www.contiva-berufsperspektiven.ch\/en\/wp-json\/wp\/v2\/users\/34"}],"replies":[{"embeddable":true,"href":"https:\/\/www.contiva-berufsperspektiven.ch\/en\/wp-json\/wp\/v2\/comments?post=4443"}],"version-history":[{"count":13,"href":"https:\/\/www.contiva-berufsperspektiven.ch\/en\/wp-json\/wp\/v2\/pages\/4443\/revisions"}],"predecessor-version":[{"id":5180,"href":"https:\/\/www.contiva-berufsperspektiven.ch\/en\/wp-json\/wp\/v2\/pages\/4443\/revisions\/5180"}],"up":[{"embeddable":true,"href":"https:\/\/www.contiva-berufsperspektiven.ch\/en\/wp-json\/wp\/v2\/pages\/698"}],"wp:attachment":[{"href":"https:\/\/www.contiva-berufsperspektiven.ch\/en\/wp-json\/wp\/v2\/media?parent=4443"}],"curies":[{"name":"wp","href":"https:\/\/api.w.org\/{rel}","templated":true}]}}