{"id":4452,"date":"2024-11-27T15:05:12","date_gmt":"2024-11-27T14:05:12","guid":{"rendered":"https:\/\/www.contiva-berufsperspektiven.ch\/?page_id=4452"},"modified":"2025-03-06T09:39:40","modified_gmt":"2025-03-06T08:39:40","slug":"conclusion","status":"publish","type":"page","link":"https:\/\/www.contiva-berufsperspektiven.ch\/en\/jobway-awa-bs\/abschluss\/","title":{"rendered":"Conclusion"},"content":{"rendered":"<div class='breakdance'><div class=\"bde-globalblock-4452-100 bde-globalblock\"><div class='breakdance'><section class=\"bde-section-3672-104-3672-1 bde-section no-animation bde-section-3672-104\">\n  \n  \n\t\n\n\n\n<div class=\"section-container\"><div class=\"bde-breadcrumbs-3672-106-3672-1 bde-breadcrumbs bde-breadcrumbs-3672-106\"><nav aria-label=\"breadcrumbs\" class=\"rank-math-breadcrumb\"><p><span class=\"last\">CONTIVA<\/span><\/p><\/nav><\/div><\/div>\n<\/section><section class=\"bde-section-3672-101-3672-1 bde-section no-animation bde-section-3672-101\">\n  \n  \n\t\n\n\n\n<div class=\"section-container\"><h1 class=\"bde-heading-3672-102-3672-1 bde-heading bde-heading-3672-102\">\nConclusion\n<\/h1><div class=\"bde-text-3672-103-3672-1 bde-text bde-text-3672-103\">\n\n<\/div><\/div>\n<\/section><\/div><\/div><section class=\"bde-section-4452-101 bde-section bde-preset-a757da71-4efb-4b7c-ac36-4af124f53d48\">\n  \n  \n\t\n\n\n\n<div class=\"section-container\"><div class=\"bde-div-4452-102 bde-div\">\n  \n  \n\t\n\n\n\n<h3 class=\"bde-heading-4452-103 bde-heading\">\nConclusion of co-operation\n<\/h3><div class=\"bde-rich-text-4452-104 bde-rich-text breakdance-rich-text-styles\">\n<p><strong>Participants<\/strong><br \/>All jobseekers who have taken advantage of one or more JOBWAY programmes (course modules, application workshop, coaching, career counselling, dossier review). The responsible RAV personnel counsellor can participate on request.<\/p><p><strong>Aims of the final meeting<\/strong><br \/>The jobseekers evaluate their participation in the JOBWAY programme together with the JOBWAY advisor, and the final report is completed and signed. The jobseekers know their next steps in the application process.<\/p><p><strong>Duration<\/strong><br \/>The final meeting lasts a maximum of 1 hour and takes place on an individually agreed date.<\/p><p><strong>Contact us<br \/><\/strong>Dorothea Saner Swiss<br \/>+41 61 339 90 02 \/ +41 79 322 22 54<br \/><a class=\"bde-text-link-3517-110 bde-text-link breakdance-link\" href=\"mailto:d.saner@contiva-berufsperspektiven.ch\" target=\"_self\" data-type=\"url\">d.saner@contiva-berufsperspektiven.ch<\/a><\/p>\n<\/div>\n<\/div><\/div>\n<\/section><\/div>","protected":false},"excerpt":{"rendered":"<p>CONTIVA Abschluss Abschluss Zusammenarbeit TeilnehmendeAlle Stellensuchenden, die eines oder mehrere JOBWAY-Angebote (Kursmodule, Bewerbungswerkstatt, Coaching, Laufbahnberatung, Dossier\u00fcberpr\u00fcfung) in Anspruch genommen haben. Auf Wunsch kann die zust\u00e4ndige RAV-Personalberatung teilnehmen.Ziele des Abschlussgespr\u00e4chsDie Stellensuchenden werten gemeinsam mit der JOBWAY-Beratung die Teilnahme am JOBWAY-Programm aus, der Abschlussbericht wird vervollst\u00e4ndigt und unterschrieben. Die Stellensuchenden kennen ihre n\u00e4chsten Schritte im Bewerbungsprozess.DauerDas Abschlussgespr\u00e4ch [&hellip;]<\/p>\n","protected":false},"author":34,"featured_media":0,"parent":698,"menu_order":0,"comment_status":"closed","ping_status":"closed","template":"","meta":{"_acf_changed":false,"_breakdance_hide_in_design_set":false,"_breakdance_tags":"","iawp_total_views":80,"footnotes":""},"class_list":["post-4452","page","type-page","status-publish","hentry"],"acf":[],"_links":{"self":[{"href":"https:\/\/www.contiva-berufsperspektiven.ch\/en\/wp-json\/wp\/v2\/pages\/4452","targetHints":{"allow":["GET"]}}],"collection":[{"href":"https:\/\/www.contiva-berufsperspektiven.ch\/en\/wp-json\/wp\/v2\/pages"}],"about":[{"href":"https:\/\/www.contiva-berufsperspektiven.ch\/en\/wp-json\/wp\/v2\/types\/page"}],"author":[{"embeddable":true,"href":"https:\/\/www.contiva-berufsperspektiven.ch\/en\/wp-json\/wp\/v2\/users\/34"}],"replies":[{"embeddable":true,"href":"https:\/\/www.contiva-berufsperspektiven.ch\/en\/wp-json\/wp\/v2\/comments?post=4452"}],"version-history":[{"count":6,"href":"https:\/\/www.contiva-berufsperspektiven.ch\/en\/wp-json\/wp\/v2\/pages\/4452\/revisions"}],"predecessor-version":[{"id":4872,"href":"https:\/\/www.contiva-berufsperspektiven.ch\/en\/wp-json\/wp\/v2\/pages\/4452\/revisions\/4872"}],"up":[{"embeddable":true,"href":"https:\/\/www.contiva-berufsperspektiven.ch\/en\/wp-json\/wp\/v2\/pages\/698"}],"wp:attachment":[{"href":"https:\/\/www.contiva-berufsperspektiven.ch\/en\/wp-json\/wp\/v2\/media?parent=4452"}],"curies":[{"name":"wp","href":"https:\/\/api.w.org\/{rel}","templated":true}]}}