{"id":4466,"date":"2024-11-27T15:18:52","date_gmt":"2024-11-27T14:18:52","guid":{"rendered":"https:\/\/www.contiva-berufsperspektiven.ch\/?page_id=4466"},"modified":"2024-12-19T16:07:14","modified_gmt":"2024-12-19T15:07:14","slug":"active-job-search","status":"publish","type":"page","link":"https:\/\/www.contiva-berufsperspektiven.ch\/en\/invalidenversicherung\/aktive-stellensuche\/","title":{"rendered":"Active job search"},"content":{"rendered":"<div class='breakdance'><div class=\"bde-globalblock-4466-100 bde-globalblock\"><div class='breakdance'><section class=\"bde-section-3672-104-3672-1 bde-section no-animation bde-section-3672-104\">\n  \n  \n\t\n\n\n\n<div class=\"section-container\"><div class=\"bde-breadcrumbs-3672-106-3672-1 bde-breadcrumbs bde-breadcrumbs-3672-106\"><nav aria-label=\"breadcrumbs\" class=\"rank-math-breadcrumb\"><p><span class=\"last\">CONTIVA<\/span><\/p><\/nav><\/div><\/div>\n<\/section><section class=\"bde-section-3672-101-3672-1 bde-section no-animation bde-section-3672-101\">\n  \n  \n\t\n\n\n\n<div class=\"section-container\"><h1 class=\"bde-heading-3672-102-3672-1 bde-heading bde-heading-3672-102\">\nActive job search\n<\/h1><div class=\"bde-text-3672-103-3672-1 bde-text bde-text-3672-103\">\n\n<\/div><\/div>\n<\/section><\/div><\/div><section class=\"bde-section-4466-101 bde-section bde-preset-a757da71-4efb-4b7c-ac36-4af124f53d48\">\n  \n  \n\t\n\n\n\n<div class=\"section-container\"><div class=\"bde-div-4466-102 bde-div\">\n  \n  \n\t\n\n\n\n<h3 class=\"bde-heading-4466-103 bde-heading\">\nIndividual coaching with active job search\n<\/h3><div class=\"bde-rich-text-4466-104 bde-rich-text breakdance-rich-text-styles\">\n<p><strong>Participants<\/strong><br \/>IV-insured persons who need individualised coaching in their job search.<\/p><p><strong>Prerequisites<\/strong><\/p><ul><li>Performance in the primary labour market has been clarified or still needs to be clarified.<\/li><li>IV insured persons have a minimum knowledge of German (coaching in E, F and I also possible on request).<\/li><li>They are motivated.<\/li><\/ul><p><strong>Goals<\/strong><br \/>The IV-insured persons find the following suitable job in the primary labour market:<\/p><ul><li>a position with clarified performance,<\/li><li>an internship if performance needs to be clarified.<\/li><\/ul><p>Coaching actively places people (only) if this increases their chances of finding the job they are looking for. This is almost always necessary when looking for internships, but only exceptionally helpful when looking for a job.<\/p><p><strong>Number of hours<\/strong><br \/>30<\/p><p><strong>Duration<\/strong><br \/>3 months<\/p><p><strong>Contact us<\/strong><br \/>Sabina Cannarozzo<br \/>+41 61 339 90 03<br \/>+41 79 627 51 82<br \/><a href=\"mailto:s.cannarozzo@contiva-berufsperspektiven.ch\">s.cannarozzo@contiva-berufsperspektiven.ch<\/a><\/p>\n<\/div>\n<\/div><\/div>\n<\/section><\/div>","protected":false},"excerpt":{"rendered":"<p>CONTIVA Aktive Stellensuche Individuelles Coaching mit aktiver Stellensuche TeilnehmendeIV-Versicherte, die ein individuelles Coaching bei ihrer Stellensuche ben\u00f6tigen.VoraussetzungenDie Leistungsf\u00e4higkeit im ersten Arbeitsmarkt ist gekl\u00e4rt oder muss noch gekl\u00e4rt werden.Die IV-Versicherten verf\u00fcgen \u00fcber minimale Deutschkenntnisse (auf Anfrage Coaching auch in E, F und I m\u00f6glich).Sie sind motiviert.ZieleDie IV-Versicherten finden folgenden passenden Einsatz im ersten Arbeitsmarkt:bei gekl\u00e4rter Leistungsf\u00e4higkeit [&hellip;]<\/p>\n","protected":false},"author":34,"featured_media":0,"parent":892,"menu_order":0,"comment_status":"closed","ping_status":"closed","template":"","meta":{"_acf_changed":false,"_breakdance_hide_in_design_set":false,"_breakdance_tags":"","iawp_total_views":192,"footnotes":""},"class_list":["post-4466","page","type-page","status-publish","hentry"],"acf":[],"_links":{"self":[{"href":"https:\/\/www.contiva-berufsperspektiven.ch\/en\/wp-json\/wp\/v2\/pages\/4466","targetHints":{"allow":["GET"]}}],"collection":[{"href":"https:\/\/www.contiva-berufsperspektiven.ch\/en\/wp-json\/wp\/v2\/pages"}],"about":[{"href":"https:\/\/www.contiva-berufsperspektiven.ch\/en\/wp-json\/wp\/v2\/types\/page"}],"author":[{"embeddable":true,"href":"https:\/\/www.contiva-berufsperspektiven.ch\/en\/wp-json\/wp\/v2\/users\/34"}],"replies":[{"embeddable":true,"href":"https:\/\/www.contiva-berufsperspektiven.ch\/en\/wp-json\/wp\/v2\/comments?post=4466"}],"version-history":[{"count":4,"href":"https:\/\/www.contiva-berufsperspektiven.ch\/en\/wp-json\/wp\/v2\/pages\/4466\/revisions"}],"predecessor-version":[{"id":4706,"href":"https:\/\/www.contiva-berufsperspektiven.ch\/en\/wp-json\/wp\/v2\/pages\/4466\/revisions\/4706"}],"up":[{"embeddable":true,"href":"https:\/\/www.contiva-berufsperspektiven.ch\/en\/wp-json\/wp\/v2\/pages\/892"}],"wp:attachment":[{"href":"https:\/\/www.contiva-berufsperspektiven.ch\/en\/wp-json\/wp\/v2\/media?parent=4466"}],"curies":[{"name":"wp","href":"https:\/\/api.w.org\/{rel}","templated":true}]}}