{"id":5103,"date":"2025-12-11T15:43:50","date_gmt":"2025-12-11T14:43:50","guid":{"rendered":"https:\/\/www.contiva-berufsperspektiven.ch\/?page_id=5103"},"modified":"2025-12-11T17:11:01","modified_gmt":"2025-12-11T16:11:01","slug":"application-workshop-kiss","status":"publish","type":"page","link":"https:\/\/www.contiva-berufsperspektiven.ch\/en\/kiga-bl\/bewerbungswerkstatt-kiss\/","title":{"rendered":"KISS application workshop (BW KISS)"},"content":{"rendered":"<div class='breakdance'><div class=\"bde-globalblock-5103-100 bde-globalblock\"><div class='breakdance'><section class=\"bde-section-3672-104-3672-1 bde-section no-animation bde-section-3672-104\">\n  \n  \n\t\n\n\n\n<div class=\"section-container\"><div class=\"bde-breadcrumbs-3672-106-3672-1 bde-breadcrumbs bde-breadcrumbs-3672-106\"><nav aria-label=\"breadcrumbs\" class=\"rank-math-breadcrumb\"><p><span class=\"last\">CONTIVA<\/span><\/p><\/nav><\/div><\/div>\n<\/section><section class=\"bde-section-3672-101-3672-1 bde-section no-animation bde-section-3672-101\">\n  \n  \n\t\n\n\n\n<div class=\"section-container\"><h1 class=\"bde-heading-3672-102-3672-1 bde-heading bde-heading-3672-102\">\nKISS application workshop (BW KISS)\n<\/h1><div class=\"bde-text-3672-103-3672-1 bde-text bde-text-3672-103\">\n\n<\/div><\/div>\n<\/section><\/div><\/div><section class=\"bde-section-5103-101 bde-section bde-preset-a757da71-4efb-4b7c-ac36-4af124f53d48\">\n  \n  \n\t\n\n\n\n<div class=\"section-container\"><div class=\"bde-div-5103-102 bde-div\">\n  \n  \n\t\n\n\n\n<h3 class=\"bde-heading-5103-103 bde-heading\">\nBW KISS\n<\/h3><div class=\"bde-rich-text-5103-104 bde-rich-text breakdance-rich-text-styles\">\n<p><strong>Participants<\/strong><\/p><ul><li>People who find it difficult to apply independently and digitally after application courses<\/li><li>Foreign-language participants, especially those who work exclusively with smartphones<\/li><\/ul><p><strong>Prerequisites<\/strong><\/p><ul><li>Jobseekers with German language skills from level A1<\/li><li>For people with no knowledge of German: separate individual coaching with digital translation assistance<\/li><\/ul><p><strong>Course objectives<\/strong><\/p><ul><li>Development of basic digital application skills<\/li><li>Promotion of independence throughout the entire application process<\/li><li>Confident handling of e-mail, PDF, cloud, job portals and digital tools<\/li><li>Creation, dispatch and documentation of applications on your own device and on Contiva PCs during the workshop<\/li><li>Strengthening self-confidence and personal responsibility<\/li><\/ul><p><strong>Course duration<\/strong><\/p><ul><li>Variable, minimum 1.5 hours per week up to a maximum of 6 hours (i.e. 4 times 1.5 hours) per week<\/li><li>3 variants:<ul><li>A: 1\u00d7 90 min\/week<\/li><li>B: 2\u00d7 90 min\/week<\/li><li>C: 4\u00d7 90 min\/week<\/li><\/ul><\/li><\/ul><p><strong>Contact us<\/strong><br \/>Dorothea Saner Swiss<br \/>+ 41 61 339 90 02 \/ +41 79 322 22 54\u00a0<br \/><a href=\"mailto:d.saner@contiva-berufsperspektiven.ch\">d.saner@contiva-berufsperspektiven.ch<\/a><\/p>\n<\/div><div class=\"bde-div-5103-105 bde-div bde-preset-4d0b34c7-4d84-489f-bb13-f8ff907d8258\">\n  \n  \n\t\n\n\n\n<div class=\"bde-button-5103-106 bde-button\">\n    \n                                    \n    \n    \n    \n    \n            \n                    \n            \n            \n\n    \n    \n    \n    \n    \n    <a class=\"breakdance-link button-atom button-atom--primary bde-button__button\" href=\"https:\/\/www.contiva-berufsperspektiven.ch\/wp-content\/uploads\/2025\/01\/Contiva-JOBWAY_Bewerbungswerkstatt-ab-2025.pdf\" target=\"_blank\" data-type=\"url\"  >\n\n    \n        <span class=\"button-atom__text\">to the course announcement<\/span>\n\n        \n        \n                <\/a>\n\n    \n\n\n<\/div>\n<\/div>\n<\/div><\/div>\n<\/section><\/div>","protected":false},"excerpt":{"rendered":"<p>CONTIVA Bewerbungswerkstatt KISS (BW KISS) BW KISS TeilnehmendePersonen, die nach Bewerbungskursen M\u00fche haben, sich selbstst\u00e4ndig und digital zu bewerbenfremdsprachige Teilnehmende, insbesondere solche, die ausschliesslich mit dem Smartphone arbeitenVoraussetzungenStellensuchende mit Deutschkenntnissen ab Niveau A1f\u00fcr Personen ohne Deutschkenntnisse: separates Einzelcoaching mit digitaler \u00dcbersetzungshilfeKurszieleAufbau grundlegender digitaler BewerbungskompetenzenF\u00f6rderung der Selbstst\u00e4ndigkeit im gesamten BewerbungsprozessSicherer Umgang mit E-Mail, PDF, Cloud, Jobportalen [&hellip;]<\/p>\n","protected":false},"author":33,"featured_media":0,"parent":879,"menu_order":0,"comment_status":"closed","ping_status":"closed","template":"","meta":{"_acf_changed":false,"_breakdance_hide_in_design_set":false,"_breakdance_tags":"","iawp_total_views":48,"footnotes":""},"class_list":["post-5103","page","type-page","status-publish","hentry"],"acf":[],"_links":{"self":[{"href":"https:\/\/www.contiva-berufsperspektiven.ch\/en\/wp-json\/wp\/v2\/pages\/5103","targetHints":{"allow":["GET"]}}],"collection":[{"href":"https:\/\/www.contiva-berufsperspektiven.ch\/en\/wp-json\/wp\/v2\/pages"}],"about":[{"href":"https:\/\/www.contiva-berufsperspektiven.ch\/en\/wp-json\/wp\/v2\/types\/page"}],"author":[{"embeddable":true,"href":"https:\/\/www.contiva-berufsperspektiven.ch\/en\/wp-json\/wp\/v2\/users\/33"}],"replies":[{"embeddable":true,"href":"https:\/\/www.contiva-berufsperspektiven.ch\/en\/wp-json\/wp\/v2\/comments?post=5103"}],"version-history":[{"count":4,"href":"https:\/\/www.contiva-berufsperspektiven.ch\/en\/wp-json\/wp\/v2\/pages\/5103\/revisions"}],"predecessor-version":[{"id":5113,"href":"https:\/\/www.contiva-berufsperspektiven.ch\/en\/wp-json\/wp\/v2\/pages\/5103\/revisions\/5113"}],"up":[{"embeddable":true,"href":"https:\/\/www.contiva-berufsperspektiven.ch\/en\/wp-json\/wp\/v2\/pages\/879"}],"wp:attachment":[{"href":"https:\/\/www.contiva-berufsperspektiven.ch\/en\/wp-json\/wp\/v2\/media?parent=5103"}],"curies":[{"name":"wp","href":"https:\/\/api.w.org\/{rel}","templated":true}]}}