{"id":235,"date":"2023-04-25T18:05:40","date_gmt":"2023-04-25T16:05:40","guid":{"rendered":"https:\/\/www.contiva-berufsperspektiven.ch\/?page_id=235"},"modified":"2026-03-30T10:48:49","modified_gmt":"2026-03-30T08:48:49","slug":"empresa","status":"publish","type":"page","link":"https:\/\/www.contiva-berufsperspektiven.ch\/es\/firmen\/","title":{"rendered":"Empresas"},"content":{"rendered":"<div class='breakdance'><div class=\"bde-globalblock-235-100 bde-globalblock\"><div class='breakdance'><section class=\"bde-section-3672-104-3672-1 bde-section no-animation bde-section-3672-104\">\n  \n  \n\t\n\n\n\n<div class=\"section-container\"><div class=\"bde-breadcrumbs-3672-106-3672-1 bde-breadcrumbs bde-breadcrumbs-3672-106\"><nav aria-label=\"pan rallado\" class=\"rank-math-breadcrumb\"><p><span class=\"last\">CONTIVA<\/span><\/p><\/nav><\/div><\/div>\n<\/section><section class=\"bde-section-3672-101-3672-1 bde-section no-animation bde-section-3672-101\">\n  \n  \n\t\n\n\n\n<div class=\"section-container\"><h1 class=\"bde-heading-3672-102-3672-1 bde-heading bde-heading-3672-102\">\nApoyo eficaz en situaciones dif\u00edciles\n<\/h1><div class=\"bde-text-3672-103-3672-1 bde-text bde-text-3672-103\">\n<p>Con profundos conocimientos y a\u00f1os de experiencia pr\u00e1ctica, nuestros coaches apoyan a su organizaci\u00f3n en situaciones dif\u00edciles: ofertas a medida que repercuten en la vida cotidiana.<\/p>\n\n<\/div><\/div>\n<\/section><\/div><\/div><section class=\"bde-section-235-101 bde-section bde-preset-84a15dde-f849-469d-bf93-8fff4095fba1\">\n  \n  \n\t\n\n\n\n<div class=\"section-container\"><div class=\"bde-columns-235-102 bde-columns\"><div class=\"bde-column-235-103 bde-column\">\n  \n  \n\t\n\n\n\n<div class=\"bde-image-235-106 bde-image\">\n<figure class=\"breakdance-image breakdance-image--2729\">\n\t<div class=\"breakdance-image-container\">\n\t\t<div class=\"breakdance-image-clip\"><img loading=\"lazy\" decoding=\"async\" class=\"breakdance-image-object\" src=\"https:\/\/www.contiva-berufsperspektiven.ch\/wp-content\/uploads\/2023\/07\/Outplacement.jpg\" width=\"736\" height=\"380\" srcset=\"https:\/\/www.contiva-berufsperspektiven.ch\/wp-content\/uploads\/2023\/07\/Outplacement.jpg 736w, https:\/\/www.contiva-berufsperspektiven.ch\/wp-content\/uploads\/2023\/07\/Outplacement-300x155.jpg 300w, https:\/\/www.contiva-berufsperspektiven.ch\/wp-content\/uploads\/2023\/07\/Outplacement-542x280.jpg 542w, https:\/\/www.contiva-berufsperspektiven.ch\/wp-content\/uploads\/2023\/07\/Outplacement-387x200.jpg 387w, https:\/\/www.contiva-berufsperspektiven.ch\/wp-content\/uploads\/2023\/07\/Outplacement-232x120.jpg 232w\" sizes=\"auto, (max-width: 736px) 100vw, 736px\"><\/div>\n\t<\/div><\/figure>\n\n<\/div>\n<\/div><div class=\"bde-column-235-104 bde-column\">\n  \n  \n\t\n\n\n\n<div class=\"bde-rich-text-235-105 bde-rich-text breakdance-rich-text-styles\">\n<h3>Recolocaci\u00f3n y recolocaci\u00f3n en grupo<\/h3><p>Apoyamos a las organizaciones y a sus empleados en caso de despidos o reducciones importantes de plantilla. Apoyamos a empleados individuales o a grupos de empleados con un completo coaching para la solicitud de empleo. En el caso de recolocaciones colectivas, colaboramos con los departamentos de RRHH para organizar los procesos necesarios, desde la comunicaci\u00f3n interna y externa hasta la preparaci\u00f3n de referencias, pasando por la ejecuci\u00f3n.<\/p><p><strong>Nuestros servicios<\/strong><\/p><ul><li>Coaching y cursos para particulares y grupos sobre temas relacionados con el proceso de solicitud de empleo: establecimiento de objetivos profesionales, creaci\u00f3n de expedientes de solicitud, formaci\u00f3n para entrevistas de trabajo y mucho m\u00e1s.<\/li><li>Apoyo a los directivos y departamentos de RRHH de su empresa en caso de reducci\u00f3n importante de plantilla, adaptado a sus retos y recursos.<\/li><\/ul>\n<\/div>\n<\/div><\/div><\/div>\n<\/section><section class=\"bde-section-235-107 bde-section bde-preset-84a15dde-f849-469d-bf93-8fff4095fba1\">\n  \n  \n\t\n\n\n\n<div class=\"section-container\"><div class=\"bde-columns-235-108 bde-columns\"><div class=\"bde-column-235-109 bde-column\">\n  \n  \n\t\n\n\n\n<div class=\"bde-image-235-110 bde-image\">\n<figure class=\"breakdance-image breakdance-image--2731\">\n\t<div class=\"breakdance-image-container\">\n\t\t<div class=\"breakdance-image-clip\"><img loading=\"lazy\" decoding=\"async\" class=\"breakdance-image-object\" src=\"https:\/\/www.contiva-berufsperspektiven.ch\/wp-content\/uploads\/2023\/07\/Schluesselqualifikationen.jpg\" width=\"736\" height=\"380\" srcset=\"https:\/\/www.contiva-berufsperspektiven.ch\/wp-content\/uploads\/2023\/07\/Schluesselqualifikationen.jpg 736w, https:\/\/www.contiva-berufsperspektiven.ch\/wp-content\/uploads\/2023\/07\/Schluesselqualifikationen-300x155.jpg 300w, https:\/\/www.contiva-berufsperspektiven.ch\/wp-content\/uploads\/2023\/07\/Schluesselqualifikationen-542x280.jpg 542w, https:\/\/www.contiva-berufsperspektiven.ch\/wp-content\/uploads\/2023\/07\/Schluesselqualifikationen-387x200.jpg 387w, https:\/\/www.contiva-berufsperspektiven.ch\/wp-content\/uploads\/2023\/07\/Schluesselqualifikationen-232x120.jpg 232w\" sizes=\"auto, (max-width: 736px) 100vw, 736px\" alt=\"Contenido Imagen de un participante mirando la pantalla de un ordenador. Un entrenador est\u00e1 sentado a su lado.\"><\/div>\n\t<\/div><\/figure>\n\n<\/div>\n<\/div><div class=\"bde-column-235-111 bde-column\">\n  \n  \n\t\n\n\n\n<div class=\"bde-rich-text-235-112 bde-rich-text breakdance-rich-text-styles\">\n<h3>Cualificaciones clave en la vida laboral diaria<\/h3><p>La falta de cualificaciones clave suele provocar conflictos con empleados individuales o en equipo. Sobre todo cuando se trabaja con empleados poco cualificados, la cooperaci\u00f3n diaria puede resultar dif\u00edcil debido a las diferentes normas y valores. Una intervenci\u00f3n temprana puede mejorar la cooperaci\u00f3n, estabilizar las relaciones laborales y ayudar a evitar despidos.<\/p><p><strong>Nuestros servicios<\/strong><\/p><ul><li>Coaching para individuos y equipos con el objetivo de reflexionar sobre su propio comportamiento y desarrollar valores y normas compartidos.<\/li><li>Cursos en grupo sobre cualificaciones clave como comunicaci\u00f3n o habilidades sociales, lo que debe y no debe hacer la cultura corporativa de su empresa, adaptados a los objetivos y necesidades de su organizaci\u00f3n.<\/li><\/ul>\n<\/div>\n<\/div><\/div><\/div>\n<\/section><section class=\"bde-section-235-113 bde-section bde-preset-84a15dde-f849-469d-bf93-8fff4095fba1\">\n  \n  \n\t\n\n\n\n<div class=\"section-container\"><div class=\"bde-columns-235-114 bde-columns\"><div class=\"bde-column-235-115 bde-column\">\n  \n  \n\t\n\n\n\n<div class=\"bde-image-235-116 bde-image\">\n<figure class=\"breakdance-image breakdance-image--2727\">\n\t<div class=\"breakdance-image-container\">\n\t\t<div class=\"breakdance-image-clip\"><img loading=\"lazy\" decoding=\"async\" class=\"breakdance-image-object\" src=\"https:\/\/www.contiva-berufsperspektiven.ch\/wp-content\/uploads\/2023\/07\/Massgeschneiderte-Angebote.jpg\" width=\"736\" height=\"380\" srcset=\"https:\/\/www.contiva-berufsperspektiven.ch\/wp-content\/uploads\/2023\/07\/Massgeschneiderte-Angebote.jpg 736w, https:\/\/www.contiva-berufsperspektiven.ch\/wp-content\/uploads\/2023\/07\/Massgeschneiderte-Angebote-300x155.jpg 300w, https:\/\/www.contiva-berufsperspektiven.ch\/wp-content\/uploads\/2023\/07\/Massgeschneiderte-Angebote-542x280.jpg 542w, https:\/\/www.contiva-berufsperspektiven.ch\/wp-content\/uploads\/2023\/07\/Massgeschneiderte-Angebote-387x200.jpg 387w, https:\/\/www.contiva-berufsperspektiven.ch\/wp-content\/uploads\/2023\/07\/Massgeschneiderte-Angebote-232x120.jpg 232w\" sizes=\"auto, (max-width: 736px) 100vw, 736px\" alt=\"Contenido Imagen de una persona escribiendo en el teclado de un ordenador. Unas gafas descansan sobre una hoja de papel junto al teclado.\"><\/div>\n\t<\/div><\/figure>\n\n<\/div>\n<\/div><div class=\"bde-column-235-117 bde-column\">\n  \n  \n\t\n\n\n\n<div class=\"bde-rich-text-235-118 bde-rich-text breakdance-rich-text-styles\">\n<h3>Ofertas a medida para empleados y organizaciones<\/h3><p>En Contiva, combinamos muchos a\u00f1os de experiencia de la pr\u00e1ctica, la formaci\u00f3n y el coaching en las \u00e1reas de desarrollo de potencial y procesos de aplicaci\u00f3n, integraci\u00f3n profesional y procesos de RRHH. Junto con usted, desarrollamos soluciones para sus problemas.<\/p><p><strong>Nuestros servicios<\/strong><\/p><ul><li>Coaching y cursos para empleados de todos los niveles, individuales o en grupo, adaptados a sus objetivos.<\/li><li>Apoyo en los procesos de RRHH seleccionados, tanto en t\u00e9rminos de dise\u00f1o como de implementaci\u00f3n.<\/li><\/ul>\n<\/div>\n<\/div><\/div><\/div>\n<\/section><section class=\"bde-section-235-119 bde-section bde-preset-3ab92a40-3606-4a97-a9f9-51273535b49c\">\n              \n  \n  \n\t\n\n\n\n<div class=\"section-container\"><div class=\"bde-columns-235-120 bde-columns\"><div class=\"bde-column-235-121 bde-column\">\n  \n  \n\t\n\n\n\n<h2 class=\"bde-heading-235-123 bde-heading\">\nConsultas\n<\/h2>\n<\/div><div class=\"bde-column-235-122 bde-column\">\n  \n  \n\t\n\n\n\n<div class=\"bde-text-235-124 bde-text\">\nEstaremos encantados de ofrecerle un curso personalizado, coaching o asesoramiento para sus empleados. P\u00f3ngase en contacto con Dorothea Saner Schweizer por tel\u00e9fono en el 061 339 90 02 o por correo electr\u00f3nico.\n<\/div><div class=\"bde-div-235-125 bde-div bde-preset-4d0b34c7-4d84-489f-bb13-f8ff907d8258\">\n  \n  \n\t\n\n\n\n<div class=\"bde-button-235-126 bde-button\">\n    \n                                    \n    \n    \n    \n    \n            \n                    \n            \n            \n\n    \n    \n    \n    \n    \n    <a class=\"breakdance-link button-atom button-atom--primary bde-button__button\" href=\"mailto:d.saner@contiva-berufsperspektiven.ch\" target=\"_self\" data-type=\"url\"  >\n\n    \n        <span class=\"button-atom__text\">correo electr\u00f3nico<\/span>\n\n        \n        \n                <\/a>\n\n    \n\n\n<\/div>\n<\/div>\n<\/div><\/div><\/div>\n<\/section><\/div>","protected":false},"excerpt":{"rendered":"<p>CONTIVA Erfolgreiche Unterst\u00fctzung in schwierigen Situationen Mit fundierter Expertise und jahrelanger Praxiserfahrung unterst\u00fctzen unsere Coaches Ihre Organisation in schwierigen Situationen \u2013 \u00admassgeschneiderte Angebote mit Wirkung im Alltag. Outplacement und Gruppen\u2060\u2060\u2060-\u2060\u2060\u2060OutplacementWir unterst\u00fctzen Organisationen und deren Mitarbeitende, wenn es zu einer Entlassung oder einem gr\u00f6sseren Personalabbau kommt. Einzelne Mitarbeitende oder Gruppen von Angestellten begleiten wir mit einem [&hellip;]<\/p>\n","protected":false},"author":5,"featured_media":0,"parent":0,"menu_order":0,"comment_status":"closed","ping_status":"closed","template":"","meta":{"_acf_changed":false,"_breakdance_hide_in_design_set":false,"_breakdance_tags":"","iawp_total_views":531,"footnotes":""},"class_list":["post-235","page","type-page","status-publish","hentry"],"acf":[],"_links":{"self":[{"href":"https:\/\/www.contiva-berufsperspektiven.ch\/es\/wp-json\/wp\/v2\/pages\/235","targetHints":{"allow":["GET"]}}],"collection":[{"href":"https:\/\/www.contiva-berufsperspektiven.ch\/es\/wp-json\/wp\/v2\/pages"}],"about":[{"href":"https:\/\/www.contiva-berufsperspektiven.ch\/es\/wp-json\/wp\/v2\/types\/page"}],"author":[{"embeddable":true,"href":"https:\/\/www.contiva-berufsperspektiven.ch\/es\/wp-json\/wp\/v2\/users\/5"}],"replies":[{"embeddable":true,"href":"https:\/\/www.contiva-berufsperspektiven.ch\/es\/wp-json\/wp\/v2\/comments?post=235"}],"version-history":[{"count":21,"href":"https:\/\/www.contiva-berufsperspektiven.ch\/es\/wp-json\/wp\/v2\/pages\/235\/revisions"}],"predecessor-version":[{"id":5346,"href":"https:\/\/www.contiva-berufsperspektiven.ch\/es\/wp-json\/wp\/v2\/pages\/235\/revisions\/5346"}],"wp:attachment":[{"href":"https:\/\/www.contiva-berufsperspektiven.ch\/es\/wp-json\/wp\/v2\/media?parent=235"}],"curies":[{"name":"wp","href":"https:\/\/api.w.org\/{rel}","templated":true}]}}