{"id":245,"date":"2023-04-26T13:37:47","date_gmt":"2023-04-26T11:37:47","guid":{"rendered":"https:\/\/www.contiva-berufsperspektiven.ch\/?page_id=245"},"modified":"2024-12-14T11:55:08","modified_gmt":"2024-12-14T10:55:08","slug":"imprimir","status":"publish","type":"page","link":"https:\/\/www.contiva-berufsperspektiven.ch\/es\/impressum\/","title":{"rendered":"Pie de imprenta"},"content":{"rendered":"<div class='breakdance'><div class=\"bde-globalblock-245-102 bde-globalblock\"><div class='breakdance'><section class=\"bde-section-3672-104-3672-1 bde-section no-animation bde-section-3672-104\">\n  \n  \n\t\n\n\n\n<div class=\"section-container\"><div class=\"bde-breadcrumbs-3672-106-3672-1 bde-breadcrumbs bde-breadcrumbs-3672-106\"><nav aria-label=\"pan rallado\" class=\"rank-math-breadcrumb\"><p><span class=\"last\">CONTIVA<\/span><\/p><\/nav><\/div><\/div>\n<\/section><section class=\"bde-section-3672-101-3672-1 bde-section no-animation bde-section-3672-101\">\n  \n  \n\t\n\n\n\n<div class=\"section-container\"><h1 class=\"bde-heading-3672-102-3672-1 bde-heading bde-heading-3672-102\">\nPie de imprenta\n<\/h1><div class=\"bde-text-3672-103-3672-1 bde-text bde-text-3672-103\">\n<p style=\"text-align: left\"><strong>Asociaci\u00f3n Contiva<\/strong><br \/>\nReinacherstrasse 261<br \/>\n4053 Basilea<br \/>\n061 339 90 00<br \/>\ninfo@contiva-berufsperspektiven.ch<br \/>\nwww.contiva-berufsperspektiven.ch<\/p>\n<p style=\"text-align: left\"><strong>Redacci\u00f3n:<\/strong><br \/>\nAsociaci\u00f3n Contiva<\/p>\n<p style=\"text-align: left\"><strong>Fot\u00f3grafo:<\/strong><br \/>\nFriedel Ammann<br \/>\nwww.friedel-ammann.com<\/p>\n<p style=\"text-align: left\"><strong>Texto:<\/strong><br \/>\nThomas Mauch<\/p>\n<p style=\"text-align: left\">Triftig GmbH<br \/>\nRebbergstrasse 7<br \/>\n8037 Z\u00farich<\/p>\n<p style=\"text-align: left\">thomas@triftig.ch<br \/>\nwww.triftig.ch<\/p>\n<p style=\"text-align: left\"><strong>Dise\u00f1o web<\/strong><br \/>\nflink think GmbH, Hohenrainstr. 26c, 4133 Pratteln<br \/>\n061 551 05 07<\/p>\n<p style=\"text-align: left\"><a href=\"https:\/\/www.flinkthink.ch\" target=\"_blank\" rel=\"noopener nofollow\">www.flinkthink.ch<\/a><\/p>\n<p style=\"text-align: left\"><strong>Responsabilidad civil:<\/strong><br \/>\nAunque Contiva pone el m\u00e1ximo cuidado en asegurar la exactitud de la informaci\u00f3n publicada, no se puede dar ninguna garant\u00eda con respecto a la correcci\u00f3n, exactitud, actualidad, fiabilidad e integridad de esta informaci\u00f3n. Contiva se reserva expresamente el derecho a modificar, borrar o no publicar temporalmente contenidos, en su totalidad o en parte, en cualquier momento y sin previo aviso. Quedan excluidas las reclamaciones de responsabilidad contra Contiva por da\u00f1os materiales o inmateriales derivados del acceso a la informaci\u00f3n publicada, de su uso o no uso, del mal uso de la conexi\u00f3n o de fallos t\u00e9cnicos.<\/p>\n<p style=\"text-align: left\"><strong>Referencias y enlaces:<\/strong><br \/>\nLas referencias y enlaces a sitios web de terceros quedan fuera del \u00e1mbito de responsabilidad de la asociaci\u00f3n. El acceso y uso de dichas p\u00e1ginas web se realiza por cuenta y riesgo del usuario. La Asociaci\u00f3n Contiva declara expresamente que no tiene influencia alguna sobre el dise\u00f1o, los contenidos y las ofertas de las p\u00e1ginas enlazadas. La informaci\u00f3n y los servicios de las p\u00e1ginas web enlazadas son responsabilidad exclusiva de los respectivos terceros. Se rechaza cualquier responsabilidad sobre dichas p\u00e1ginas web.<\/p>\n<p style=\"text-align: left\"><strong>Protecci\u00f3n de datos:<\/strong><br \/>\nEn virtud del art\u00edculo 13 de la Constituci\u00f3n Federal suiza y de las disposiciones sobre protecci\u00f3n de datos de la Confederaci\u00f3n Helv\u00e9tica, toda persona tiene derecho a la protecci\u00f3n de su intimidad y a la protecci\u00f3n contra el uso indebido de sus datos personales. Contiva cumple estas disposiciones. Los datos personales se tratan de forma estrictamente confidencial y no se venden ni se transmiten a terceros. En estrecha colaboraci\u00f3n con nuestros proveedores de alojamiento, nos esforzamos por proteger las bases de datos lo mejor posible contra el acceso no autorizado, la p\u00e9rdida, el uso indebido o la falsificaci\u00f3n. Cuando accede a nuestro sitio web, los siguientes datos se almacenan en archivos de registro Direcci\u00f3n IP, fecha, hora, solicitud del navegador e informaci\u00f3n general transmitida sobre el sistema operativo o el navegador. Estos datos de uso constituyen la base de an\u00e1lisis estad\u00edsticos an\u00f3nimos que permiten identificar tendencias, que la Asociaci\u00f3n Contiva puede utilizar para mejorar su oferta en consecuencia. De conformidad con la Ley Federal de Vigilancia del Tr\u00e1fico Postal y de Telecomunicaciones (B\u00dcPF), existe la obligaci\u00f3n legal de conservar los datos de conexi\u00f3n de los \u00faltimos seis meses.<\/p>\n<p style=\"text-align: left\"><strong>Derechos de autor:<\/strong><br \/>\nLa informaci\u00f3n contenida en los sitios web de la asociaci\u00f3n se pone a disposici\u00f3n del p\u00fablico. La descarga o copia de contenidos, im\u00e1genes, fotos u otros archivos no transfiere ning\u00fan derecho sobre los mismos. Los derechos de autor y todos los dem\u00e1s derechos sobre los contenidos, im\u00e1genes, fotos u otros archivos de los sitios web de Contiva pertenecen exclusivamente a Contiva o a los titulares de los derechos espec\u00edficamente mencionados. Para la reproducci\u00f3n de cualquier elemento deber\u00e1 obtenerse previamente el consentimiento por escrito de los titulares de los derechos de autor.<\/p>\n<p style=\"text-align: left\">Asociaci\u00f3n Contiva<br \/>\n<a href=\"mailto:info@contiva-berufsperspektiven.ch\">info@contiva-berufsperspektiven.ch<\/a><br \/>\nAsociaci\u00f3n Contiva<\/p>\n\n<\/div><\/div>\n<\/section><\/div><\/div><\/div>","protected":false},"excerpt":{"rendered":"<p>CONTIVA Impressum Verein Contiva Reinacherstrasse 261 4053 Basel 061 339 90 00 info@contiva-berufsperspektiven.ch www.contiva-berufsperspektiven.ch Redaktion: Verein Contiva Fotograf: Friedel Ammann www.friedel-ammann.com Text: Thomas Mauch Triftig GmbH Rebbergstrasse 7 8037 Z\u00fcrich thomas@triftig.ch www.triftig.ch Webdesign flink think GmbH, Hohenrainstr. 26c, 4133 Pratteln 061 551 05 07 www.flinkthink.ch Haftung: Obwohl der Verein Contiva mit aller Sorgfalt auf die [&hellip;]<\/p>\n","protected":false},"author":5,"featured_media":0,"parent":0,"menu_order":0,"comment_status":"closed","ping_status":"closed","template":"","meta":{"_acf_changed":false,"_breakdance_hide_in_design_set":false,"_breakdance_tags":"","iawp_total_views":190,"footnotes":""},"class_list":["post-245","page","type-page","status-publish","hentry"],"acf":[],"_links":{"self":[{"href":"https:\/\/www.contiva-berufsperspektiven.ch\/es\/wp-json\/wp\/v2\/pages\/245","targetHints":{"allow":["GET"]}}],"collection":[{"href":"https:\/\/www.contiva-berufsperspektiven.ch\/es\/wp-json\/wp\/v2\/pages"}],"about":[{"href":"https:\/\/www.contiva-berufsperspektiven.ch\/es\/wp-json\/wp\/v2\/types\/page"}],"author":[{"embeddable":true,"href":"https:\/\/www.contiva-berufsperspektiven.ch\/es\/wp-json\/wp\/v2\/users\/5"}],"replies":[{"embeddable":true,"href":"https:\/\/www.contiva-berufsperspektiven.ch\/es\/wp-json\/wp\/v2\/comments?post=245"}],"version-history":[{"count":12,"href":"https:\/\/www.contiva-berufsperspektiven.ch\/es\/wp-json\/wp\/v2\/pages\/245\/revisions"}],"predecessor-version":[{"id":4657,"href":"https:\/\/www.contiva-berufsperspektiven.ch\/es\/wp-json\/wp\/v2\/pages\/245\/revisions\/4657"}],"wp:attachment":[{"href":"https:\/\/www.contiva-berufsperspektiven.ch\/es\/wp-json\/wp\/v2\/media?parent=245"}],"curies":[{"name":"wp","href":"https:\/\/api.w.org\/{rel}","templated":true}]}}