{"id":405,"date":"2023-05-01T09:42:43","date_gmt":"2023-05-01T07:42:43","guid":{"rendered":"https:\/\/www.contiva-berufsperspektiven.ch\/?page_id=405"},"modified":"2024-08-14T15:31:41","modified_gmt":"2024-08-14T13:31:41","slug":"trucos-y-consejos","status":"publish","type":"page","link":"https:\/\/www.contiva-berufsperspektiven.ch\/es\/tipps-und-tricks\/","title":{"rendered":"Trucos y consejos"},"content":{"rendered":"<div class='breakdance'><div class=\"bde-globalblock-405-100 bde-globalblock\"><div class='breakdance'><section class=\"bde-section-3672-104-3672-1 bde-section no-animation bde-section-3672-104\">\n  \n  \n\t\n\n\n\n<div class=\"section-container\"><div class=\"bde-breadcrumbs-3672-106-3672-1 bde-breadcrumbs bde-breadcrumbs-3672-106\"><nav aria-label=\"pan rallado\" class=\"rank-math-breadcrumb\"><p><span class=\"last\">CONTIVA<\/span><\/p><\/nav><\/div><\/div>\n<\/section><section class=\"bde-section-3672-101-3672-1 bde-section no-animation bde-section-3672-101\">\n  \n  \n\t\n\n\n\n<div class=\"section-container\"><h1 class=\"bde-heading-3672-102-3672-1 bde-heading bde-heading-3672-102\">\nTrucos y consejos\n<\/h1><div class=\"bde-text-3672-103-3672-1 bde-text bde-text-3672-103\">\n<p>Le ofrecemos una serie de consejos y trucos \u00fatiles para ayudarle a preparar sus documentos de solicitud y prepararse para las entrevistas de trabajo. Tambi\u00e9n le ofrecemos una lista de preguntas frecuentes en las entrevistas de trabajo y consejos para prepararlas.<\/p>\n\n<\/div><\/div>\n<\/section><\/div><\/div><section class=\"bde-section-405-101 bde-section bde-preset-84a15dde-f849-469d-bf93-8fff4095fba1\">\n  \n  \n\t\n\n\n\n<div class=\"section-container\"><div class=\"bde-columns-405-102 bde-columns\"><div class=\"bde-column-405-103 bde-column\">\n  \n  \n\t\n\n\n\n<h2 class=\"bde-heading-405-107 bde-heading\">\n\u00bfPor qu\u00e9 debo crear un perfil en LinkedIn?\n<\/h2>\n<\/div><div class=\"bde-column-405-105 bde-column\">\n  \n  \n\t\n\n\n\n<div class=\"bde-rich-text-405-106 bde-rich-text breakdance-rich-text-styles\">\n<p>Un perfil de LinkedIn ofrece ventajas como la creaci\u00f3n de redes profesionales, oportunidades de empleo, informaci\u00f3n sobre el sector, presencia en l\u00ednea e intercambio de conocimientos. En general, un perfil de LinkedIn puede ayudarte a alcanzar tus objetivos profesionales, descubrir nuevas oportunidades laborales, entablar relaciones profesionales y ampliar tus conocimientos.<\/p>\n<\/div>\n<\/div><\/div><\/div>\n<\/section><section class=\"bde-section-405-108 bde-section bde-preset-84a15dde-f849-469d-bf93-8fff4095fba1\">\n  \n  \n\t\n\n\n\n<div class=\"section-container\"><div class=\"bde-columns-405-109 bde-columns\"><div class=\"bde-column-405-110 bde-column\">\n  \n  \n\t\n\n\n\n<h2 class=\"bde-heading-405-111 bde-heading\">\n\u00bfC\u00f3mo me preparo para una entrevista de trabajo?\n<\/h2>\n<\/div><div class=\"bde-column-405-112 bde-column\">\n  \n  \n\t\n\n\n\n<div class=\"bde-rich-text-405-113 bde-rich-text breakdance-rich-text-styles\">\n<p><strong>T\u00e9cnico<\/strong><\/p><ul><li>Averig\u00fce c\u00f3mo llegar a la empresa; si es necesario, vaya el d\u00eda anterior para familiarizarse y conocer el camino hasta la empresa.<\/li><li>Es mejor llegar demasiado pronto que demasiado tarde. Llegar 10 minutos antes est\u00e1 bien. Pero no llames a la puerta hasta 3 o 5 minutos antes de la hora acordada.<\/li><li>Averig\u00fce con antelaci\u00f3n cu\u00e1nto tiempo puede tardar en llegar desde la recepci\u00f3n\/puerta hasta el lugar de la entrevista; a\u00f1ada este tiempo a su trayecto.<\/li><li>Lleve a la entrevista un expediente completo con sus documentos (aunque ya los haya enviado con su solicitud).<\/li><li>Lleve consigo los siguientes documentos DNI\/tarjeta de identidad de extranjero, tarjeta del seguro de enfermedad, tarjeta bancaria\/datos de la cuenta bancaria, tarjeta del AVS, permiso de conducir.<\/li><li>Lleve su hoja de referencias a la entrevista y entr\u00e9guela cuando se la pidan o al final de la misma.<\/li><li>Ll\u00e9vate un bloc de notas neutro y utensilios de escritura.<\/li><li>Aseg\u00farate de anotar y practicar los nombres de las personas importantes de la empresa que ya conoces y anota los nombres nuevos en tu bloc de notas.<\/li><li>Llame a los presentes por su nombre de vez en cuando durante la conversaci\u00f3n, pero sobre todo al saludar y al despedirse.<\/li><\/ul><p><strong>Personal<\/strong><\/p><ul><li>Piensa en la ropa y el calzado que llevas. V\u00edstete y arr\u00e9glate para tener buen aspecto y sentirte c\u00f3modo. Regla de oro: v\u00edstete como lo har\u00edas si ya estuvieras trabajando all\u00ed. La ropa de colores claros resulta m\u00e1s abierta y atractiva; los colores oscuros resultan elegantes, pero tambi\u00e9n sombr\u00edos.<\/li><li>No lleves joyas llamativas.<\/li><li>Utiliza perfume o aftershave discretamente o prescinde de ellos, pero aparece duchado y bien arreglado.<\/li><li>Evite el ajo el d\u00eda anterior y el olor a caf\u00e9, alcohol o cigarrillos. Si fuma de antemano, no lo haga delante de la entrada de la empresa; en ese caso, llegue un poco antes y pida ir al servicio; l\u00e1vese all\u00ed las manos y refr\u00e9squese.<\/li><li>Ll\u00e9vate pa\u00f1uelos refrescantes; el primer apret\u00f3n de manos deber\u00eda tener un efecto positivo duradero<br \/>Lleva siempre contigo caramelos o, mejor a\u00fan, un irrigador bucal.<\/li><\/ul>\n<\/div>\n<\/div><\/div><\/div>\n<\/section><section class=\"bde-section-405-114 bde-section bde-preset-84a15dde-f849-469d-bf93-8fff4095fba1\">\n  \n  \n\t\n\n\n\n<div class=\"section-container\"><div class=\"bde-columns-405-115 bde-columns\"><div class=\"bde-column-405-116 bde-column\">\n  \n  \n\t\n\n\n\n<h2 class=\"bde-heading-405-117 bde-heading\">\nConsejo para la carta de presentaci\u00f3n de un anuncio\n<\/h2>\n<\/div><div class=\"bde-column-405-118 bde-column\">\n  \n  \n\t\n\n\n\n<div class=\"bde-rich-text-405-119 bde-rich-text breakdance-rich-text-styles\">\n<ul><li>Estructuraci\u00f3n clara y concisa de la carta de solicitud de acuerdo con el <strong>F\u00f3rmula S\/I\/T (t\u00fa-me-conoces)<\/strong>:<br \/>Parte S - Usted: Tu conexi\u00f3n profesional o emocional con la empresa, con el sector<br \/>Parte I - Yo: Sus cualificaciones, su especialidad, posiblemente sus \u00e9xitos<br \/>Parte T - Con\u00f3zcanos: Mi oferta, su beneficio. Solicitud de contacto y reuni\u00f3n personal.<\/li><li>es <strong>significativo<\/strong> formulada; se percibe la <strong>Conexi\u00f3n<\/strong> de su persona con la empresa o el puesto de trabajo<\/li><li>consta de elementos f\u00e1cilmente comprensibles y <strong>frases cortas<\/strong><\/li><li>contiene <strong>sin frases vac\u00edas<\/strong> o frases generales sin sentido<\/li><li>se adapta a su personalidad y estilo<\/li><li>es <strong>sin errores<\/strong><\/li><li>idealmente tiene la longitud de <strong>una p\u00e1gina A4<\/strong>m\u00e1ximo dos p\u00e1ginas<\/li><\/ul><p>Tenga en cuenta los requisitos del anuncio de empleo y de la empresa.<\/p>\n<\/div>\n<\/div><\/div><\/div>\n<\/section><\/div>","protected":false},"excerpt":{"rendered":"<p>CONTIVA Tipps und Tricks Wir stellen Ihnen eine Reihe von n\u00fctzlichen Tipps und Tricks zur Verf\u00fcgung, die Ihnen bei der Erstellung Ihrer Bewerbungsunterlagen und der Vorbereitung auf Bewerbungsgespr\u00e4che helfen k\u00f6nnen. Zudem bieten wir Ihnen eine Liste mit h\u00e4ufig gestellten Fragen in Bewerbungsgespr\u00e4chen und Tipps zur Vorbereitung darauf. Warum sollte ich ein LinkedIn Profil erstellen? Ein [&hellip;]<\/p>\n","protected":false},"author":8,"featured_media":0,"parent":0,"menu_order":0,"comment_status":"closed","ping_status":"closed","template":"","meta":{"_acf_changed":false,"_breakdance_hide_in_design_set":false,"_breakdance_tags":"","iawp_total_views":439,"footnotes":""},"class_list":["post-405","page","type-page","status-publish","hentry"],"acf":[],"_links":{"self":[{"href":"https:\/\/www.contiva-berufsperspektiven.ch\/es\/wp-json\/wp\/v2\/pages\/405","targetHints":{"allow":["GET"]}}],"collection":[{"href":"https:\/\/www.contiva-berufsperspektiven.ch\/es\/wp-json\/wp\/v2\/pages"}],"about":[{"href":"https:\/\/www.contiva-berufsperspektiven.ch\/es\/wp-json\/wp\/v2\/types\/page"}],"author":[{"embeddable":true,"href":"https:\/\/www.contiva-berufsperspektiven.ch\/es\/wp-json\/wp\/v2\/users\/8"}],"replies":[{"embeddable":true,"href":"https:\/\/www.contiva-berufsperspektiven.ch\/es\/wp-json\/wp\/v2\/comments?post=405"}],"version-history":[{"count":7,"href":"https:\/\/www.contiva-berufsperspektiven.ch\/es\/wp-json\/wp\/v2\/pages\/405\/revisions"}],"predecessor-version":[{"id":3959,"href":"https:\/\/www.contiva-berufsperspektiven.ch\/es\/wp-json\/wp\/v2\/pages\/405\/revisions\/3959"}],"wp:attachment":[{"href":"https:\/\/www.contiva-berufsperspektiven.ch\/es\/wp-json\/wp\/v2\/media?parent=405"}],"curies":[{"name":"wp","href":"https:\/\/api.w.org\/{rel}","templated":true}]}}