{"id":4242,"date":"2024-08-22T14:23:40","date_gmt":"2024-08-22T12:23:40","guid":{"rendered":"https:\/\/www.contiva-berufsperspektiven.ch\/?page_id=4242"},"modified":"2025-11-11T20:39:17","modified_gmt":"2025-11-11T19:39:17","slug":"portal-de-empleo","status":"publish","type":"page","link":"https:\/\/www.contiva-berufsperspektiven.ch\/es\/job-portal\/","title":{"rendered":"Portal del empleo"},"content":{"rendered":"<div class='breakdance'><div class=\"bde-globalblock-4242-100 bde-globalblock\"><div class='breakdance'><section class=\"bde-section-3672-104-3672-1 bde-section no-animation bde-section-3672-104\">\n  \n  \n\t\n\n\n\n<div class=\"section-container\"><div class=\"bde-breadcrumbs-3672-106-3672-1 bde-breadcrumbs bde-breadcrumbs-3672-106\"><nav aria-label=\"pan rallado\" class=\"rank-math-breadcrumb\"><p><span class=\"last\">CONTIVA<\/span><\/p><\/nav><\/div><\/div>\n<\/section><section class=\"bde-section-3672-101-3672-1 bde-section no-animation bde-section-3672-101\">\n  \n  \n\t\n\n\n\n<div class=\"section-container\"><h1 class=\"bde-heading-3672-102-3672-1 bde-heading bde-heading-3672-102\">\nPortal del empleo\n<\/h1><div class=\"bde-text-3672-103-3672-1 bde-text bde-text-3672-103\">\n<p>Siempre estamos buscando empleados con talento y comprometidos que compartan nuestra pasi\u00f3n por la innovaci\u00f3n y la calidad. Con nosotros, tendr\u00e1 la oportunidad de trabajar en un entorno din\u00e1mico que fomenta su desarrollo personal y profesional.<\/p>\n\n<\/div><\/div>\n<\/section><\/div><\/div><section class=\"bde-section-4242-101 bde-section\">\n  \n  \n\t\n\n\n\n<div class=\"section-container\"><div class=\"bde-post-list-4242-102 bde-post-list\"><div class=\"bde-loop bde-loop-list ee-posts ee-posts-list\">    <article class=\"bde-loop-item ee-post\">\n        \n        \n        <div class=\"bde-loop-item__wrap ee-post-wrap\">\n            \n                            <h3 class=\"ee-post-title\">\n                    <a class=\"bde-loop-item__title-link ee-post-title-link\" href=\"https:\/\/www.contiva-berufsperspektiven.ch\/es\/stellenangebot\/2-job-coaches-kursleitungen-w-m-d-60-70-arbeitsort-dreispitz-basel\/\" >\n                        2 Job Coaches \/ Kursleitungen (w\/m\/d),     60-70%                    <\/a>\n                <\/h3>\n                            <div class=\"bde-loop-item__post-meta ee-post-meta\">\n                                                                                <span class=\"bde-loop-item__meta-date bde-loop-item__meta-item ee-post-meta-date ee-post-meta-item\">\n                                    24. abril 2026                                <\/span>\n                                                \n                <\/div>\n            \n    \n                                    \n    \n    \n    \n    \n            \n                    \n            \n            \n\n    \n    \n    \n    \n    \n    <a class=\"breakdance-link button-atom button-atom--primary bde-loop-item__button ee-post-button\" href=\"https:\/\/www.contiva-berufsperspektiven.ch\/es\/stellenangebot\/2-job-coaches-kursleitungen-w-m-d-60-70-arbeitsort-dreispitz-basel\/\" target=\"_self\" data-type=\"\"  >\n\n    \n        <span class=\"button-atom__text\">Mostrar oferta de empleo<\/span>\n\n        \n        \n                <\/a>\n\n    \n\n\n\n\n            \n        <\/div>\n\n    <\/article>\n\n<\/div><\/div><\/div>\n<\/section><\/div>","protected":false},"excerpt":{"rendered":"","protected":false},"author":33,"featured_media":0,"parent":0,"menu_order":0,"comment_status":"closed","ping_status":"closed","template":"","meta":{"_acf_changed":false,"_breakdance_hide_in_design_set":false,"_breakdance_tags":"","iawp_total_views":2088,"footnotes":""},"class_list":["post-4242","page","type-page","status-publish","hentry"],"acf":[],"_links":{"self":[{"href":"https:\/\/www.contiva-berufsperspektiven.ch\/es\/wp-json\/wp\/v2\/pages\/4242","targetHints":{"allow":["GET"]}}],"collection":[{"href":"https:\/\/www.contiva-berufsperspektiven.ch\/es\/wp-json\/wp\/v2\/pages"}],"about":[{"href":"https:\/\/www.contiva-berufsperspektiven.ch\/es\/wp-json\/wp\/v2\/types\/page"}],"author":[{"embeddable":true,"href":"https:\/\/www.contiva-berufsperspektiven.ch\/es\/wp-json\/wp\/v2\/users\/33"}],"replies":[{"embeddable":true,"href":"https:\/\/www.contiva-berufsperspektiven.ch\/es\/wp-json\/wp\/v2\/comments?post=4242"}],"version-history":[{"count":16,"href":"https:\/\/www.contiva-berufsperspektiven.ch\/es\/wp-json\/wp\/v2\/pages\/4242\/revisions"}],"predecessor-version":[{"id":4984,"href":"https:\/\/www.contiva-berufsperspektiven.ch\/es\/wp-json\/wp\/v2\/pages\/4242\/revisions\/4984"}],"wp:attachment":[{"href":"https:\/\/www.contiva-berufsperspektiven.ch\/es\/wp-json\/wp\/v2\/media?parent=4242"}],"curies":[{"name":"wp","href":"https:\/\/api.w.org\/{rel}","templated":true}]}}