{"id":4362,"date":"2024-09-10T10:14:35","date_gmt":"2024-09-10T08:14:35","guid":{"rendered":"https:\/\/www.contiva-berufsperspektiven.ch\/?page_id=4362"},"modified":"2024-12-14T16:52:32","modified_gmt":"2024-12-14T15:52:32","slug":"wsi","status":"publish","type":"page","link":"https:\/\/www.contiva-berufsperspektiven.ch\/es\/awa-bs\/wsi\/","title":{"rendered":"Curso WSI"},"content":{"rendered":"<div class='breakdance'><div class=\"bde-globalblock-4362-106 bde-globalblock\"><div class='breakdance'><section class=\"bde-section-3672-104-3672-1 bde-section no-animation bde-section-3672-104\">\n  \n  \n\t\n\n\n\n<div class=\"section-container\"><div class=\"bde-breadcrumbs-3672-106-3672-1 bde-breadcrumbs bde-breadcrumbs-3672-106\"><nav aria-label=\"pan rallado\" class=\"rank-math-breadcrumb\"><p><span class=\"last\">CONTIVA<\/span><\/p><\/nav><\/div><\/div>\n<\/section><section class=\"bde-section-3672-101-3672-1 bde-section no-animation bde-section-3672-101\">\n  \n  \n\t\n\n\n\n<div class=\"section-container\"><h1 class=\"bde-heading-3672-102-3672-1 bde-heading bde-heading-3672-102\">\nWSI\n<\/h1><div class=\"bde-text-3672-103-3672-1 bde-text bde-text-3672-103\">\n\n<\/div><\/div>\n<\/section><\/div><\/div><section class=\"bde-section-4362-100 bde-section bde-preset-a757da71-4efb-4b7c-ac36-4af124f53d48\">\n  \n  \n\t\n\n\n\n<div class=\"section-container\"><div class=\"bde-div-4362-101 bde-div\">\n  \n  \n\t\n\n\n\n<h3 class=\"bde-heading-4362-102 bde-heading\">\nCurso WSI\n<\/h3><div class=\"bde-rich-text-4362-103 bde-rich-text breakdance-rich-text-styles\">\n<p><strong>Participantes<\/strong><br \/>Solicitantes de empleo extranjeros que necesitan una evaluaci\u00f3n de su situaci\u00f3n actual y desean preparar o actualizar sus documentos de solicitud.<\/p><p><strong>Requisitos previos<\/strong><br \/>Los participantes entienden y hablan alem\u00e1n b\u00e1sico. Es posible leer y escribir a un nivel b\u00e1sico.<\/p><p><strong>Objetivos del curso<\/strong><br \/>Los participantes conocen distintas formas de buscar trabajo. Pueden escribir cartas de solicitud sencillas, llamar por tel\u00e9fono y realizar una entrevista de trabajo. Conocen sus posibilidades en el mercado laboral.<\/p><p><strong>Duraci\u00f3n del curso<\/strong><br \/>3 semanas media jornada<\/p><p><strong>P\u00f3ngase en contacto con nosotros<\/strong><br \/>Dorothea Saner Suiza<br \/>+41 61 339 90 02\u00a0<br \/>+41 79 322 22 54<br \/><a href=\"mailto:d.saner@contiva-berufsperspektiven.ch\" target=\"_blank\" rel=\"noopener\">d.saner@contiva-berufsperspektiven.ch<\/a><\/p>\n<\/div><div class=\"bde-div-4362-104 bde-div bde-preset-4d0b34c7-4d84-489f-bb13-f8ff907d8258\">\n  \n  \n\t\n\n\n\n<div class=\"bde-button-4362-105 bde-button\">\n    \n                                    \n    \n    \n    \n    \n            \n                    \n            \n            \n\n    \n    \n    \n    \n    \n    <a class=\"breakdance-link button-atom button-atom--primary bde-button__button\" href=\"https:\/\/www.contiva-berufsperspektiven.ch\/wp-content\/uploads\/2023\/05\/WSI.pdf\" target=\"_blank\" data-type=\"url\"  >\n\n    \n        <span class=\"button-atom__text\">al anuncio del curso<\/span>\n\n        \n        \n                <\/a>\n\n    \n\n\n<\/div>\n<\/div>\n<\/div><\/div>\n<\/section><\/div>","protected":false},"excerpt":{"rendered":"<p>CONTIVA WSI Kurs WSI TeilnehmendeFremdsprachige Stellensuchende, die eine Standortbestimmung brauchen und ihre Bewerbungsunterlagen erarbeiten oder aktualisieren wollen.VoraussetzungenDie Teilnehmenden verstehen und sprechen einfaches Deutsch. Lesen und Schreiben ist in einfachem Rahmen m\u00f6glich.KurszieleDie Teilnehmenden kennen verschiedene Wege der Stellensuche. Sie k\u00f6nnen einfache Bewerbungsbriefe schreiben, telefonieren und ein Vorstellungsgespr\u00e4ch f\u00fchren. Sie kennen Ihre Chancen auf dem Arbeitsmarkt.Kursdauer3 Wochen [&hellip;]<\/p>\n","protected":false},"author":33,"featured_media":0,"parent":571,"menu_order":0,"comment_status":"closed","ping_status":"closed","template":"","meta":{"_acf_changed":false,"_breakdance_hide_in_design_set":false,"_breakdance_tags":"","iawp_total_views":270,"footnotes":""},"class_list":["post-4362","page","type-page","status-publish","hentry"],"acf":[],"_links":{"self":[{"href":"https:\/\/www.contiva-berufsperspektiven.ch\/es\/wp-json\/wp\/v2\/pages\/4362","targetHints":{"allow":["GET"]}}],"collection":[{"href":"https:\/\/www.contiva-berufsperspektiven.ch\/es\/wp-json\/wp\/v2\/pages"}],"about":[{"href":"https:\/\/www.contiva-berufsperspektiven.ch\/es\/wp-json\/wp\/v2\/types\/page"}],"author":[{"embeddable":true,"href":"https:\/\/www.contiva-berufsperspektiven.ch\/es\/wp-json\/wp\/v2\/users\/33"}],"replies":[{"embeddable":true,"href":"https:\/\/www.contiva-berufsperspektiven.ch\/es\/wp-json\/wp\/v2\/comments?post=4362"}],"version-history":[{"count":10,"href":"https:\/\/www.contiva-berufsperspektiven.ch\/es\/wp-json\/wp\/v2\/pages\/4362\/revisions"}],"predecessor-version":[{"id":4708,"href":"https:\/\/www.contiva-berufsperspektiven.ch\/es\/wp-json\/wp\/v2\/pages\/4362\/revisions\/4708"}],"up":[{"embeddable":true,"href":"https:\/\/www.contiva-berufsperspektiven.ch\/es\/wp-json\/wp\/v2\/pages\/571"}],"wp:attachment":[{"href":"https:\/\/www.contiva-berufsperspektiven.ch\/es\/wp-json\/wp\/v2\/media?parent=4362"}],"curies":[{"name":"wp","href":"https:\/\/api.w.org\/{rel}","templated":true}]}}