{"id":4414,"date":"2024-11-27T14:34:35","date_gmt":"2024-11-27T13:34:35","guid":{"rendered":"https:\/\/www.contiva-berufsperspektiven.ch\/?page_id=4414"},"modified":"2026-02-12T21:17:21","modified_gmt":"2026-02-12T20:17:21","slug":"iniciar","status":"publish","type":"page","link":"https:\/\/www.contiva-berufsperspektiven.ch\/es\/jobway-awa-bs\/start\/","title":{"rendered":"Inicio"},"content":{"rendered":"<div class='breakdance'><div class=\"bde-globalblock-4414-100 bde-globalblock\"><div class='breakdance'><section class=\"bde-section-3672-104-3672-1 bde-section no-animation bde-section-3672-104\">\n  \n  \n\t\n\n\n\n<div class=\"section-container\"><div class=\"bde-breadcrumbs-3672-106-3672-1 bde-breadcrumbs bde-breadcrumbs-3672-106\"><nav aria-label=\"pan rallado\" class=\"rank-math-breadcrumb\"><p><span class=\"last\">CONTIVA<\/span><\/p><\/nav><\/div><\/div>\n<\/section><section class=\"bde-section-3672-101-3672-1 bde-section no-animation bde-section-3672-101\">\n  \n  \n\t\n\n\n\n<div class=\"section-container\"><h1 class=\"bde-heading-3672-102-3672-1 bde-heading bde-heading-3672-102\">\nInicio\n<\/h1><div class=\"bde-text-3672-103-3672-1 bde-text bde-text-3672-103\">\n\n<\/div><\/div>\n<\/section><\/div><\/div><section class=\"bde-section-4414-101 bde-section bde-preset-a757da71-4efb-4b7c-ac36-4af124f53d48\">\n  \n  \n\t\n\n\n\n<div class=\"section-container\"><div class=\"bde-div-4414-108 bde-div\">\n  \n  \n\t\n\n\n\n<h3 class=\"bde-heading-4414-109 bde-heading\">\nIniciar la cooperaci\u00f3n\n<\/h3><div class=\"bde-rich-text-4414-110 bde-rich-text breakdance-rich-text-styles\">\n<p><strong>Participantes<\/strong><br \/>Demandantes de empleo de habla alemana (m\u00edn. B1) que deseen beneficiarse de uno o varios programas JOBWAY (m\u00f3dulos de cursos, taller de presentaci\u00f3n de candidaturas, coaching, orientaci\u00f3n profesional, revisi\u00f3n de expedientes).<\/p><p><strong>Requisitos previos<\/strong><br \/>La consultor\u00eda de personal RAV inscribe a los solicitantes de empleo para una entrevista con JOBWAY y env\u00eda a Contiva los documentos de solicitud del cliente.<\/p><p><strong>Objetivo de la entrevista de admisi\u00f3n<\/strong><br \/>El objetivo de la entrevista de admisi\u00f3n es aclarar en detalle qu\u00e9 m\u00f3dulos y\/o apoyo individual necesita el demandante de empleo.<\/p><p><strong>Duraci\u00f3n<\/strong><br \/>La entrevista de admisi\u00f3n dura un m\u00e1ximo de 2 horas y tiene lugar en una fecha reservada individualmente. Una vez que el cliente ha sido aceptado en el programa JOBWAY, el orientador JOBWAY dispone de un total de 4,5 horas de apoyo\/consejo.<\/p><p><strong>P\u00f3ngase en contacto con nosotros<\/strong><br \/>Dorothea Saner Suiza<br \/>+41 61 339 90 02 \/ +41 79 322 22 54<br \/><a class=\"bde-text-link-3517-110 bde-text-link breakdance-link\" href=\"mailto:d.saner@contiva-berufsperspektiven.ch\" target=\"_self\" data-type=\"url\">d.saner@contiva-berufsperspektiven.ch<\/a><\/p>\n<\/div><div class=\"bde-div-4414-111 bde-div bde-preset-4d0b34c7-4d84-489f-bb13-f8ff907d8258\">\n  \n  \n\t\n\n\n\n<div class=\"bde-button-4414-112 bde-button\">\n    \n                                    \n    \n    \n    \n    \n            \n                    \n            \n            \n\n    \n    \n    \n    \n    \n    <a class=\"breakdance-link button-atom button-atom--primary bde-button__button\" href=\"https:\/\/www.contiva-berufsperspektiven.ch\/wp-content\/uploads\/2026\/02\/Contiva-JOBWAY_Beratung-ab-2026.pdf\" target=\"_self\" data-type=\"url\"  >\n\n    \n        <span class=\"button-atom__text\">al anuncio del curso<\/span>\n\n        \n        \n                <\/a>\n\n    \n\n\n<\/div><div class=\"bde-button-4414-113 bde-button\">\n    \n                                    \n    \n    \n    \n    \n            \n                    \n            \n            \n\n    \n    \n    \n    \n    \n    <a class=\"breakdance-link button-atom button-atom--primary bde-button__button\" href=\"https:\/\/www.contiva-berufsperspektiven.ch\/es\/reserva-de-citas\/\" target=\"_self\" data-type=\"url\"  >\n\n    \n        <span class=\"button-atom__text\">Solicitud de cita para la entrevista de admisi\u00f3n<\/span>\n\n        \n        \n                <\/a>\n\n    \n\n\n<\/div>\n<\/div>\n<\/div><\/div>\n<\/section><\/div>","protected":false},"excerpt":{"rendered":"<p>CONTIVA Start Start Zusammenarbeit TeilnehmendeDeutschsprachige Stellensuchende (mind. B1), die eines oder mehrere JOBWAY-Angebote (Kursmodule, Bewerbungswerkstatt, Coaching, Laufbahnberatung, Dossier\u00fcberpr\u00fcfung) in Anspruch nehmen m\u00f6chten.VoraussetzungenDie RAV Personalberatung meldet Stellensuchende f\u00fcr ein Aufnahmegespr\u00e4ch bei JOBWAY an und stellt Contiva die Bewerbungsunterlagen der Klient*innen zu.Ziel des Aufnahmegespr\u00e4chsZiel des Aufnahmegespr\u00e4chs ist eine detaillierte Abkl\u00e4rung, welche Module und\/oder individuelle Begleitung die Stellensuchenden [&hellip;]<\/p>\n","protected":false},"author":34,"featured_media":0,"parent":698,"menu_order":0,"comment_status":"closed","ping_status":"closed","template":"","meta":{"_acf_changed":false,"_breakdance_hide_in_design_set":false,"_breakdance_tags":"","iawp_total_views":468,"footnotes":""},"class_list":["post-4414","page","type-page","status-publish","hentry"],"acf":[],"_links":{"self":[{"href":"https:\/\/www.contiva-berufsperspektiven.ch\/es\/wp-json\/wp\/v2\/pages\/4414","targetHints":{"allow":["GET"]}}],"collection":[{"href":"https:\/\/www.contiva-berufsperspektiven.ch\/es\/wp-json\/wp\/v2\/pages"}],"about":[{"href":"https:\/\/www.contiva-berufsperspektiven.ch\/es\/wp-json\/wp\/v2\/types\/page"}],"author":[{"embeddable":true,"href":"https:\/\/www.contiva-berufsperspektiven.ch\/es\/wp-json\/wp\/v2\/users\/34"}],"replies":[{"embeddable":true,"href":"https:\/\/www.contiva-berufsperspektiven.ch\/es\/wp-json\/wp\/v2\/comments?post=4414"}],"version-history":[{"count":13,"href":"https:\/\/www.contiva-berufsperspektiven.ch\/es\/wp-json\/wp\/v2\/pages\/4414\/revisions"}],"predecessor-version":[{"id":5205,"href":"https:\/\/www.contiva-berufsperspektiven.ch\/es\/wp-json\/wp\/v2\/pages\/4414\/revisions\/5205"}],"up":[{"embeddable":true,"href":"https:\/\/www.contiva-berufsperspektiven.ch\/es\/wp-json\/wp\/v2\/pages\/698"}],"wp:attachment":[{"href":"https:\/\/www.contiva-berufsperspektiven.ch\/es\/wp-json\/wp\/v2\/media?parent=4414"}],"curies":[{"name":"wp","href":"https:\/\/api.w.org\/{rel}","templated":true}]}}