{"id":4424,"date":"2024-11-27T14:44:58","date_gmt":"2024-11-27T13:44:58","guid":{"rendered":"https:\/\/www.contiva-berufsperspektiven.ch\/?page_id=4424"},"modified":"2024-12-14T16:37:37","modified_gmt":"2024-12-14T15:37:37","slug":"coaching-segun-el-wsi","status":"publish","type":"page","link":"https:\/\/www.contiva-berufsperspektiven.ch\/es\/awa-bs\/coaching-nach-wsi\/","title":{"rendered":"Coaching seg\u00fan WSI"},"content":{"rendered":"<div class='breakdance'><div class=\"bde-globalblock-4424-100 bde-globalblock\"><div class='breakdance'><section class=\"bde-section-3672-104-3672-1 bde-section no-animation bde-section-3672-104\">\n  \n  \n\t\n\n\n\n<div class=\"section-container\"><div class=\"bde-breadcrumbs-3672-106-3672-1 bde-breadcrumbs bde-breadcrumbs-3672-106\"><nav aria-label=\"pan rallado\" class=\"rank-math-breadcrumb\"><p><span class=\"last\">CONTIVA<\/span><\/p><\/nav><\/div><\/div>\n<\/section><section class=\"bde-section-3672-101-3672-1 bde-section no-animation bde-section-3672-101\">\n  \n  \n\t\n\n\n\n<div class=\"section-container\"><h1 class=\"bde-heading-3672-102-3672-1 bde-heading bde-heading-3672-102\">\nCoaching seg\u00fan WSI\n<\/h1><div class=\"bde-text-3672-103-3672-1 bde-text bde-text-3672-103\">\n\n<\/div><\/div>\n<\/section><\/div><\/div><section class=\"bde-section-4424-101 bde-section bde-preset-a757da71-4efb-4b7c-ac36-4af124f53d48\">\n  \n  \n\t\n\n\n\n<div class=\"section-container\"><div class=\"bde-div-4424-102 bde-div\">\n  \n  \n\t\n\n\n\n<h3 class=\"bde-heading-4424-103 bde-heading\">\nCoaching seg\u00fan WSI<br>\n<\/h3><div class=\"bde-rich-text-4424-104 bde-rich-text breakdance-rich-text-styles\">\n<p><strong>Participantes<\/strong><br \/>Solicitantes de empleo que necesitan apoyo individual debido a dificultades particulares.<\/p><p><strong>Requisitos previos<\/strong><br \/>Se necesita motivaci\u00f3n y conocimientos suficientes de alem\u00e1n para mantener una conversaci\u00f3n sencilla.<\/p><p><strong>Objetivos del curso<\/strong><br \/>Contiva encuentra soluciones a problemas individuales con la colaboraci\u00f3n activa de sus clientes. El objetivo final es mejorar las oportunidades de los solicitantes de empleo en el mercado laboral.<\/p><p><strong>Duraci\u00f3n del entrenamiento<\/strong><br \/>8 horas de coaching individual repartidas en 3 meses; m\u00e1s o m\u00e1s si es necesario.<\/p><p><strong>P\u00f3ngase en contacto con nosotros<\/strong><br \/>Sabina Cannarozzo<br \/>+41 61 339 90 03<br \/>+41 79 627 51 82<br \/><a href=\"mailto:s.cannarozzo@contiva-berufsperspektiven.ch\" target=\"_blank\" rel=\"noopener\">s.cannarozzo@contiva-berufsperspektiven.ch<\/a><\/p>\n<\/div><div class=\"bde-div-4424-105 bde-div bde-preset-4d0b34c7-4d84-489f-bb13-f8ff907d8258\">\n  \n  \n\t\n\n\n\n<div class=\"bde-button-4424-106 bde-button\">\n    \n                                    \n    \n    \n    \n    \n            \n                    \n            \n            \n\n    \n    \n    \n    \n    \n    <a class=\"breakdance-link button-atom button-atom--primary bde-button__button\" href=\"https:\/\/www.contiva-berufsperspektiven.ch\/wp-content\/uploads\/2023\/05\/Coaching_nach_WSI.pdf\" target=\"_blank\" data-type=\"url\"  >\n\n    \n        <span class=\"button-atom__text\">al anuncio del curso<\/span>\n\n        \n        \n                <\/a>\n\n    \n\n\n<\/div>\n<\/div>\n<\/div><\/div>\n<\/section><\/div>","protected":false},"excerpt":{"rendered":"<p>CONTIVA Coaching nach WSI Coaching nach WSI TeilnehmendeStellensuchende, die aufgrund von besonderen Schwierigkeiten individuelle Unterst\u00fctzung ben\u00f6tigen.VoraussetzungenEs besteht Bedarf, Motivation und gen\u00fcgend Deutschkenntnisse f\u00fcr eine einfache Konversation.KurszieleContiva findet unter aktiver Mitarbeit der Klientinnen und Klienten L\u00f6sungen f\u00fcr individuelle Probleme. Das oberstes Ziel ist, die Chancen der Stellensuchenden auf dem Arbeitsmarkt zu verbessern.Coachingdauer8 Stunden Einzelcoaching verteilt auf [&hellip;]<\/p>\n","protected":false},"author":34,"featured_media":0,"parent":571,"menu_order":0,"comment_status":"closed","ping_status":"closed","template":"","meta":{"_acf_changed":false,"_breakdance_hide_in_design_set":false,"_breakdance_tags":"","iawp_total_views":191,"footnotes":""},"class_list":["post-4424","page","type-page","status-publish","hentry"],"acf":[],"_links":{"self":[{"href":"https:\/\/www.contiva-berufsperspektiven.ch\/es\/wp-json\/wp\/v2\/pages\/4424","targetHints":{"allow":["GET"]}}],"collection":[{"href":"https:\/\/www.contiva-berufsperspektiven.ch\/es\/wp-json\/wp\/v2\/pages"}],"about":[{"href":"https:\/\/www.contiva-berufsperspektiven.ch\/es\/wp-json\/wp\/v2\/types\/page"}],"author":[{"embeddable":true,"href":"https:\/\/www.contiva-berufsperspektiven.ch\/es\/wp-json\/wp\/v2\/users\/34"}],"replies":[{"embeddable":true,"href":"https:\/\/www.contiva-berufsperspektiven.ch\/es\/wp-json\/wp\/v2\/comments?post=4424"}],"version-history":[{"count":5,"href":"https:\/\/www.contiva-berufsperspektiven.ch\/es\/wp-json\/wp\/v2\/pages\/4424\/revisions"}],"predecessor-version":[{"id":4675,"href":"https:\/\/www.contiva-berufsperspektiven.ch\/es\/wp-json\/wp\/v2\/pages\/4424\/revisions\/4675"}],"up":[{"embeddable":true,"href":"https:\/\/www.contiva-berufsperspektiven.ch\/es\/wp-json\/wp\/v2\/pages\/571"}],"wp:attachment":[{"href":"https:\/\/www.contiva-berufsperspektiven.ch\/es\/wp-json\/wp\/v2\/media?parent=4424"}],"curies":[{"name":"wp","href":"https:\/\/api.w.org\/{rel}","templated":true}]}}