{"id":4427,"date":"2024-11-27T14:46:47","date_gmt":"2024-11-27T13:46:47","guid":{"rendered":"https:\/\/www.contiva-berufsperspektiven.ch\/?page_id=4427"},"modified":"2026-01-08T18:45:23","modified_gmt":"2026-01-08T17:45:23","slug":"laboratorio-de-aplicaciones","status":"publish","type":"page","link":"https:\/\/www.contiva-berufsperspektiven.ch\/es\/awa-bs\/bewerbungslabor\/","title":{"rendered":"Laboratorio de aplicaciones"},"content":{"rendered":"<div class='breakdance'><div class=\"bde-globalblock-4427-100 bde-globalblock\"><div class='breakdance'><section class=\"bde-section-3672-104-3672-1 bde-section no-animation bde-section-3672-104\">\n  \n  \n\t\n\n\n\n<div class=\"section-container\"><div class=\"bde-breadcrumbs-3672-106-3672-1 bde-breadcrumbs bde-breadcrumbs-3672-106\"><nav aria-label=\"pan rallado\" class=\"rank-math-breadcrumb\"><p><span class=\"last\">CONTIVA<\/span><\/p><\/nav><\/div><\/div>\n<\/section><section class=\"bde-section-3672-101-3672-1 bde-section no-animation bde-section-3672-101\">\n  \n  \n\t\n\n\n\n<div class=\"section-container\"><h1 class=\"bde-heading-3672-102-3672-1 bde-heading bde-heading-3672-102\">\nLaboratorio de aplicaciones\n<\/h1><div class=\"bde-text-3672-103-3672-1 bde-text bde-text-3672-103\">\n\n<\/div><\/div>\n<\/section><\/div><\/div><section class=\"bde-section-4427-101 bde-section bde-preset-a757da71-4efb-4b7c-ac36-4af124f53d48\">\n  \n  \n\t\n\n\n\n<div class=\"section-container\"><div class=\"bde-div-4427-102 bde-div\">\n  \n  \n\t\n\n\n\n<h3 class=\"bde-heading-4427-103 bde-heading\">\nLaboratorio de aplicaciones\n<\/h3><div class=\"bde-rich-text-4427-104 bde-rich-text breakdance-rich-text-styles\">\n<p data-start=\"250\" data-end=\"268\"><strong>Participantes<\/strong><\/p><p data-start=\"269\" data-end=\"291\">Demandantes de empleo que<\/p><ul><li data-start=\"294\" data-end=\"440\">quieren presentar su solicitud utilizando medios basados en im\u00e1genes, especialmente con un v\u00eddeo de solicitud como aut\u00e9ntico complemento a los documentos tradicionales.<\/li><li data-start=\"443\" data-end=\"502\">est\u00e1n abiertos a formas de aplicaci\u00f3n alternativas y creativas.<\/li><li data-start=\"505\" data-end=\"598\">desean contenidos y\/o apoyo t\u00e9cnico para su presentaci\u00f3n personal.<\/li><\/ul><p data-start=\"600\" data-end=\"621\"><strong>Requisitos previos<\/strong><\/p><p>Los participantes tienen un expediente de candidatura cl\u00e1sico (CV, carta de motivaci\u00f3n) y una estrategia de candidatura clara.<\/p><p>Tiene buenos conocimientos de PC y smartphone, trabaja de forma independiente, est\u00e1 muy motivado y dispuesto a trabajar activamente en su presentaci\u00f3n personal.<\/p><p data-start=\"921\" data-end=\"936\"><strong>Objetivos del curso<\/strong><\/p><p>Los solicitantes de empleo elaboran un v\u00eddeo de solicitud de 1-2 minutos en el que se presentan con confianza y autenticidad.<\/p><p>Aumentan sus competencias medi\u00e1ticas, su autoeficacia y adaptan su estrategia de aplicaci\u00f3n a las tendencias modernas de aplicaci\u00f3n.<\/p><p data-start=\"1192\" data-end=\"1207\"><strong>Duraci\u00f3n del curso<\/strong><\/p><p>El m\u00f3dulo dura 4 semanas y tiene lugar una vez a la semana (mi\u00e9rcoles por la ma\u00f1ana o por la tarde).<\/p><p data-start=\"1317\" data-end=\"1330\"><strong>Nota<\/strong><\/p><p>El v\u00eddeo de aplicaci\u00f3n es el producto concreto del m\u00f3dulo.<\/p><p>Los propios demandantes de empleo deciden c\u00f3mo utilizarlos (por ejemplo, como c\u00f3digo QR en el CV, como archivo adjunto o como formaci\u00f3n para entrevistas en l\u00ednea con horario desplazado).<\/p><p><strong>P\u00f3ngase en contacto con nosotros<\/strong><br \/>Dorothea Saner Suiza<br \/>+ 41 61 339 90 02 \/ +41 79 322 22 54\u00a0<br \/><a href=\"mailto:d.saner@contiva-berufsperspektiven.ch\">d.saner@contiva-berufsperspektiven.ch<\/a><\/p>\n<\/div><div class=\"bde-div-4427-105 bde-div bde-preset-4d0b34c7-4d84-489f-bb13-f8ff907d8258\">\n  \n  \n\t\n\n\n\n<div class=\"bde-button-4427-106 bde-button\">\n    \n                                    \n    \n    \n    \n    \n            \n                    \n            \n            \n\n    \n    \n    \n    \n    \n    <a class=\"breakdance-link button-atom button-atom--primary bde-button__button\" href=\"https:\/\/www.contiva-berufsperspektiven.ch\/wp-content\/uploads\/2026\/01\/Contiva-Modul_Bewerbungslabor-ab-2026_29.09.2025.pdf\" target=\"_blank\" data-type=\"url\"  >\n\n    \n        <span class=\"button-atom__text\">al anuncio del curso<\/span>\n\n        \n        \n                <\/a>\n\n    \n\n\n<\/div>\n<\/div>\n<\/div><\/div>\n<\/section><\/div>","protected":false},"excerpt":{"rendered":"<p>CONTIVA Bewerbungslabor Bewerbungslabor TeilnehmendeStellensuchende, diesich mittels bildbezogener Medien bewerben m\u00f6chten, insbesondere mit einem Bewerbungsvideo als authentische Erg\u00e4nzung zu klassischen Unterlagen.offen f\u00fcr alternative und kreative Bewerbungsformen sind.inhaltliche und\/oder technische Unterst\u00fctzung bei ihrer pers\u00f6nlichen Pr\u00e4sentation w\u00fcnschen.VoraussetzungenDie Teilnehmenden verf\u00fcgen \u00fcber ein klassisches Bewerbungsdossier (Lebenslauf, Motivationsschreiben) und eine klare Bewerbungsstrategie.Sie besitzen gute PC- und Smartphone-Kenntnisse, arbeiten selbst\u00e4ndig, sind hoch [&hellip;]<\/p>\n","protected":false},"author":34,"featured_media":0,"parent":571,"menu_order":0,"comment_status":"closed","ping_status":"closed","template":"","meta":{"_acf_changed":false,"_breakdance_hide_in_design_set":false,"_breakdance_tags":"","iawp_total_views":213,"footnotes":""},"class_list":["post-4427","page","type-page","status-publish","hentry"],"acf":[],"_links":{"self":[{"href":"https:\/\/www.contiva-berufsperspektiven.ch\/es\/wp-json\/wp\/v2\/pages\/4427","targetHints":{"allow":["GET"]}}],"collection":[{"href":"https:\/\/www.contiva-berufsperspektiven.ch\/es\/wp-json\/wp\/v2\/pages"}],"about":[{"href":"https:\/\/www.contiva-berufsperspektiven.ch\/es\/wp-json\/wp\/v2\/types\/page"}],"author":[{"embeddable":true,"href":"https:\/\/www.contiva-berufsperspektiven.ch\/es\/wp-json\/wp\/v2\/users\/34"}],"replies":[{"embeddable":true,"href":"https:\/\/www.contiva-berufsperspektiven.ch\/es\/wp-json\/wp\/v2\/comments?post=4427"}],"version-history":[{"count":14,"href":"https:\/\/www.contiva-berufsperspektiven.ch\/es\/wp-json\/wp\/v2\/pages\/4427\/revisions"}],"predecessor-version":[{"id":5179,"href":"https:\/\/www.contiva-berufsperspektiven.ch\/es\/wp-json\/wp\/v2\/pages\/4427\/revisions\/5179"}],"up":[{"embeddable":true,"href":"https:\/\/www.contiva-berufsperspektiven.ch\/es\/wp-json\/wp\/v2\/pages\/571"}],"wp:attachment":[{"href":"https:\/\/www.contiva-berufsperspektiven.ch\/es\/wp-json\/wp\/v2\/media?parent=4427"}],"curies":[{"name":"wp","href":"https:\/\/api.w.org\/{rel}","templated":true}]}}