{"id":4430,"date":"2024-11-27T14:49:03","date_gmt":"2024-11-27T13:49:03","guid":{"rendered":"https:\/\/www.contiva-berufsperspektiven.ch\/?page_id=4430"},"modified":"2026-02-12T21:36:43","modified_gmt":"2026-02-12T20:36:43","slug":"taller-de-solicitud","status":"publish","type":"page","link":"https:\/\/www.contiva-berufsperspektiven.ch\/es\/awa-bs\/bewerbungswerkstatt\/","title":{"rendered":"Taller de aplicaci\u00f3n"},"content":{"rendered":"<div class='breakdance'><div class=\"bde-globalblock-4430-100 bde-globalblock\"><div class='breakdance'><section class=\"bde-section-3672-104-3672-1 bde-section no-animation bde-section-3672-104\">\n  \n  \n\t\n\n\n\n<div class=\"section-container\"><div class=\"bde-breadcrumbs-3672-106-3672-1 bde-breadcrumbs bde-breadcrumbs-3672-106\"><nav aria-label=\"pan rallado\" class=\"rank-math-breadcrumb\"><p><span class=\"last\">CONTIVA<\/span><\/p><\/nav><\/div><\/div>\n<\/section><section class=\"bde-section-3672-101-3672-1 bde-section no-animation bde-section-3672-101\">\n  \n  \n\t\n\n\n\n<div class=\"section-container\"><h1 class=\"bde-heading-3672-102-3672-1 bde-heading bde-heading-3672-102\">\nTaller de aplicaci\u00f3n\n<\/h1><div class=\"bde-text-3672-103-3672-1 bde-text bde-text-3672-103\">\n\n<\/div><\/div>\n<\/section><\/div><\/div><section class=\"bde-section-4430-101 bde-section bde-preset-a757da71-4efb-4b7c-ac36-4af124f53d48\">\n  \n  \n\t\n\n\n\n<div class=\"section-container\"><div class=\"bde-div-4430-102 bde-div\">\n  \n  \n\t\n\n\n\n<h3 class=\"bde-heading-4430-103 bde-heading\">\nTaller de presentaci\u00f3n de candidaturas para funcionarios interinos (VBBW)\n<\/h3><div class=\"bde-rich-text-4430-104 bde-rich-text breakdance-rich-text-styles\">\n<p><strong>Participantes<\/strong><br \/>asegurados que ejercen un empleo temporal en la administraci\u00f3n cantonal (exclusivamente misiones individuales).<\/p><p><strong>Requisitos previos<\/strong><br \/>Los participantes disponen de un expediente de candidatura completo.<\/p><p><strong>Objetivos<\/strong><br \/>Die Teilnehmenden \u2026<\/p><ul><li>optimieren ihre Bewerbungsunterlagen und passen sie den Stellenausschreibungen an.<\/li><li>bleiben aktiv im Bewerbungsprozess, auch w\u00e4hrend einer vor\u00fcbergehenden Besch\u00e4ftigung.<\/li><li>lernen, Stelleninserate richtig zu lesen und mit ihrem Kompetenzprofil abzugleichen.<\/li><li>beurteilen Stellenangebote und informieren sich \u00fcber Chancen auf dem Arbeitsmarkt.<\/li><li>bewerben sich laufend auf passende Stellen.<\/li><\/ul><p><strong>Duraci\u00f3n<\/strong><br \/>Durante 12 semanas, los lunes de 12.15 a 13.45 o los martes de 18.00 a 19.30.<\/p><p><strong>P\u00f3ngase en contacto con nosotros<\/strong><br \/>Dorothea Saner Suiza<br \/>+41 61 339 90 02 \/ +41 79 322 22 54<br \/><a class=\"bde-text-link-3517-110 bde-text-link breakdance-link\" href=\"mailto:d.saner@contiva-berufsperspektiven.ch\" target=\"_self\" data-type=\"url\">d.saner@contiva-berufsperspektiven.ch<\/a><\/p><p>\u00a0<\/p>\n<\/div><div class=\"bde-div-4430-105 bde-div bde-preset-4d0b34c7-4d84-489f-bb13-f8ff907d8258\">\n  \n  \n\t\n\n\n\n<div class=\"bde-button-4430-106 bde-button\">\n    \n                                    \n    \n    \n    \n    \n            \n                    \n            \n            \n\n    \n    \n    \n    \n    \n    <a class=\"breakdance-link button-atom button-atom--primary bde-button__button\" href=\"https:\/\/www.contiva-berufsperspektiven.ch\/wp-content\/uploads\/2026\/02\/Contiva-JOBWAY_Bewerbungswerkstatt-ab-2026.pdf\" target=\"_blank\" data-type=\"url\"  >\n\n    \n        <span class=\"button-atom__text\">al anuncio del curso<\/span>\n\n        \n        \n                <\/a>\n\n    \n\n\n<\/div>\n<\/div>\n<\/div><\/div>\n<\/section><\/div>","protected":false},"excerpt":{"rendered":"<p>CONTIVA Bewerbungswerkstatt Bewerbungswerkstatt f\u00fcr vor\u00fcbergehend Besch\u00e4ftigte beim Staat (VBBW) TeilnehmendeVersicherte, die sich in einer vor\u00fcbergehenden Besch\u00e4ftigung in der kantonalen Verwaltung (ausschliesslich Einzeleins\u00e4tze) befinden.VoraussetzungenDie Teilnehmenden verf\u00fcgen \u00fcber ein komplettes Bewerbungsdossier.ZieleDie Teilnehmenden \u2026optimieren ihre Bewerbungsunterlagen und passen sie den Stellenausschreibungen an.bleiben aktiv im Bewerbungsprozess, auch w\u00e4hrend einer vor\u00fcbergehenden Besch\u00e4ftigung.lernen, Stelleninserate richtig zu lesen und mit ihrem Kompetenzprofil [&hellip;]<\/p>\n","protected":false},"author":34,"featured_media":0,"parent":571,"menu_order":0,"comment_status":"closed","ping_status":"closed","template":"","meta":{"_acf_changed":false,"_breakdance_hide_in_design_set":false,"_breakdance_tags":"","iawp_total_views":163,"footnotes":""},"class_list":["post-4430","page","type-page","status-publish","hentry"],"acf":[],"_links":{"self":[{"href":"https:\/\/www.contiva-berufsperspektiven.ch\/es\/wp-json\/wp\/v2\/pages\/4430","targetHints":{"allow":["GET"]}}],"collection":[{"href":"https:\/\/www.contiva-berufsperspektiven.ch\/es\/wp-json\/wp\/v2\/pages"}],"about":[{"href":"https:\/\/www.contiva-berufsperspektiven.ch\/es\/wp-json\/wp\/v2\/types\/page"}],"author":[{"embeddable":true,"href":"https:\/\/www.contiva-berufsperspektiven.ch\/es\/wp-json\/wp\/v2\/users\/34"}],"replies":[{"embeddable":true,"href":"https:\/\/www.contiva-berufsperspektiven.ch\/es\/wp-json\/wp\/v2\/comments?post=4430"}],"version-history":[{"count":9,"href":"https:\/\/www.contiva-berufsperspektiven.ch\/es\/wp-json\/wp\/v2\/pages\/4430\/revisions"}],"predecessor-version":[{"id":5217,"href":"https:\/\/www.contiva-berufsperspektiven.ch\/es\/wp-json\/wp\/v2\/pages\/4430\/revisions\/5217"}],"up":[{"embeddable":true,"href":"https:\/\/www.contiva-berufsperspektiven.ch\/es\/wp-json\/wp\/v2\/pages\/571"}],"wp:attachment":[{"href":"https:\/\/www.contiva-berufsperspektiven.ch\/es\/wp-json\/wp\/v2\/media?parent=4430"}],"curies":[{"name":"wp","href":"https:\/\/api.w.org\/{rel}","templated":true}]}}