{"id":4456,"date":"2024-11-27T15:11:21","date_gmt":"2024-11-27T14:11:21","guid":{"rendered":"https:\/\/www.contiva-berufsperspektiven.ch\/?page_id=4456"},"modified":"2024-12-14T16:48:30","modified_gmt":"2024-12-14T15:48:30","slug":"coaching-de-aplicaciones","status":"publish","type":"page","link":"https:\/\/www.contiva-berufsperspektiven.ch\/es\/invalidenversicherung\/bewerbungscoaching\/","title":{"rendered":"Orientaci\u00f3n para la solicitud de empleo"},"content":{"rendered":"<div class='breakdance'><div class=\"bde-globalblock-4456-100 bde-globalblock\"><div class='breakdance'><section class=\"bde-section-3672-104-3672-1 bde-section no-animation bde-section-3672-104\">\n  \n  \n\t\n\n\n\n<div class=\"section-container\"><div class=\"bde-breadcrumbs-3672-106-3672-1 bde-breadcrumbs bde-breadcrumbs-3672-106\"><nav aria-label=\"pan rallado\" class=\"rank-math-breadcrumb\"><p><span class=\"last\">CONTIVA<\/span><\/p><\/nav><\/div><\/div>\n<\/section><section class=\"bde-section-3672-101-3672-1 bde-section no-animation bde-section-3672-101\">\n  \n  \n\t\n\n\n\n<div class=\"section-container\"><h1 class=\"bde-heading-3672-102-3672-1 bde-heading bde-heading-3672-102\">\nOrientaci\u00f3n para la solicitud de empleo\n<\/h1><div class=\"bde-text-3672-103-3672-1 bde-text bde-text-3672-103\">\n\n<\/div><\/div>\n<\/section><\/div><\/div><section class=\"bde-section-4456-101 bde-section\">\n  \n  \n\t\n\n\n\n<div class=\"section-container\"><div class=\"bde-div-4456-102 bde-div\">\n  \n  \n\t\n\n\n\n<h3 class=\"bde-heading-4456-103 bde-heading\">\nOrientaci\u00f3n para la solicitud de empleo\n<\/h3><div class=\"bde-rich-text-4456-104 bde-rich-text breakdance-rich-text-styles\">\n<p><strong>Participantes<\/strong><br \/>Personas aseguradas por el IV que buscan empleo.<\/p><p><strong>Requisitos previos<\/strong><\/p><ul><li>Se han aclarado los resultados en relaci\u00f3n con el mercado de trabajo primario.<\/li><li>Las personas aseguradas IV tienen un conocimiento m\u00ednimo de alem\u00e1n (tambi\u00e9n es posible el coaching en E, F e I a petici\u00f3n).<\/li><li>Est\u00e1n motivados.<\/li><\/ul><p><strong>Objetivos<\/strong><br \/>En el coaching para la solicitud de empleo, los asegurados IV desarrollan una apariencia convincente para el mercado laboral y para empezar a trabajar. Han desarrollado una estrategia de solicitud, preparado los documentos de solicitud y practicado para las entrevistas de trabajo.<\/p><p><strong>N\u00famero de horas<\/strong><br \/>20<\/p><p><strong>Duraci\u00f3n<\/strong><br \/>3 meses<\/p><p><strong>P\u00f3ngase en contacto con nosotros<\/strong><br \/>Sabina Cannarozzo<br \/>+41 61 339 90 03<br \/>+41 79 627 51 82<br \/><a href=\"mailto:s.cannarozzo@contiva-berufsperspektiven.ch\">s.cannarozzo@contiva-berufsperspektiven.ch<\/a><\/p>\n<\/div>\n<\/div><\/div>\n<\/section><\/div>","protected":false},"excerpt":{"rendered":"<p>CONTIVA Bewerbungscoaching Bewerbungscoaching TeilnehmendeIV-Versicherte, die eine Stelle suchen.VoraussetzungenDie Leistungsf\u00e4higkeit in Bezug auf den ersten Arbeitsmarkt ist gekl\u00e4rt.Die IV-Versicherten verf\u00fcgen \u00fcber minimale Deutschkenntnisse (auf Anfrage Coaching auch in E, F und I m\u00f6glich).Sie sind motiviert.ZieleDie IV-Versicherten erarbeiten im Bewerbungscoaching einen \u00fcberzeugender Auftritt f\u00fcr den Arbeitsmarkt und f\u00fcr den Stellenantritt. Sie haben eine Bewerbungsstrategie entwickelt, Bewerbungsunterlagen erstellt [&hellip;]<\/p>\n","protected":false},"author":34,"featured_media":0,"parent":892,"menu_order":0,"comment_status":"closed","ping_status":"closed","template":"","meta":{"_acf_changed":false,"_breakdance_hide_in_design_set":false,"_breakdance_tags":"","iawp_total_views":130,"footnotes":""},"class_list":["post-4456","page","type-page","status-publish","hentry"],"acf":[],"_links":{"self":[{"href":"https:\/\/www.contiva-berufsperspektiven.ch\/es\/wp-json\/wp\/v2\/pages\/4456","targetHints":{"allow":["GET"]}}],"collection":[{"href":"https:\/\/www.contiva-berufsperspektiven.ch\/es\/wp-json\/wp\/v2\/pages"}],"about":[{"href":"https:\/\/www.contiva-berufsperspektiven.ch\/es\/wp-json\/wp\/v2\/types\/page"}],"author":[{"embeddable":true,"href":"https:\/\/www.contiva-berufsperspektiven.ch\/es\/wp-json\/wp\/v2\/users\/34"}],"replies":[{"embeddable":true,"href":"https:\/\/www.contiva-berufsperspektiven.ch\/es\/wp-json\/wp\/v2\/comments?post=4456"}],"version-history":[{"count":4,"href":"https:\/\/www.contiva-berufsperspektiven.ch\/es\/wp-json\/wp\/v2\/pages\/4456\/revisions"}],"predecessor-version":[{"id":4700,"href":"https:\/\/www.contiva-berufsperspektiven.ch\/es\/wp-json\/wp\/v2\/pages\/4456\/revisions\/4700"}],"up":[{"embeddable":true,"href":"https:\/\/www.contiva-berufsperspektiven.ch\/es\/wp-json\/wp\/v2\/pages\/892"}],"wp:attachment":[{"href":"https:\/\/www.contiva-berufsperspektiven.ch\/es\/wp-json\/wp\/v2\/media?parent=4456"}],"curies":[{"name":"wp","href":"https:\/\/api.w.org\/{rel}","templated":true}]}}