{"id":4462,"date":"2024-11-27T15:16:26","date_gmt":"2024-11-27T14:16:26","guid":{"rendered":"https:\/\/www.contiva-berufsperspektiven.ch\/?page_id=4462"},"modified":"2024-12-14T16:49:53","modified_gmt":"2024-12-14T15:49:53","slug":"coaching-individual","status":"publish","type":"page","link":"https:\/\/www.contiva-berufsperspektiven.ch\/es\/invalidenversicherung\/individuelles-coaching\/","title":{"rendered":"Entrenamiento individual"},"content":{"rendered":"<div class='breakdance'><div class=\"bde-globalblock-4462-100 bde-globalblock\"><div class='breakdance'><section class=\"bde-section-3672-104-3672-1 bde-section no-animation bde-section-3672-104\">\n  \n  \n\t\n\n\n\n<div class=\"section-container\"><div class=\"bde-breadcrumbs-3672-106-3672-1 bde-breadcrumbs bde-breadcrumbs-3672-106\"><nav aria-label=\"pan rallado\" class=\"rank-math-breadcrumb\"><p><span class=\"last\">CONTIVA<\/span><\/p><\/nav><\/div><\/div>\n<\/section><section class=\"bde-section-3672-101-3672-1 bde-section no-animation bde-section-3672-101\">\n  \n  \n\t\n\n\n\n<div class=\"section-container\"><h1 class=\"bde-heading-3672-102-3672-1 bde-heading bde-heading-3672-102\">\nEntrenamiento individual\n<\/h1><div class=\"bde-text-3672-103-3672-1 bde-text bde-text-3672-103\">\n\n<\/div><\/div>\n<\/section><\/div><\/div><section class=\"bde-section-4462-101 bde-section bde-preset-a757da71-4efb-4b7c-ac36-4af124f53d48\">\n  \n  \n\t\n\n\n\n<div class=\"section-container\"><div class=\"bde-div-4462-102 bde-div\">\n  \n  \n\t\n\n\n\n<h3 class=\"bde-heading-4462-103 bde-heading\">\nEntrenamiento individual\n<\/h3><div class=\"bde-rich-text-4462-104 bde-rich-text breakdance-rich-text-styles\">\n<p><strong>Participantes<\/strong><br \/>asegurados IV que necesitan un asesoramiento individualizado debido a su situaci\u00f3n especial.<\/p><p><strong>Requisitos previos<\/strong><\/p><ul><li>Se aclaran las necesidades individuales de coaching.<\/li><li>Las personas aseguradas IV tienen un conocimiento m\u00ednimo de alem\u00e1n (tambi\u00e9n es posible el coaching en E, F e I a petici\u00f3n).<\/li><li>Est\u00e1n motivados.<\/li><\/ul><p><strong>Objetivos<\/strong><br \/>Contiva trabaja con los asegurados de IV para desarrollar soluciones a sus dificultades individuales espec\u00edficas, como problemas de salud complejos no resueltos, actitudes o comportamientos problem\u00e1ticos o problemas familiares.<\/p><p><strong>N\u00famero de horas<\/strong><br \/>25<\/p><p><strong>Duraci\u00f3n<\/strong><br \/>3 meses<\/p><p><strong>P\u00f3ngase en contacto con nosotros<\/strong><br \/>Sabina Cannarozzo<br \/>+41 61 339 90 03<br \/>+41 79 627 51 82<br \/><a href=\"mailto:s.cannarozzo@contiva-berufsperspektiven.ch\">s.cannarozzo@contiva-berufsperspektiven.ch<\/a><\/p>\n<\/div>\n<\/div><\/div>\n<\/section><\/div>","protected":false},"excerpt":{"rendered":"<p>CONTIVA Individuelles Coaching Individuelles Coaching TeilnehmendeIV-Versicherte, die aufgrund ihrer besonderen Situation ein individuelles Coaching brauchen.VoraussetzungenDer individuelle Coaching-Bedarf ist gekl\u00e4rt.Die IV-Versicherten verf\u00fcgen \u00fcber minimale Deutschkenntnisse (auf Anfrage Coaching auch in E, F und I m\u00f6glich).Sie sind motiviert.ZieleContiva entwickelt zusammen mit den IV-Versicherten L\u00f6sungen f\u00fcr ihre besonderen individuellen Schwierigkeiten \u2013 wie z.B. ungel\u00f6ste komplexe Gesundheitsprobleme, problematische Einstellungen [&hellip;]<\/p>\n","protected":false},"author":34,"featured_media":0,"parent":892,"menu_order":0,"comment_status":"closed","ping_status":"closed","template":"","meta":{"_acf_changed":false,"_breakdance_hide_in_design_set":false,"_breakdance_tags":"","iawp_total_views":140,"footnotes":""},"class_list":["post-4462","page","type-page","status-publish","hentry"],"acf":[],"_links":{"self":[{"href":"https:\/\/www.contiva-berufsperspektiven.ch\/es\/wp-json\/wp\/v2\/pages\/4462","targetHints":{"allow":["GET"]}}],"collection":[{"href":"https:\/\/www.contiva-berufsperspektiven.ch\/es\/wp-json\/wp\/v2\/pages"}],"about":[{"href":"https:\/\/www.contiva-berufsperspektiven.ch\/es\/wp-json\/wp\/v2\/types\/page"}],"author":[{"embeddable":true,"href":"https:\/\/www.contiva-berufsperspektiven.ch\/es\/wp-json\/wp\/v2\/users\/34"}],"replies":[{"embeddable":true,"href":"https:\/\/www.contiva-berufsperspektiven.ch\/es\/wp-json\/wp\/v2\/comments?post=4462"}],"version-history":[{"count":4,"href":"https:\/\/www.contiva-berufsperspektiven.ch\/es\/wp-json\/wp\/v2\/pages\/4462\/revisions"}],"predecessor-version":[{"id":4704,"href":"https:\/\/www.contiva-berufsperspektiven.ch\/es\/wp-json\/wp\/v2\/pages\/4462\/revisions\/4704"}],"up":[{"embeddable":true,"href":"https:\/\/www.contiva-berufsperspektiven.ch\/es\/wp-json\/wp\/v2\/pages\/892"}],"wp:attachment":[{"href":"https:\/\/www.contiva-berufsperspektiven.ch\/es\/wp-json\/wp\/v2\/media?parent=4462"}],"curies":[{"name":"wp","href":"https:\/\/api.w.org\/{rel}","templated":true}]}}