{"id":4466,"date":"2024-11-27T15:18:52","date_gmt":"2024-11-27T14:18:52","guid":{"rendered":"https:\/\/www.contiva-berufsperspektiven.ch\/?page_id=4466"},"modified":"2024-12-19T16:07:14","modified_gmt":"2024-12-19T15:07:14","slug":"busqueda-activa-de-empleo","status":"publish","type":"page","link":"https:\/\/www.contiva-berufsperspektiven.ch\/es\/invalidenversicherung\/aktive-stellensuche\/","title":{"rendered":"B\u00fasqueda activa de empleo"},"content":{"rendered":"<div class='breakdance'><div class=\"bde-globalblock-4466-100 bde-globalblock\"><div class='breakdance'><section class=\"bde-section-3672-104-3672-1 bde-section no-animation bde-section-3672-104\">\n  \n  \n\t\n\n\n\n<div class=\"section-container\"><div class=\"bde-breadcrumbs-3672-106-3672-1 bde-breadcrumbs bde-breadcrumbs-3672-106\"><nav aria-label=\"pan rallado\" class=\"rank-math-breadcrumb\"><p><span class=\"last\">CONTIVA<\/span><\/p><\/nav><\/div><\/div>\n<\/section><section class=\"bde-section-3672-101-3672-1 bde-section no-animation bde-section-3672-101\">\n  \n  \n\t\n\n\n\n<div class=\"section-container\"><h1 class=\"bde-heading-3672-102-3672-1 bde-heading bde-heading-3672-102\">\nB\u00fasqueda activa de empleo\n<\/h1><div class=\"bde-text-3672-103-3672-1 bde-text bde-text-3672-103\">\n\n<\/div><\/div>\n<\/section><\/div><\/div><section class=\"bde-section-4466-101 bde-section bde-preset-a757da71-4efb-4b7c-ac36-4af124f53d48\">\n  \n  \n\t\n\n\n\n<div class=\"section-container\"><div class=\"bde-div-4466-102 bde-div\">\n  \n  \n\t\n\n\n\n<h3 class=\"bde-heading-4466-103 bde-heading\">\nCoaching individual con b\u00fasqueda activa de empleo\n<\/h3><div class=\"bde-rich-text-4466-104 bde-rich-text breakdance-rich-text-styles\">\n<p><strong>Participantes<\/strong><br \/>asegurados IV que necesitan un acompa\u00f1amiento individualizado en su b\u00fasqueda de empleo.<\/p><p><strong>Requisitos previos<\/strong><\/p><ul><li>Los resultados en el mercado de trabajo primario se han aclarado o a\u00fan deben aclararse.<\/li><li>Las personas aseguradas IV tienen un conocimiento m\u00ednimo de alem\u00e1n (tambi\u00e9n es posible el coaching en E, F e I a petici\u00f3n).<\/li><li>Est\u00e1n motivados.<\/li><\/ul><p><strong>Objetivos<\/strong><br \/>Los asegurados IV encuentran el siguiente empleo adecuado en el mercado de trabajo primario:<\/p><ul><li>una posici\u00f3n con un rendimiento clarificado,<\/li><li>pr\u00e1cticas si es necesario aclarar el rendimiento.<\/li><\/ul><p>El coaching coloca activamente a las personas (s\u00f3lo) si ello aumenta sus posibilidades de encontrar el empleo que buscan. Esto es casi siempre necesario cuando se buscan pr\u00e1cticas, pero solo excepcionalmente \u00fatil cuando se busca un empleo.<\/p><p><strong>N\u00famero de horas<\/strong><br \/>30<\/p><p><strong>Duraci\u00f3n<\/strong><br \/>3 meses<\/p><p><strong>P\u00f3ngase en contacto con nosotros<\/strong><br \/>Sabina Cannarozzo<br \/>+41 61 339 90 03<br \/>+41 79 627 51 82<br \/><a href=\"mailto:s.cannarozzo@contiva-berufsperspektiven.ch\">s.cannarozzo@contiva-berufsperspektiven.ch<\/a><\/p>\n<\/div>\n<\/div><\/div>\n<\/section><\/div>","protected":false},"excerpt":{"rendered":"<p>CONTIVA Aktive Stellensuche Individuelles Coaching mit aktiver Stellensuche TeilnehmendeIV-Versicherte, die ein individuelles Coaching bei ihrer Stellensuche ben\u00f6tigen.VoraussetzungenDie Leistungsf\u00e4higkeit im ersten Arbeitsmarkt ist gekl\u00e4rt oder muss noch gekl\u00e4rt werden.Die IV-Versicherten verf\u00fcgen \u00fcber minimale Deutschkenntnisse (auf Anfrage Coaching auch in E, F und I m\u00f6glich).Sie sind motiviert.ZieleDie IV-Versicherten finden folgenden passenden Einsatz im ersten Arbeitsmarkt:bei gekl\u00e4rter Leistungsf\u00e4higkeit [&hellip;]<\/p>\n","protected":false},"author":34,"featured_media":0,"parent":892,"menu_order":0,"comment_status":"closed","ping_status":"closed","template":"","meta":{"_acf_changed":false,"_breakdance_hide_in_design_set":false,"_breakdance_tags":"","iawp_total_views":190,"footnotes":""},"class_list":["post-4466","page","type-page","status-publish","hentry"],"acf":[],"_links":{"self":[{"href":"https:\/\/www.contiva-berufsperspektiven.ch\/es\/wp-json\/wp\/v2\/pages\/4466","targetHints":{"allow":["GET"]}}],"collection":[{"href":"https:\/\/www.contiva-berufsperspektiven.ch\/es\/wp-json\/wp\/v2\/pages"}],"about":[{"href":"https:\/\/www.contiva-berufsperspektiven.ch\/es\/wp-json\/wp\/v2\/types\/page"}],"author":[{"embeddable":true,"href":"https:\/\/www.contiva-berufsperspektiven.ch\/es\/wp-json\/wp\/v2\/users\/34"}],"replies":[{"embeddable":true,"href":"https:\/\/www.contiva-berufsperspektiven.ch\/es\/wp-json\/wp\/v2\/comments?post=4466"}],"version-history":[{"count":4,"href":"https:\/\/www.contiva-berufsperspektiven.ch\/es\/wp-json\/wp\/v2\/pages\/4466\/revisions"}],"predecessor-version":[{"id":4706,"href":"https:\/\/www.contiva-berufsperspektiven.ch\/es\/wp-json\/wp\/v2\/pages\/4466\/revisions\/4706"}],"up":[{"embeddable":true,"href":"https:\/\/www.contiva-berufsperspektiven.ch\/es\/wp-json\/wp\/v2\/pages\/892"}],"wp:attachment":[{"href":"https:\/\/www.contiva-berufsperspektiven.ch\/es\/wp-json\/wp\/v2\/media?parent=4466"}],"curies":[{"name":"wp","href":"https:\/\/api.w.org\/{rel}","templated":true}]}}