{"id":4481,"date":"2024-11-27T15:28:53","date_gmt":"2024-11-27T14:28:53","guid":{"rendered":"https:\/\/www.contiva-berufsperspektiven.ch\/?page_id=4481"},"modified":"2025-04-03T13:20:28","modified_gmt":"2025-04-03T11:20:28","slug":"coaching","status":"publish","type":"page","link":"https:\/\/www.contiva-berufsperspektiven.ch\/es\/sozialhilfe\/coaching\/","title":{"rendered":"Coaching"},"content":{"rendered":"<div class='breakdance'><div class=\"bde-globalblock-4481-100 bde-globalblock\"><div class='breakdance'><section class=\"bde-section-3672-104-3672-1 bde-section no-animation bde-section-3672-104\">\n  \n  \n\t\n\n\n\n<div class=\"section-container\"><div class=\"bde-breadcrumbs-3672-106-3672-1 bde-breadcrumbs bde-breadcrumbs-3672-106\"><nav aria-label=\"pan rallado\" class=\"rank-math-breadcrumb\"><p><span class=\"last\">CONTIVA<\/span><\/p><\/nav><\/div><\/div>\n<\/section><section class=\"bde-section-3672-101-3672-1 bde-section no-animation bde-section-3672-101\">\n  \n  \n\t\n\n\n\n<div class=\"section-container\"><h1 class=\"bde-heading-3672-102-3672-1 bde-heading bde-heading-3672-102\">\nCoaching\n<\/h1><div class=\"bde-text-3672-103-3672-1 bde-text bde-text-3672-103\">\n\n<\/div><\/div>\n<\/section><\/div><\/div><section class=\"bde-section-4481-101 bde-section bde-preset-a757da71-4efb-4b7c-ac36-4af124f53d48\">\n  \n  \n\t\n\n\n\n<div class=\"section-container\"><div class=\"bde-div-4481-102 bde-div\">\n  \n  \n\t\n\n\n\n<h3 class=\"bde-heading-4481-103 bde-heading\">\nEntrenamiento puro\n<\/h3><div class=\"bde-rich-text-4481-104 bde-rich-text breakdance-rich-text-styles\">\n<p><strong>Participantes<\/strong><br \/>Perceptores de prestaciones sociales que est\u00e1n preparados para hacer frente a su situaci\u00f3n profesional y privada y desean recibir apoyo.<\/p><p><strong>Requisitos previos<\/strong><br \/>Los participantes entienden y hablan alem\u00e1n a un nivel b\u00e1sico.<\/p><p><strong>Contenido<\/strong><br \/>El contenido abarca desde el coaching puro hasta el coaching laboral y la inserci\u00f3n laboral. El coaching puro comienza con la clarificaci\u00f3n individual de los objetivos junto con el cliente. Puede ser que el dossier de solicitud necesite un dise\u00f1o m\u00e1s personal y actual, que haya que desarrollar una evaluaci\u00f3n de la posici\u00f3n profesional y una estrategia para empezar a trabajar, que se busquen unas pr\u00e1cticas en el 1er mercado laboral y mucho m\u00e1s. Adoptamos una visi\u00f3n hol\u00edstica de la situaci\u00f3n para encontrar soluciones sostenibles. La atenci\u00f3n se centra en conseguir un empleo. Ocasionalmente, tambi\u00e9n actuamos como abridores de puertas a un empleador para nuestros clientes.<\/p><p><strong>Contacto Basilea-Ciudad<\/strong><br \/>Sabina Cannarozzo<br \/>+41 61 339 90 03<br \/>+41 79 627 51 82<br \/><a href=\"mailto:s.cannarozzo@contiva-berufsperspektiven.ch\">s.cannarozzo@contiva-berufsperspektiven.ch<\/a><\/p>\n<\/div><div class=\"bde-div-4481-105 bde-div bde-preset-4d0b34c7-4d84-489f-bb13-f8ff907d8258\">\n  \n  \n\t\n\n\n\n<div class=\"bde-button-4481-106 bde-button\">\n    \n                                    \n    \n    \n    \n    \n            \n                    \n            \n            \n\n    \n    \n    \n    \n    \n    <a class=\"breakdance-link button-atom button-atom--primary bde-button__button\" href=\"https:\/\/www.contiva-berufsperspektiven.ch\/wp-content\/uploads\/2025\/04\/Coaching-pur-Kurzbeschrieb-BL_neu.pdf\" target=\"_self\" data-type=\"url\"  >\n\n    \n        <span class=\"button-atom__text\">Coaching puro Basilea-Landia<\/span>\n\n        \n        \n                <\/a>\n\n    \n\n\n<\/div>\n<\/div><div class=\"bde-div-4481-107 bde-div bde-preset-4d0b34c7-4d84-489f-bb13-f8ff907d8258\">\n  \n  \n\t\n\n\n\n<div class=\"bde-button-4481-108 bde-button\">\n    \n                                    \n    \n    \n    \n    \n            \n                    \n            \n            \n\n    \n    \n    \n    \n    \n    <a class=\"breakdance-link button-atom button-atom--primary bde-button__button\" href=\"https:\/\/www.contiva-berufsperspektiven.ch\/wp-content\/uploads\/2024\/03\/Coaching-pur-Kurzbeschrieb-BS-1.pdf\" target=\"_blank\" data-type=\"url\"  >\n\n    \n        <span class=\"button-atom__text\">Coaching puro Basilea-Ciudad<\/span>\n\n        \n        \n                <\/a>\n\n    \n\n\n<\/div>\n<\/div><div class=\"bde-div-4481-109 bde-div bde-preset-4d0b34c7-4d84-489f-bb13-f8ff907d8258\">\n  \n  \n\t\n\n\n\n<div class=\"bde-button-4481-110 bde-button\">\n    \n                                    \n    \n    \n    \n    \n            \n                    \n            \n            \n\n    \n    \n    \n    \n    \n    <a class=\"breakdance-link button-atom button-atom--primary bde-button__button\" href=\"https:\/\/www.contiva-berufsperspektiven.ch\/wp-content\/uploads\/2024\/03\/Vermittlung-Kurzbeschrieb-BS-2.pdf\" target=\"_blank\" data-type=\"url\"  >\n\n    \n        <span class=\"button-atom__text\">Mediaci\u00f3n Basilea-Ciudad<\/span>\n\n        \n        \n                <\/a>\n\n    \n\n\n<\/div>\n<\/div>\n<\/div><\/div>\n<\/section><\/div>","protected":false},"excerpt":{"rendered":"<p>CONTIVA Coaching Coaching pur TeilnehmendeSozialhilfeempfangende, die bereit sind, sich mit der beruflichen und privaten Situation auseinanderzusetzen und Unterst\u00fctzung w\u00fcnschen.VoraussetzungenDie Teilnehmenden verstehen und sprechen auf einfachem Niveau Deutsch.InhalteDie Inhalte reichen von Coaching pur \u00fcber Job Coaching bis zu Stellenvermittlung. Das Coaching pur beginnt mit der individuellen Kl\u00e4rung der Ziele zusammen mit den Klient*innen. Es kann sein, [&hellip;]<\/p>\n","protected":false},"author":34,"featured_media":0,"parent":896,"menu_order":0,"comment_status":"closed","ping_status":"closed","template":"","meta":{"_acf_changed":false,"_breakdance_hide_in_design_set":false,"_breakdance_tags":"","iawp_total_views":351,"footnotes":""},"class_list":["post-4481","page","type-page","status-publish","hentry"],"acf":[],"_links":{"self":[{"href":"https:\/\/www.contiva-berufsperspektiven.ch\/es\/wp-json\/wp\/v2\/pages\/4481","targetHints":{"allow":["GET"]}}],"collection":[{"href":"https:\/\/www.contiva-berufsperspektiven.ch\/es\/wp-json\/wp\/v2\/pages"}],"about":[{"href":"https:\/\/www.contiva-berufsperspektiven.ch\/es\/wp-json\/wp\/v2\/types\/page"}],"author":[{"embeddable":true,"href":"https:\/\/www.contiva-berufsperspektiven.ch\/es\/wp-json\/wp\/v2\/users\/34"}],"replies":[{"embeddable":true,"href":"https:\/\/www.contiva-berufsperspektiven.ch\/es\/wp-json\/wp\/v2\/comments?post=4481"}],"version-history":[{"count":5,"href":"https:\/\/www.contiva-berufsperspektiven.ch\/es\/wp-json\/wp\/v2\/pages\/4481\/revisions"}],"predecessor-version":[{"id":4912,"href":"https:\/\/www.contiva-berufsperspektiven.ch\/es\/wp-json\/wp\/v2\/pages\/4481\/revisions\/4912"}],"up":[{"embeddable":true,"href":"https:\/\/www.contiva-berufsperspektiven.ch\/es\/wp-json\/wp\/v2\/pages\/896"}],"wp:attachment":[{"href":"https:\/\/www.contiva-berufsperspektiven.ch\/es\/wp-json\/wp\/v2\/media?parent=4481"}],"curies":[{"name":"wp","href":"https:\/\/api.w.org\/{rel}","templated":true}]}}