{"id":4484,"date":"2024-11-27T15:30:36","date_gmt":"2024-11-27T14:30:36","guid":{"rendered":"https:\/\/www.contiva-berufsperspektiven.ch\/?page_id=4484"},"modified":"2025-01-22T12:56:45","modified_gmt":"2025-01-22T11:56:45","slug":"taller-de-solicitud","status":"publish","type":"page","link":"https:\/\/www.contiva-berufsperspektiven.ch\/es\/sozialhilfe\/bewerbungswerkstatt\/","title":{"rendered":"Taller de aplicaci\u00f3n"},"content":{"rendered":"<div class=\"bde-globalblock-4484-100 bde-globalblock\"><section class=\"bde-section-3672-104-3672-1 bde-section no-animation bde-section-3672-104\">\n  \n  \n\t\n\n\n\n<div class=\"section-container\"><div class=\"bde-breadcrumbs-3672-106-3672-1 bde-breadcrumbs bde-breadcrumbs-3672-106\"><nav aria-label=\"pan rallado\" class=\"rank-math-breadcrumb\"><p><span class=\"last\">CONTIVA<\/span><\/p><\/nav><\/div><\/div>\n<\/section><section class=\"bde-section-3672-101-3672-1 bde-section no-animation bde-section-3672-101\">\n  \n  \n\t\n\n\n\n<div class=\"section-container\"><h1 class=\"bde-heading-3672-102-3672-1 bde-heading bde-heading-3672-102\">\nTaller de aplicaci\u00f3n\n<\/h1><div class=\"bde-text-3672-103-3672-1 bde-text bde-text-3672-103\">\n\n<\/div><\/div>\n<\/section><\/div><section class=\"bde-section-4484-101 bde-section bde-preset-a757da71-4efb-4b7c-ac36-4af124f53d48\">\n  \n  \n\t\n\n\n\n<div class=\"section-container\"><div class=\"bde-div-4484-102 bde-div\">\n  \n  \n\t\n\n\n\n<h3 class=\"bde-heading-4484-103 bde-heading\">\nTaller de aplicaci\u00f3n \n<\/h3><div class=\"bde-rich-text-4484-104 bde-rich-text breakdance-rich-text-styles\">\n<p><strong>Participantes<\/strong><br \/>Beneficiarios de prestaciones sociales que desean recibir apoyo y orientaci\u00f3n a la hora de presentar su solicitud y que se sienten inseguros o abrumados por las \u00faltimas t\u00e9cnicas de solicitud. Quieren trabajar con regularidad en sus solicitudes y recibir ayuda, por ejemplo, con las formulaciones, las solicitudes electr\u00f3nicas, etc.<\/p><p><strong>Requisitos previos<\/strong><br \/>Los participantes tienen conocimientos de inform\u00e1tica. Pueden leer y escribir en alem\u00e1n al menos hasta el nivel B1.<\/p><p><strong>Objetivos del programa<\/strong><br \/>Se actualiza el expediente de solicitud, especialmente en el caso de las solicitudes electr\u00f3nicas. Los beneficiarios de la asistencia social aprenden las normas y t\u00e9cnicas m\u00e1s recientes. El trabajo regular sobre sus solicitudes les proporciona estructura, independencia y optimiza su comportamiento.<\/p><p><strong>Programa<\/strong><br \/>Una vez a la semana, los lunes de 12.15 a 13.45 o los martes de 18.00 a 19.30.<br \/>La entrada es posible en cualquier momento.<\/p><p><strong>P\u00f3ngase en contacto con nosotros<\/strong><br \/>Sabina Cannarozzo<br \/>+41 61 339 90 03<br \/>+41 79 627 51 82<br \/><a href=\"mailto:s.cannarozzo@contiva-berufsperspektiven.ch\">s.cannarozzo@contiva-berufsperspektiven.ch<\/a><\/p>\n<\/div><div class=\"bde-div-4484-105 bde-div bde-preset-4d0b34c7-4d84-489f-bb13-f8ff907d8258\">\n  \n  \n\t\n\n\n\n<div class=\"bde-button-4484-106 bde-button\">\n        \n    \n    \n    \n    \n            \n                    \n            \n            \n\n    \n    \n    \n    \n    \n    <a class=\"breakdance-link button-atom button-atom--primary bde-button__button\" href=\"https:\/\/www.contiva-berufsperspektiven.ch\/wp-content\/uploads\/2025\/01\/Bewerbungswerkstatt-Kurzbeschrieb-BS.pdf\" target=\"_blank\" data-type=\"url\"  >\n\n    \n        <span class=\"button-atom__text\">Taller de aplicaciones Basel-Stadt<\/span>\n\n        \n        \n                <\/a>\n\n    \n\n\n<\/div>\n<\/div><div class=\"bde-div-4484-107 bde-div bde-preset-4d0b34c7-4d84-489f-bb13-f8ff907d8258\">\n  \n  \n\t\n\n\n\n<div class=\"bde-button-4484-108 bde-button\">\n        \n    \n    \n    \n    \n            \n                    \n            \n            \n\n    \n    \n    \n    \n    \n    <a class=\"breakdance-link button-atom button-atom--primary bde-button__button\" href=\"https:\/\/www.contiva-berufsperspektiven.ch\/wp-content\/uploads\/2024\/03\/Bewerbungswerkstatt-Kurzbeschrieb-BL-2.pdf\" target=\"_blank\" data-type=\"url\"  >\n\n    \n        <span class=\"button-atom__text\">Taller de aplicaci\u00f3n Basilea-Landia<\/span>\n\n        \n        \n                <\/a>\n\n    \n\n\n<\/div>\n<\/div>\n<\/div><\/div>\n<\/section>","protected":false},"excerpt":{"rendered":"<p>CONTIVA Bewerbungswerkstatt Bewerbungswerkstatt TeilnehmendeSozialhilfeempfangende, die Unterst\u00fctzung und Begleitung beim Bewerben w\u00fcnschen und die mit den neuesten Bewerbungstechniken unsicher oder \u00fcberfordert sind. Sie wollen regelm\u00e4ssig an den Bewerbungen arbeiten und dabei Hilfe erhalten, z.B. bei Formulierungen, elektronischen Bewerbungen, etc.VoraussetzungenDie Teilnehmenden haben Computerkenntnisse. Sie k\u00f6nnen mindestens auf Niveau B1 Deutsch lesen und schreiben .ProgrammzieleDas Bewerbungsdossier wird auf [&hellip;]<\/p>\n","protected":false},"author":34,"featured_media":0,"parent":896,"menu_order":0,"comment_status":"closed","ping_status":"closed","template":"","meta":{"_acf_changed":false,"_breakdance_hide_in_design_set":false,"_breakdance_tags":"","iawp_total_views":212,"footnotes":""},"class_list":["post-4484","page","type-page","status-publish","hentry"],"acf":[],"_links":{"self":[{"href":"https:\/\/www.contiva-berufsperspektiven.ch\/es\/wp-json\/wp\/v2\/pages\/4484","targetHints":{"allow":["GET"]}}],"collection":[{"href":"https:\/\/www.contiva-berufsperspektiven.ch\/es\/wp-json\/wp\/v2\/pages"}],"about":[{"href":"https:\/\/www.contiva-berufsperspektiven.ch\/es\/wp-json\/wp\/v2\/types\/page"}],"author":[{"embeddable":true,"href":"https:\/\/www.contiva-berufsperspektiven.ch\/es\/wp-json\/wp\/v2\/users\/34"}],"replies":[{"embeddable":true,"href":"https:\/\/www.contiva-berufsperspektiven.ch\/es\/wp-json\/wp\/v2\/comments?post=4484"}],"version-history":[{"count":5,"href":"https:\/\/www.contiva-berufsperspektiven.ch\/es\/wp-json\/wp\/v2\/pages\/4484\/revisions"}],"predecessor-version":[{"id":4789,"href":"https:\/\/www.contiva-berufsperspektiven.ch\/es\/wp-json\/wp\/v2\/pages\/4484\/revisions\/4789"}],"up":[{"embeddable":true,"href":"https:\/\/www.contiva-berufsperspektiven.ch\/es\/wp-json\/wp\/v2\/pages\/896"}],"wp:attachment":[{"href":"https:\/\/www.contiva-berufsperspektiven.ch\/es\/wp-json\/wp\/v2\/media?parent=4484"}],"curies":[{"name":"wp","href":"https:\/\/api.w.org\/{rel}","templated":true}]}}