{"id":4490,"date":"2024-11-27T15:34:20","date_gmt":"2024-11-27T14:34:20","guid":{"rendered":"https:\/\/www.contiva-berufsperspektiven.ch\/?page_id=4490"},"modified":"2026-01-19T16:26:48","modified_gmt":"2026-01-19T15:26:48","slug":"precio-de-venta","status":"publish","type":"page","link":"https:\/\/www.contiva-berufsperspektiven.ch\/es\/verkaufskurs\/","title":{"rendered":"Precio de venta"},"content":{"rendered":"<div class='breakdance'><div class=\"bde-globalblock-4490-100 bde-globalblock\"><div class='breakdance'><section class=\"bde-section-3672-104-3672-1 bde-section no-animation bde-section-3672-104\">\n  \n  \n\t\n\n\n\n<div class=\"section-container\"><div class=\"bde-breadcrumbs-3672-106-3672-1 bde-breadcrumbs bde-breadcrumbs-3672-106\"><nav aria-label=\"pan rallado\" class=\"rank-math-breadcrumb\"><p><span class=\"last\">CONTIVA<\/span><\/p><\/nav><\/div><\/div>\n<\/section><section class=\"bde-section-3672-101-3672-1 bde-section no-animation bde-section-3672-101\">\n  \n  \n\t\n\n\n\n<div class=\"section-container\"><h1 class=\"bde-heading-3672-102-3672-1 bde-heading bde-heading-3672-102\">\nPrecio de venta\n<\/h1><div class=\"bde-text-3672-103-3672-1 bde-text bde-text-3672-103\">\n\n<\/div><\/div>\n<\/section><\/div><\/div><section class=\"bde-section-4490-101 bde-section bde-preset-a757da71-4efb-4b7c-ac36-4af124f53d48\">\n  \n  \n\t\n\n\n\n<div class=\"section-container\"><div class=\"bde-div-4490-102 bde-div\">\n  \n  \n\t\n\n\n\n<h3 class=\"bde-heading-4490-103 bde-heading\">\nPrecio de venta m\u00e1s\n<\/h3><div class=\"bde-rich-text-4490-104 bde-rich-text breakdance-rich-text-styles\">\n<p><strong>Participantes<\/strong><br \/>Demandantes de empleo que quieran dedicarse a las ventas.<\/p><p><strong>Requisitos previos<\/strong><br \/>Los participantes tienen buenos conocimientos de alem\u00e1n -es decir, han completado el nivel B1- y, preferiblemente, comprenden el dialecto. Est\u00e1n dispuestos a trabajar durante el horario de apertura de la tienda, incluidos los s\u00e1bados. Debe garantizarse el cuidado de los ni\u00f1os.<\/p><p><strong>Objetivos del curso<\/strong><br \/>Los participantes reciben una preparaci\u00f3n te\u00f3rica y pr\u00e1ctica para un puesto de empleado de ventas y\/o cajero en el sector alimentario o no alimentario. Durante las pr\u00e1cticas, aprenden conocimientos sobre productos espec\u00edficos del sector, adquieren experiencia laboral y tienen referencias para un empleo en ventas.<\/p><p><strong>Horario del curso<\/strong><br \/>Aclaraci\u00f3n y entrevista de admisi\u00f3n.<br \/>1 semana te\u00f3rica, de lunes a viernes de 9-12.00 y de 13-16.30.<br \/>Seguidas de unas pr\u00e1cticas de 12 semanas en un comercio minorista en funci\u00f3n del inter\u00e9s y las aptitudes. Apoyo mediante orientaci\u00f3n laboral durante las pr\u00e1cticas y durante la b\u00fasqueda de empleo. Reuniones peri\u00f3dicas de grupo.<\/p><p>Queremos aprovechar esta oportunidad para dar las gracias de todo coraz\u00f3n a nuestras comprometidas empresas colaboradoras:<br \/><a href=\"https:\/\/www.coopjobs.ch\/de\/coop-als-arbeitgeberin.html\" target=\"_blank\" rel=\"noopener nofollow\">Coop<\/a> incl. Jumbo<br \/><a href=\"https:\/\/www.c-and-a.com\/ch\/de\/corporate\/company\/karriere\" target=\"_blank\" rel=\"noopener nofollow\">C&amp;A<\/a><br \/><a href=\"https:\/\/career.hm.com\/ch-de\/\" target=\"_blank\" rel=\"noopener nofollow\">H&amp;M<\/a><br \/><a href=\"https:\/\/migros-gruppe.jobs\/de\/unsere-unternehmen\/genossenschaft-migros-basel\/arbeiten-bei-uns\" target=\"_blank\" rel=\"noopener nofollow\">Migros Basilea<\/a> incl. Obi<br \/><a href=\"https:\/\/careers.manor.ch\/\" target=\"_blank\" rel=\"noopener nofollow\">Mansi\u00f3n<\/a><\/p><p><strong>P\u00f3ngase en contacto con nosotros<\/strong><br \/>Tanja Kural<br \/>+41 61 339 90 04<br \/><a href=\"mailto:t.kural@contiva-berufsperspektiven.ch\">t.kural@contiva-berufsperspektiven.ch<\/a><\/p><p>\u00a0<\/p><p>Queremos dar las gracias a nuestro socio colaborador\u00a0<a href=\"https:\/\/www.k5kurszentrum.ch\/\" rel=\"nofollow noopener\" target=\"_blank\">Centro de cursos K5 Basilea<\/a><\/p>\n<\/div><div class=\"bde-div-4490-105 bde-div bde-preset-4d0b34c7-4d84-489f-bb13-f8ff907d8258\">\n  \n  \n\t\n\n\n\n<div class=\"bde-button-4490-106 bde-button\">\n    \n                                    \n    \n    \n    \n    \n            \n                    \n            \n            \n\n    \n    \n    \n    \n    \n    <a class=\"breakdance-link button-atom button-atom--primary bde-button__button\" href=\"https:\/\/www.contiva-berufsperspektiven.ch\/wp-content\/uploads\/2025\/01\/Kurzbeschrieb_Verkaufskurs_Plus.pdf\" target=\"_blank\" data-type=\"url\">\n\n    \n        <span class=\"button-atom__text\">Anuncio Curso de Ventas Plus<\/span>\n\n        \n        \n                <\/a>\n\n    \n\n\n<\/div>\n<\/div><div class=\"bde-div-4490-107 bde-div bde-preset-4d0b34c7-4d84-489f-bb13-f8ff907d8258\">\n  \n  \n\t\n\n\n\n<div class=\"bde-button-4490-108 bde-button\">\n    \n                                    \n    \n    \n    \n    \n            \n                    \n            \n            \n\n    \n    \n    \n    \n    \n    <a class=\"breakdance-link button-atom button-atom--primary bde-button__button\" href=\"https:\/\/www.contiva-berufsperspektiven.ch\/wp-content\/uploads\/2026\/01\/Flyer_Verkaufskurse-2026.pdf\" target=\"_self\" data-type=\"url\">\n\n    \n        <span class=\"button-atom__text\">Cursos de venta de folletos 2026<\/span>\n\n        \n        \n                <\/a>\n\n    \n\n\n<\/div>\n<\/div>\n<\/div><\/div>\n<\/section><\/div>","protected":false},"excerpt":{"rendered":"<p>CONTIVA Verkaufskurs+ Verkaufskurs Plus TeilnehmendeStellensuchende, die in den Verkauf einsteigen wollen.VoraussetzungenDie Teilnehmenden haben gute Deutschkenntnisse &#8211; das heisst zirka Niveau B1 abgeschlossen &#8211; und verstehen m\u00f6glichst Dialekt. Sie sind bereit, zu den Laden\u00f6ffnungszeiten zu arbeiten, auch an Samstagen. Die Kinderbetreuung muss gew\u00e4hrleistet sein.KurszieleDie Teilnehmenden sind theoretisch und praktisch auf eine Stelle als Verkaufsmitarbeitende und\/oder Kassierer*in [&hellip;]<\/p>\n","protected":false},"author":34,"featured_media":0,"parent":0,"menu_order":0,"comment_status":"closed","ping_status":"closed","template":"","meta":{"_acf_changed":false,"_breakdance_hide_in_design_set":false,"_breakdance_tags":"","iawp_total_views":628,"footnotes":""},"class_list":["post-4490","page","type-page","status-publish","hentry"],"acf":[],"_links":{"self":[{"href":"https:\/\/www.contiva-berufsperspektiven.ch\/es\/wp-json\/wp\/v2\/pages\/4490","targetHints":{"allow":["GET"]}}],"collection":[{"href":"https:\/\/www.contiva-berufsperspektiven.ch\/es\/wp-json\/wp\/v2\/pages"}],"about":[{"href":"https:\/\/www.contiva-berufsperspektiven.ch\/es\/wp-json\/wp\/v2\/types\/page"}],"author":[{"embeddable":true,"href":"https:\/\/www.contiva-berufsperspektiven.ch\/es\/wp-json\/wp\/v2\/users\/34"}],"replies":[{"embeddable":true,"href":"https:\/\/www.contiva-berufsperspektiven.ch\/es\/wp-json\/wp\/v2\/comments?post=4490"}],"version-history":[{"count":11,"href":"https:\/\/www.contiva-berufsperspektiven.ch\/es\/wp-json\/wp\/v2\/pages\/4490\/revisions"}],"predecessor-version":[{"id":5187,"href":"https:\/\/www.contiva-berufsperspektiven.ch\/es\/wp-json\/wp\/v2\/pages\/4490\/revisions\/5187"}],"wp:attachment":[{"href":"https:\/\/www.contiva-berufsperspektiven.ch\/es\/wp-json\/wp\/v2\/media?parent=4490"}],"curies":[{"name":"wp","href":"https:\/\/api.w.org\/{rel}","templated":true}]}}