{"id":405,"date":"2023-05-01T09:42:43","date_gmt":"2023-05-01T07:42:43","guid":{"rendered":"https:\/\/www.contiva-berufsperspektiven.ch\/?page_id=405"},"modified":"2024-08-14T15:31:41","modified_gmt":"2024-08-14T13:31:41","slug":"conseils-et-astuces","status":"publish","type":"page","link":"https:\/\/www.contiva-berufsperspektiven.ch\/fr\/tipps-und-tricks\/","title":{"rendered":"Conseils et astuces"},"content":{"rendered":"<div class='breakdance'><div class=\"bde-globalblock-405-100 bde-globalblock\"><div class='breakdance'><section class=\"bde-section-3672-104-3672-1 bde-section no-animation bde-section-3672-104\">\n  \n  \n\t\n\n\n\n<div class=\"section-container\"><div class=\"bde-breadcrumbs-3672-106-3672-1 bde-breadcrumbs bde-breadcrumbs-3672-106\"><nav aria-label=\"breadcrumbs\" class=\"rank-math-breadcrumb\"><p><span class=\"last\">CONTIVA<\/span><\/p><\/nav><\/div><\/div>\n<\/section><section class=\"bde-section-3672-101-3672-1 bde-section no-animation bde-section-3672-101\">\n  \n  \n\t\n\n\n\n<div class=\"section-container\"><h1 class=\"bde-heading-3672-102-3672-1 bde-heading bde-heading-3672-102\">\nConseils et astuces\n<\/h1><div class=\"bde-text-3672-103-3672-1 bde-text bde-text-3672-103\">\n<p>Nous mettons \u00e0 votre disposition une s\u00e9rie de conseils et d'astuces utiles qui peuvent vous aider \u00e0 pr\u00e9parer votre dossier de candidature et \u00e0 vous pr\u00e9parer aux entretiens d'embauche. Nous vous proposons en outre une liste de questions fr\u00e9quemment pos\u00e9es lors des entretiens d'embauche et des conseils pour vous y pr\u00e9parer.<\/p>\n\n<\/div><\/div>\n<\/section><\/div><\/div><section class=\"bde-section-405-101 bde-section bde-preset-84a15dde-f849-469d-bf93-8fff4095fba1\">\n  \n  \n\t\n\n\n\n<div class=\"section-container\"><div class=\"bde-columns-405-102 bde-columns\"><div class=\"bde-column-405-103 bde-column\">\n  \n  \n\t\n\n\n\n<h2 class=\"bde-heading-405-107 bde-heading\">\nPourquoi devrais-je cr\u00e9er un profil LinkedIn ?\n<\/h2>\n<\/div><div class=\"bde-column-405-105 bde-column\">\n  \n  \n\t\n\n\n\n<div class=\"bde-rich-text-405-106 bde-rich-text breakdance-rich-text-styles\">\n<p>Un profil LinkedIn offre des avantages tels que le r\u00e9seautage professionnel, les offres d'emploi, les informations sectorielles, la pr\u00e9sence en ligne et le partage de connaissances. Dans l'ensemble, un profil LinkedIn peut contribuer \u00e0 soutenir vos objectifs professionnels, \u00e0 d\u00e9couvrir de nouvelles opportunit\u00e9s professionnelles, \u00e0 d\u00e9velopper des relations professionnelles et \u00e0 \u00e9largir votre expertise.<\/p>\n<\/div>\n<\/div><\/div><\/div>\n<\/section><section class=\"bde-section-405-108 bde-section bde-preset-84a15dde-f849-469d-bf93-8fff4095fba1\">\n  \n  \n\t\n\n\n\n<div class=\"section-container\"><div class=\"bde-columns-405-109 bde-columns\"><div class=\"bde-column-405-110 bde-column\">\n  \n  \n\t\n\n\n\n<h2 class=\"bde-heading-405-111 bde-heading\">\nComment se pr\u00e9parer \u00e0 un entretien d'embauche ?\n<\/h2>\n<\/div><div class=\"bde-column-405-112 bde-column\">\n  \n  \n\t\n\n\n\n<div class=\"bde-rich-text-405-113 bde-rich-text breakdance-rich-text-styles\">\n<p><strong>Techniquement<\/strong><\/p><ul><li>Renseignez-vous sur la mani\u00e8re de vous rendre \u00e0 l'entreprise ; le cas \u00e9ch\u00e9ant, allez-y la veille afin de vous mettre \u00e0 l'aise et de conna\u00eetre le chemin qui m\u00e8ne \u00e0 l'entreprise.<\/li><li>Mieux vaut arriver trop t\u00f4t que trop tard ! Arriver 10 minutes \u00e0 l'avance, c'est bien. Mais ne sonnez\/frappez pas avant 3 \u00e0 5 minutes avant l'heure convenue.<\/li><li>Renseignez-vous \u00e0 l'avance sur la longueur du trajet entre la r\u00e9ception\/porte et le lieu de l'entretien ; comptez ce temps.<\/li><li>Emportez un dossier complet avec vos documents lors de l'entretien (m\u00eame si vous avez d\u00e9j\u00e0 envoy\u00e9 vos documents avec votre candidature).<\/li><li>Emportez les pi\u00e8ces d'identit\u00e9 suivantes : Carte d'identit\u00e9\/carte d'\u00e9tranger, carte d'assurance maladie, carte bancaire\/relation bancaire, carte AVS, permis de conduire.<\/li><li>Apportez votre feuille de r\u00e9f\u00e9rence \u00e0 l'entretien et remettez-la lorsque vous y \u00eates invit\u00e9 ou \u00e0 la fin de l'entretien.<\/li><li>Emportez un bloc-notes neutre et de quoi \u00e9crire.<\/li><li>Notez et pratiquez imp\u00e9rativement les noms des personnes importantes de l'entreprise que vous connaissez d\u00e9j\u00e0 et notez les nouveaux noms sur votre bloc-notes.<\/li><li>Nommez de temps en temps les personnes pr\u00e9sentes lors de la conversation, mais certainement lors des salutations et des adieux.<\/li><\/ul><p><strong>Personnel<\/strong><\/p><ul><li>R\u00e9fl\u00e9chissez aux v\u00eatements et aux chaussures que vous portez. Habillez-vous et prenez soin de vous de mani\u00e8re \u00e0 avoir une belle allure tout en vous sentant bien. R\u00e8gle g\u00e9n\u00e9rale : les v\u00eatements doivent \u00eatre comme si vous y travailliez d\u00e9j\u00e0. Les couleurs claires des v\u00eatements donnent une impression d'ouverture, de sympathie ; les couleurs sombres sont \u00e9l\u00e9gantes, mais aussi sombres.<\/li><li>Ne portez pas de bijoux trop voyants.<\/li><li>Utilisez du parfum ou de l'apr\u00e8s-rasage de mani\u00e8re discr\u00e8te ou renoncez-y, mais apparaissez douch\u00e9 et soign\u00e9.<\/li><li>Evitez l'ail la veille, l'odeur de caf\u00e9, d'alcool ou de cigarette. Si vous fumez malgr\u00e9 tout avant, ne fumez pas devant l'entr\u00e9e de l'entreprise ; dans ce cas, pr\u00e9sentez-vous un peu plus t\u00f4t et demandez \u00e0 aller aux toilettes ; lavez-vous les mains et rafra\u00eechissez-vous \u00e0 cet endroit.<\/li><li>Emportez des serviettes rafra\u00eechissantes ; la premi\u00e8re poign\u00e9e de main doit avoir un effet positif durable.<br \/>Ayez toujours des bonbons ou, mieux encore, un spray buccal sur vous.<\/li><\/ul>\n<\/div>\n<\/div><\/div><\/div>\n<\/section><section class=\"bde-section-405-114 bde-section bde-preset-84a15dde-f849-469d-bf93-8fff4095fba1\">\n  \n  \n\t\n\n\n\n<div class=\"section-container\"><div class=\"bde-columns-405-115 bde-columns\"><div class=\"bde-column-405-116 bde-column\">\n  \n  \n\t\n\n\n\n<h2 class=\"bde-heading-405-117 bde-heading\">\nConseil pour votre lettre d'accompagnement en r\u00e9ponse \u00e0 une annonce\n<\/h2>\n<\/div><div class=\"bde-column-405-118 bde-column\">\n  \n  \n\t\n\n\n\n<div class=\"bde-rich-text-405-119 bde-rich-text breakdance-rich-text-styles\">\n<ul><li>structure claire et concise de la lettre de motivation selon la <strong>Formule S\/I\/T (rencontre entre vous et moi)<\/strong>:<br \/>Partie S - Vous : Votre lien professionnel ou \u00e9motionnel avec l'entreprise, le secteur d'activit\u00e9<br \/>Partie I - Moi : vos qualifications, votre sp\u00e9cialit\u00e9, \u00e9ventuellement vos r\u00e9alisations<br \/>Partie T - Nous rencontrer : Mon offre, votre gain. D\u00e9sir d'un contact et d'une rencontre personnelle.<\/li><li>est <strong>significatif<\/strong> On sent l'engagement professionnel et \u00e9motionnel de l'auteur. <strong>Connexion<\/strong> de votre personne avec l'entreprise ou le poste<\/li><li>se compose de textes bien compr\u00e9hensibles et <strong>des phrases courtes<\/strong><\/li><li>contient <strong>pas de phrases toutes faites<\/strong> ou des phrases g\u00e9n\u00e9rales qui ne veulent rien dire<\/li><li>correspond \u00e0 votre personne et \u00e0 votre style<\/li><li>est <strong>sans erreur<\/strong><\/li><li>a id\u00e9alement une longueur de <strong>d'une page A4<\/strong>, deux pages maximum<\/li><\/ul><p>Tenez compte des exigences de l'offre d'emploi et de l'entreprise.<\/p>\n<\/div>\n<\/div><\/div><\/div>\n<\/section><\/div>","protected":false},"excerpt":{"rendered":"<p>CONTIVA Tipps und Tricks Wir stellen Ihnen eine Reihe von n\u00fctzlichen Tipps und Tricks zur Verf\u00fcgung, die Ihnen bei der Erstellung Ihrer Bewerbungsunterlagen und der Vorbereitung auf Bewerbungsgespr\u00e4che helfen k\u00f6nnen. Zudem bieten wir Ihnen eine Liste mit h\u00e4ufig gestellten Fragen in Bewerbungsgespr\u00e4chen und Tipps zur Vorbereitung darauf. Warum sollte ich ein LinkedIn Profil erstellen? Ein [&hellip;]<\/p>\n","protected":false},"author":8,"featured_media":0,"parent":0,"menu_order":0,"comment_status":"closed","ping_status":"closed","template":"","meta":{"_acf_changed":false,"_breakdance_hide_in_design_set":false,"_breakdance_tags":"","iawp_total_views":439,"footnotes":""},"class_list":["post-405","page","type-page","status-publish","hentry"],"acf":[],"_links":{"self":[{"href":"https:\/\/www.contiva-berufsperspektiven.ch\/fr\/wp-json\/wp\/v2\/pages\/405","targetHints":{"allow":["GET"]}}],"collection":[{"href":"https:\/\/www.contiva-berufsperspektiven.ch\/fr\/wp-json\/wp\/v2\/pages"}],"about":[{"href":"https:\/\/www.contiva-berufsperspektiven.ch\/fr\/wp-json\/wp\/v2\/types\/page"}],"author":[{"embeddable":true,"href":"https:\/\/www.contiva-berufsperspektiven.ch\/fr\/wp-json\/wp\/v2\/users\/8"}],"replies":[{"embeddable":true,"href":"https:\/\/www.contiva-berufsperspektiven.ch\/fr\/wp-json\/wp\/v2\/comments?post=405"}],"version-history":[{"count":7,"href":"https:\/\/www.contiva-berufsperspektiven.ch\/fr\/wp-json\/wp\/v2\/pages\/405\/revisions"}],"predecessor-version":[{"id":3959,"href":"https:\/\/www.contiva-berufsperspektiven.ch\/fr\/wp-json\/wp\/v2\/pages\/405\/revisions\/3959"}],"wp:attachment":[{"href":"https:\/\/www.contiva-berufsperspektiven.ch\/fr\/wp-json\/wp\/v2\/media?parent=405"}],"curies":[{"name":"wp","href":"https:\/\/api.w.org\/{rel}","templated":true}]}}