{"id":4446,"date":"2024-11-27T15:01:11","date_gmt":"2024-11-27T14:01:11","guid":{"rendered":"https:\/\/www.contiva-berufsperspektiven.ch\/?page_id=4446"},"modified":"2026-02-12T21:36:46","modified_gmt":"2026-02-12T20:36:46","slug":"atelier-de-candidature","status":"publish","type":"page","link":"https:\/\/www.contiva-berufsperspektiven.ch\/fr\/jobway-awa-bs\/bewerbungswerkstatt\/","title":{"rendered":"Atelier de candidature"},"content":{"rendered":"<div class='breakdance'><div class=\"bde-globalblock-4446-100 bde-globalblock\"><div class='breakdance'><section class=\"bde-section-3672-104-3672-1 bde-section no-animation bde-section-3672-104\">\n  \n  \n\t\n\n\n\n<div class=\"section-container\"><div class=\"bde-breadcrumbs-3672-106-3672-1 bde-breadcrumbs bde-breadcrumbs-3672-106\"><nav aria-label=\"breadcrumbs\" class=\"rank-math-breadcrumb\"><p><span class=\"last\">CONTIVA<\/span><\/p><\/nav><\/div><\/div>\n<\/section><section class=\"bde-section-3672-101-3672-1 bde-section no-animation bde-section-3672-101\">\n  \n  \n\t\n\n\n\n<div class=\"section-container\"><h1 class=\"bde-heading-3672-102-3672-1 bde-heading bde-heading-3672-102\">\nAtelier de candidature\n<\/h1><div class=\"bde-text-3672-103-3672-1 bde-text bde-text-3672-103\">\n\n<\/div><\/div>\n<\/section><\/div><\/div><section class=\"bde-section-4446-101 bde-section bde-preset-a757da71-4efb-4b7c-ac36-4af124f53d48\">\n  \n  \n\t\n\n\n\n<div class=\"section-container\"><div class=\"bde-div-4446-102 bde-div\">\n  \n  \n\t\n\n\n\n<h3 class=\"bde-heading-4446-103 bde-heading\">\nAtelier de candidature\n<\/h3><div class=\"bde-rich-text-4446-104 bde-rich-text breakdance-rich-text-styles\">\n<p><strong>Participants<\/strong><br \/>les demandeurs d'emploi qui ont besoin d'aide pour le processus de candidature \u00e9crit.<\/p><p><strong>Conditions pr\u00e9alables<\/strong><br \/>Les participants disposent d'un dossier de candidature complet.<\/p><p><strong>Objectifs<\/strong><br \/>Les participants ...<\/p><ul><li>optimisent leur dossier de candidature et l'adaptent aux offres d'emploi.<\/li><li>restent actifs dans le processus de candidature, m\u00eame pendant un emploi temporaire.<\/li><li>apprennent \u00e0 lire correctement les annonces d'emploi et \u00e0 les faire correspondre \u00e0 leur profil de comp\u00e9tences.<\/li><li>\u00e9valuent les offres d'emploi et s'informent des opportunit\u00e9s sur le march\u00e9 du travail.<\/li><li>postulent en permanence \u00e0 des postes qui leur correspondent.<\/li><\/ul><p><strong>Dur\u00e9e<\/strong><br \/>Pendant 12 semaines, le lundi de 12h15 \u00e0 13h45 ou le mardi de 18h00 \u00e0 19h30.<\/p><p><strong>Contact<\/strong><br \/>Dorothea Saner Suisse<br \/>+41 61 339 90 02 \/ +41 79 322 22 54<br \/><a class=\"bde-text-link-3517-110 bde-text-link breakdance-link\" href=\"mailto:d.saner@contiva-berufsperspektiven.ch\" target=\"_self\" data-type=\"url\">d.saner@contiva-berufsperspektiven.ch<\/a><\/p>\n<\/div><div class=\"bde-div-4446-105 bde-div bde-preset-4d0b34c7-4d84-489f-bb13-f8ff907d8258\">\n  \n  \n\t\n\n\n\n<div class=\"bde-button-4446-106 bde-button\">\n    \n                                    \n    \n    \n    \n    \n            \n                    \n            \n            \n\n    \n    \n    \n    \n    \n    <a class=\"breakdance-link button-atom button-atom--primary bde-button__button\" href=\"https:\/\/www.contiva-berufsperspektiven.ch\/wp-content\/uploads\/2026\/02\/Contiva-JOBWAY_Bewerbungswerkstatt-ab-2026.pdf\" target=\"_blank\" data-type=\"url\"  >\n\n    \n        <span class=\"button-atom__text\">vers l'annonce du cours<\/span>\n\n        \n        \n                <\/a>\n\n    \n\n\n<\/div>\n<\/div>\n<\/div><\/div>\n<\/section><\/div>","protected":false},"excerpt":{"rendered":"<p>CONTIVA Bewerbungswerkstatt Bewerbungswerkstatt TeilnehmendeStellensuchende, die Unterst\u00fctzung beim schriftlichen Bewerbungsprozess brauchen.VoraussetzungenDie Teilnehmenden verf\u00fcgen \u00fcber ein komplettes Bewerbungsdossier.ZieleDie Teilnehmenden \u2026optimieren ihre Bewerbungsunterlagen und passen sie den Stellenausschreibungen an.bleiben aktiv im Bewerbungsprozess, auch w\u00e4hrend einer vor\u00fcbergehenden Besch\u00e4ftigung.lernen, Stelleninserate richtig zu lesen und mit ihrem Kompetenzprofil abzugleichen.beurteilen Stellenangebote und informieren sich \u00fcber Chancen auf dem Arbeitsmarkt.bewerben sich laufend auf [&hellip;]<\/p>\n","protected":false},"author":34,"featured_media":0,"parent":698,"menu_order":0,"comment_status":"closed","ping_status":"closed","template":"","meta":{"_acf_changed":false,"_breakdance_hide_in_design_set":false,"_breakdance_tags":"","iawp_total_views":160,"footnotes":""},"class_list":["post-4446","page","type-page","status-publish","hentry"],"acf":[],"_links":{"self":[{"href":"https:\/\/www.contiva-berufsperspektiven.ch\/fr\/wp-json\/wp\/v2\/pages\/4446","targetHints":{"allow":["GET"]}}],"collection":[{"href":"https:\/\/www.contiva-berufsperspektiven.ch\/fr\/wp-json\/wp\/v2\/pages"}],"about":[{"href":"https:\/\/www.contiva-berufsperspektiven.ch\/fr\/wp-json\/wp\/v2\/types\/page"}],"author":[{"embeddable":true,"href":"https:\/\/www.contiva-berufsperspektiven.ch\/fr\/wp-json\/wp\/v2\/users\/34"}],"replies":[{"embeddable":true,"href":"https:\/\/www.contiva-berufsperspektiven.ch\/fr\/wp-json\/wp\/v2\/comments?post=4446"}],"version-history":[{"count":11,"href":"https:\/\/www.contiva-berufsperspektiven.ch\/fr\/wp-json\/wp\/v2\/pages\/4446\/revisions"}],"predecessor-version":[{"id":5216,"href":"https:\/\/www.contiva-berufsperspektiven.ch\/fr\/wp-json\/wp\/v2\/pages\/4446\/revisions\/5216"}],"up":[{"embeddable":true,"href":"https:\/\/www.contiva-berufsperspektiven.ch\/fr\/wp-json\/wp\/v2\/pages\/698"}],"wp:attachment":[{"href":"https:\/\/www.contiva-berufsperspektiven.ch\/fr\/wp-json\/wp\/v2\/media?parent=4446"}],"curies":[{"name":"wp","href":"https:\/\/api.w.org\/{rel}","templated":true}]}}