{"id":405,"date":"2023-05-01T09:42:43","date_gmt":"2023-05-01T07:42:43","guid":{"rendered":"https:\/\/www.contiva-berufsperspektiven.ch\/?page_id=405"},"modified":"2024-08-14T15:31:41","modified_gmt":"2024-08-14T13:31:41","slug":"suggerimenti-e-trucchi","status":"publish","type":"page","link":"https:\/\/www.contiva-berufsperspektiven.ch\/it\/tipps-und-tricks\/","title":{"rendered":"Suggerimenti e trucchi"},"content":{"rendered":"<div class='breakdance'><div class=\"bde-globalblock-405-100 bde-globalblock\"><div class='breakdance'><section class=\"bde-section-3672-104-3672-1 bde-section no-animation bde-section-3672-104\">\n  \n  \n\t\n\n\n\n<div class=\"section-container\"><div class=\"bde-breadcrumbs-3672-106-3672-1 bde-breadcrumbs bde-breadcrumbs-3672-106\"><nav aria-label=\"pangrattato\" class=\"rank-math-breadcrumb\"><p><span class=\"last\">CONTIVA<\/span><\/p><\/nav><\/div><\/div>\n<\/section><section class=\"bde-section-3672-101-3672-1 bde-section no-animation bde-section-3672-101\">\n  \n  \n\t\n\n\n\n<div class=\"section-container\"><h1 class=\"bde-heading-3672-102-3672-1 bde-heading bde-heading-3672-102\">\nSuggerimenti e trucchi\n<\/h1><div class=\"bde-text-3672-103-3672-1 bde-text bde-text-3672-103\">\n<p>Vi forniamo una serie di utili consigli e trucchi per aiutarvi a preparare i vostri documenti di candidatura e ad affrontare i colloqui di lavoro. Vi offriamo anche un elenco di domande frequenti nei colloqui di lavoro e consigli su come prepararsi.<\/p>\n\n<\/div><\/div>\n<\/section><\/div><\/div><section class=\"bde-section-405-101 bde-section bde-preset-84a15dde-f849-469d-bf93-8fff4095fba1\">\n  \n  \n\t\n\n\n\n<div class=\"section-container\"><div class=\"bde-columns-405-102 bde-columns\"><div class=\"bde-column-405-103 bde-column\">\n  \n  \n\t\n\n\n\n<h2 class=\"bde-heading-405-107 bde-heading\">\nPerch\u00e9 dovrei creare un profilo LinkedIn?\n<\/h2>\n<\/div><div class=\"bde-column-405-105 bde-column\">\n  \n  \n\t\n\n\n\n<div class=\"bde-rich-text-405-106 bde-rich-text breakdance-rich-text-styles\">\n<p>Un profilo LinkedIn offre vantaggi quali il networking professionale, le opportunit\u00e0 di lavoro, le informazioni sul settore, la presenza online e la condivisione delle conoscenze. Nel complesso, un profilo LinkedIn pu\u00f2 aiutare a sostenere i vostri obiettivi professionali, a scoprire nuove opportunit\u00e0 di carriera, a costruire relazioni professionali e ad ampliare le vostre competenze.<\/p>\n<\/div>\n<\/div><\/div><\/div>\n<\/section><section class=\"bde-section-405-108 bde-section bde-preset-84a15dde-f849-469d-bf93-8fff4095fba1\">\n  \n  \n\t\n\n\n\n<div class=\"section-container\"><div class=\"bde-columns-405-109 bde-columns\"><div class=\"bde-column-405-110 bde-column\">\n  \n  \n\t\n\n\n\n<h2 class=\"bde-heading-405-111 bde-heading\">\nCome mi preparo per un colloquio di lavoro?\n<\/h2>\n<\/div><div class=\"bde-column-405-112 bde-column\">\n  \n  \n\t\n\n\n\n<div class=\"bde-rich-text-405-113 bde-rich-text breakdance-rich-text-styles\">\n<p><strong>Tecnica<\/strong><\/p><ul><li>Informatevi su come raggiungere l'azienda; se necessario, recatevi sul posto il giorno prima, in modo da familiarizzare e conoscere la strada per raggiungere l'azienda.<\/li><li>\u00c8 meglio arrivare troppo presto che troppo tardi! Arrivare 10 minuti prima va bene. Ma non suonate il campanello\/bussate prima di 3-5 minuti prima dell'orario concordato.<\/li><li>Informatevi in anticipo su quanto tempo potrebbe essere necessario per arrivare dalla reception\/ cancello al luogo del colloquio; aggiungete questo tempo al vostro viaggio.<\/li><li>Portate al colloquio un dossier completo di documenti (anche se avete gi\u00e0 inviato i documenti con la domanda).<\/li><li>Portate con voi i seguenti documenti: Carta d'identit\u00e0\/carta d'identit\u00e0 per stranieri, tessera sanitaria, carta bancaria\/conto corrente, tessera AVS, patente di guida.<\/li><li>Portate con voi al colloquio il vostro foglio di referenze e consegnatelo quando vi viene chiesto o alla fine del colloquio.<\/li><li>Portate con voi un blocco di scrittura neutro e degli utensili per scrivere.<\/li><li>Assicuratevi di scrivere e fare pratica con i nomi delle persone importanti dell'azienda che gi\u00e0 conoscete e annotate i nomi nuovi sul vostro blocco note.<\/li><li>Chiamate i presenti per nome di tanto in tanto durante la conversazione, ma soprattutto quando salutate e vi accomiatate.<\/li><\/ul><p><strong>Personale<\/strong><\/p><ul><li>Pensate ai vestiti e alle scarpe che indossate. Vestitevi e curatevi in modo da avere un bell'aspetto e sentirvi a vostro agio. Regola generale: vestitevi come se steste gi\u00e0 lavorando. Gli abiti chiari hanno un aspetto pi\u00f9 aperto e accattivante; i colori scuri sono eleganti, ma anche cupi.<\/li><li>Non indossate gioielli vistosi.<\/li><li>Usate il profumo o il dopobarba solo in modo discreto o fatene a meno, ma mostratevi ben lavati e curati.<\/li><li>Evitate l'aglio il giorno prima e l'odore di caff\u00e8, alcol o sigarette. Se fumate prima, non fumate davanti all'ingresso dell'azienda; in questo caso, arrivate un po' prima e chiedete di andare in bagno; lavatevi le mani e rinfrescatevi.<\/li><li>Portate con voi dei fazzoletti rinfrescanti; la prima stretta di mano dovrebbe avere un effetto positivo duraturo.<br \/>Portate sempre con voi dei dolci o, meglio ancora, uno spray per la bocca.<\/li><\/ul>\n<\/div>\n<\/div><\/div><\/div>\n<\/section><section class=\"bde-section-405-114 bde-section bde-preset-84a15dde-f849-469d-bf93-8fff4095fba1\">\n  \n  \n\t\n\n\n\n<div class=\"section-container\"><div class=\"bde-columns-405-115 bde-columns\"><div class=\"bde-column-405-116 bde-column\">\n  \n  \n\t\n\n\n\n<h2 class=\"bde-heading-405-117 bde-heading\">\nSuggerimento per la lettera di presentazione di un annuncio\n<\/h2>\n<\/div><div class=\"bde-column-405-118 bde-column\">\n  \n  \n\t\n\n\n\n<div class=\"bde-rich-text-405-119 bde-rich-text breakdance-rich-text-styles\">\n<ul><li>Strutturare in modo chiaro e conciso la lettera di candidatura in base ai criteri di <strong>Formula S\/I\/T (tu-incontri-me)<\/strong>:<br \/>Parte S - Voi: Il vostro legame professionale o emotivo con l'azienda, con il settore.<br \/>Parte I - Io: le vostre qualifiche, la vostra specialit\u00e0, eventualmente i vostri successi<br \/>Parte T - Vi presentiamo: La mia offerta, il vostro profitto. Richiesta di contatto e di incontro personale.<\/li><li>\u00e8 <strong>significativo<\/strong> formulato; si pu\u00f2 percepire la professionalit\u00e0 e l'emotivit\u00e0 <strong>Connessione<\/strong> della vostra persona con l'azienda o il lavoro<\/li><li>\u00e8 costituita da una serie di informazioni facilmente comprensibili e <strong>frasi brevi<\/strong><\/li><li>contiene <strong>nessuna frase vuota<\/strong> o frasi generiche e senza senso<\/li><li>si adatta alla vostra personalit\u00e0 e al vostro stile<\/li><li>\u00e8 <strong>senza errori<\/strong><\/li><li>idealmente ha la lunghezza di <strong>una pagina A4<\/strong>, massimo due pagine<\/li><\/ul><p>Tenete conto dei requisiti dell'annuncio di lavoro e dell'azienda.<\/p>\n<\/div>\n<\/div><\/div><\/div>\n<\/section><\/div>","protected":false},"excerpt":{"rendered":"<p>CONTIVA Tipps und Tricks Wir stellen Ihnen eine Reihe von n\u00fctzlichen Tipps und Tricks zur Verf\u00fcgung, die Ihnen bei der Erstellung Ihrer Bewerbungsunterlagen und der Vorbereitung auf Bewerbungsgespr\u00e4che helfen k\u00f6nnen. Zudem bieten wir Ihnen eine Liste mit h\u00e4ufig gestellten Fragen in Bewerbungsgespr\u00e4chen und Tipps zur Vorbereitung darauf. Warum sollte ich ein LinkedIn Profil erstellen? Ein [&hellip;]<\/p>\n","protected":false},"author":8,"featured_media":0,"parent":0,"menu_order":0,"comment_status":"closed","ping_status":"closed","template":"","meta":{"_acf_changed":false,"_breakdance_hide_in_design_set":false,"_breakdance_tags":"","iawp_total_views":438,"footnotes":""},"class_list":["post-405","page","type-page","status-publish","hentry"],"acf":[],"_links":{"self":[{"href":"https:\/\/www.contiva-berufsperspektiven.ch\/it\/wp-json\/wp\/v2\/pages\/405","targetHints":{"allow":["GET"]}}],"collection":[{"href":"https:\/\/www.contiva-berufsperspektiven.ch\/it\/wp-json\/wp\/v2\/pages"}],"about":[{"href":"https:\/\/www.contiva-berufsperspektiven.ch\/it\/wp-json\/wp\/v2\/types\/page"}],"author":[{"embeddable":true,"href":"https:\/\/www.contiva-berufsperspektiven.ch\/it\/wp-json\/wp\/v2\/users\/8"}],"replies":[{"embeddable":true,"href":"https:\/\/www.contiva-berufsperspektiven.ch\/it\/wp-json\/wp\/v2\/comments?post=405"}],"version-history":[{"count":7,"href":"https:\/\/www.contiva-berufsperspektiven.ch\/it\/wp-json\/wp\/v2\/pages\/405\/revisions"}],"predecessor-version":[{"id":3959,"href":"https:\/\/www.contiva-berufsperspektiven.ch\/it\/wp-json\/wp\/v2\/pages\/405\/revisions\/3959"}],"wp:attachment":[{"href":"https:\/\/www.contiva-berufsperspektiven.ch\/it\/wp-json\/wp\/v2\/media?parent=405"}],"curies":[{"name":"wp","href":"https:\/\/api.w.org\/{rel}","templated":true}]}}