{"id":4427,"date":"2024-11-27T14:46:47","date_gmt":"2024-11-27T13:46:47","guid":{"rendered":"https:\/\/www.contiva-berufsperspektiven.ch\/?page_id=4427"},"modified":"2026-01-08T18:45:23","modified_gmt":"2026-01-08T17:45:23","slug":"laboratorio-applicativo","status":"publish","type":"page","link":"https:\/\/www.contiva-berufsperspektiven.ch\/it\/awa-bs\/bewerbungslabor\/","title":{"rendered":"Laboratorio di applicazione"},"content":{"rendered":"<div class='breakdance'><div class=\"bde-globalblock-4427-100 bde-globalblock\"><div class='breakdance'><section class=\"bde-section-3672-104-3672-1 bde-section no-animation bde-section-3672-104\">\n  \n  \n\t\n\n\n\n<div class=\"section-container\"><div class=\"bde-breadcrumbs-3672-106-3672-1 bde-breadcrumbs bde-breadcrumbs-3672-106\"><nav aria-label=\"pangrattato\" class=\"rank-math-breadcrumb\"><p><span class=\"last\">CONTIVA<\/span><\/p><\/nav><\/div><\/div>\n<\/section><section class=\"bde-section-3672-101-3672-1 bde-section no-animation bde-section-3672-101\">\n  \n  \n\t\n\n\n\n<div class=\"section-container\"><h1 class=\"bde-heading-3672-102-3672-1 bde-heading bde-heading-3672-102\">\nLaboratorio di applicazione\n<\/h1><div class=\"bde-text-3672-103-3672-1 bde-text bde-text-3672-103\">\n\n<\/div><\/div>\n<\/section><\/div><\/div><section class=\"bde-section-4427-101 bde-section bde-preset-a757da71-4efb-4b7c-ac36-4af124f53d48\">\n  \n  \n\t\n\n\n\n<div class=\"section-container\"><div class=\"bde-div-4427-102 bde-div\">\n  \n  \n\t\n\n\n\n<h3 class=\"bde-heading-4427-103 bde-heading\">\nLaboratorio di applicazione\n<\/h3><div class=\"bde-rich-text-4427-104 bde-rich-text breakdance-rich-text-styles\">\n<p data-start=\"250\" data-end=\"268\"><strong>Partecipanti<\/strong><\/p><p data-start=\"269\" data-end=\"291\">Persone in cerca di lavoro che<\/p><ul><li data-start=\"294\" data-end=\"440\">vogliono candidarsi utilizzando supporti basati sulle immagini, in particolare con un video di candidatura come autentico supplemento ai documenti tradizionali.<\/li><li data-start=\"443\" data-end=\"502\">sono aperti a forme di applicazione alternative e creative.<\/li><li data-start=\"505\" data-end=\"598\">vogliono contenuti e\/o supporto tecnico per la loro presentazione personale.<\/li><\/ul><p data-start=\"600\" data-end=\"621\"><strong>Prerequisiti<\/strong><\/p><p>I partecipanti hanno un dossier di candidatura classico (CV, lettera di motivazione) e una chiara strategia di candidatura.<\/p><p>Avete buone capacit\u00e0 di utilizzo del PC e dello smartphone, lavorate in modo indipendente, siete altamente motivati e desiderosi di lavorare attivamente alla vostra presentazione personale.<\/p><p data-start=\"921\" data-end=\"936\"><strong>Obiettivi del corso<\/strong><\/p><p>Le persone in cerca di lavoro sviluppano un video di candidatura di 1-2 minuti in cui si presentano con sicurezza e autenticit\u00e0.<\/p><p>Aumentano le loro competenze mediatiche, la loro autoefficacia e adattano la loro strategia applicativa alle moderne tendenze applicative.<\/p><p data-start=\"1192\" data-end=\"1207\"><strong>Durata del corso<\/strong><\/p><p>Il modulo dura 4 settimane e si svolge una volta alla settimana (mercoled\u00ec mattina o pomeriggio).<\/p><p data-start=\"1317\" data-end=\"1330\"><strong>Suggerimento<\/strong><\/p><p>Il video applicativo \u00e8 il prodotto concreto del modulo.<\/p><p>Sono le stesse persone in cerca di lavoro a decidere come utilizzarli (ad esempio come codice QR nel CV, come allegato o come formazione per i colloqui online a tempo determinato).<\/p><p><strong>Contattateci<\/strong><br \/>Dorothea Saner Svizzera<br \/>+ 41 61 339 90 02 \/ +41 79 322 22 54\u00a0<br \/><a href=\"mailto:d.saner@contiva-berufsperspektiven.ch\">d.saner@contiva-berufsperspektiven.ch<\/a><\/p>\n<\/div><div class=\"bde-div-4427-105 bde-div bde-preset-4d0b34c7-4d84-489f-bb13-f8ff907d8258\">\n  \n  \n\t\n\n\n\n<div class=\"bde-button-4427-106 bde-button\">\n    \n                                    \n    \n    \n    \n    \n            \n                    \n            \n            \n\n    \n    \n    \n    \n    \n    <a class=\"breakdance-link button-atom button-atom--primary bde-button__button\" href=\"https:\/\/www.contiva-berufsperspektiven.ch\/wp-content\/uploads\/2026\/01\/Contiva-Modul_Bewerbungslabor-ab-2026_29.09.2025.pdf\" target=\"_blank\" data-type=\"url\"  >\n\n    \n        <span class=\"button-atom__text\">all'annuncio del corso<\/span>\n\n        \n        \n                <\/a>\n\n    \n\n\n<\/div>\n<\/div>\n<\/div><\/div>\n<\/section><\/div>","protected":false},"excerpt":{"rendered":"<p>CONTIVA Bewerbungslabor Bewerbungslabor TeilnehmendeStellensuchende, diesich mittels bildbezogener Medien bewerben m\u00f6chten, insbesondere mit einem Bewerbungsvideo als authentische Erg\u00e4nzung zu klassischen Unterlagen.offen f\u00fcr alternative und kreative Bewerbungsformen sind.inhaltliche und\/oder technische Unterst\u00fctzung bei ihrer pers\u00f6nlichen Pr\u00e4sentation w\u00fcnschen.VoraussetzungenDie Teilnehmenden verf\u00fcgen \u00fcber ein klassisches Bewerbungsdossier (Lebenslauf, Motivationsschreiben) und eine klare Bewerbungsstrategie.Sie besitzen gute PC- und Smartphone-Kenntnisse, arbeiten selbst\u00e4ndig, sind hoch [&hellip;]<\/p>\n","protected":false},"author":34,"featured_media":0,"parent":571,"menu_order":0,"comment_status":"closed","ping_status":"closed","template":"","meta":{"_acf_changed":false,"_breakdance_hide_in_design_set":false,"_breakdance_tags":"","iawp_total_views":213,"footnotes":""},"class_list":["post-4427","page","type-page","status-publish","hentry"],"acf":[],"_links":{"self":[{"href":"https:\/\/www.contiva-berufsperspektiven.ch\/it\/wp-json\/wp\/v2\/pages\/4427","targetHints":{"allow":["GET"]}}],"collection":[{"href":"https:\/\/www.contiva-berufsperspektiven.ch\/it\/wp-json\/wp\/v2\/pages"}],"about":[{"href":"https:\/\/www.contiva-berufsperspektiven.ch\/it\/wp-json\/wp\/v2\/types\/page"}],"author":[{"embeddable":true,"href":"https:\/\/www.contiva-berufsperspektiven.ch\/it\/wp-json\/wp\/v2\/users\/34"}],"replies":[{"embeddable":true,"href":"https:\/\/www.contiva-berufsperspektiven.ch\/it\/wp-json\/wp\/v2\/comments?post=4427"}],"version-history":[{"count":14,"href":"https:\/\/www.contiva-berufsperspektiven.ch\/it\/wp-json\/wp\/v2\/pages\/4427\/revisions"}],"predecessor-version":[{"id":5179,"href":"https:\/\/www.contiva-berufsperspektiven.ch\/it\/wp-json\/wp\/v2\/pages\/4427\/revisions\/5179"}],"up":[{"embeddable":true,"href":"https:\/\/www.contiva-berufsperspektiven.ch\/it\/wp-json\/wp\/v2\/pages\/571"}],"wp:attachment":[{"href":"https:\/\/www.contiva-berufsperspektiven.ch\/it\/wp-json\/wp\/v2\/media?parent=4427"}],"curies":[{"name":"wp","href":"https:\/\/api.w.org\/{rel}","templated":true}]}}