{"id":4456,"date":"2024-11-27T15:11:21","date_gmt":"2024-11-27T14:11:21","guid":{"rendered":"https:\/\/www.contiva-berufsperspektiven.ch\/?page_id=4456"},"modified":"2024-12-14T16:48:30","modified_gmt":"2024-12-14T15:48:30","slug":"coaching-applicativo","status":"publish","type":"page","link":"https:\/\/www.contiva-berufsperspektiven.ch\/it\/invalidenversicherung\/bewerbungscoaching\/","title":{"rendered":"Assistenza per le domande di lavoro"},"content":{"rendered":"<div class='breakdance'><div class=\"bde-globalblock-4456-100 bde-globalblock\"><div class='breakdance'><section class=\"bde-section-3672-104-3672-1 bde-section no-animation bde-section-3672-104\">\n  \n  \n\t\n\n\n\n<div class=\"section-container\"><div class=\"bde-breadcrumbs-3672-106-3672-1 bde-breadcrumbs bde-breadcrumbs-3672-106\"><nav aria-label=\"pangrattato\" class=\"rank-math-breadcrumb\"><p><span class=\"last\">CONTIVA<\/span><\/p><\/nav><\/div><\/div>\n<\/section><section class=\"bde-section-3672-101-3672-1 bde-section no-animation bde-section-3672-101\">\n  \n  \n\t\n\n\n\n<div class=\"section-container\"><h1 class=\"bde-heading-3672-102-3672-1 bde-heading bde-heading-3672-102\">\nAssistenza per le domande di lavoro\n<\/h1><div class=\"bde-text-3672-103-3672-1 bde-text bde-text-3672-103\">\n\n<\/div><\/div>\n<\/section><\/div><\/div><section class=\"bde-section-4456-101 bde-section\">\n  \n  \n\t\n\n\n\n<div class=\"section-container\"><div class=\"bde-div-4456-102 bde-div\">\n  \n  \n\t\n\n\n\n<h3 class=\"bde-heading-4456-103 bde-heading\">\nAssistenza per le domande di lavoro\n<\/h3><div class=\"bde-rich-text-4456-104 bde-rich-text breakdance-rich-text-styles\">\n<p><strong>Partecipanti<\/strong><br \/>Gli assicurati dell'AI che sono alla ricerca di un lavoro.<\/p><p><strong>Prerequisiti<\/strong><\/p><ul><li>Sono state chiarite le prestazioni in relazione al mercato del lavoro primario.<\/li><li>Gli assicurati dell'AI hanno una conoscenza minima del tedesco (su richiesta \u00e8 possibile anche il coaching in E, F e I).<\/li><li>Sono motivati.<\/li><\/ul><p><strong>Obiettivi<\/strong><br \/>Nell'ambito del job application coaching, gli assicurati dell'AI sviluppano un aspetto convincente per il mercato del lavoro e per l'avvio di un'attivit\u00e0 lavorativa. Hanno sviluppato una strategia di candidatura, preparato i documenti di candidatura e fatto pratica per i colloqui di lavoro.<\/p><p><strong>Numero di ore<\/strong><br \/>20<\/p><p><strong>Durata<\/strong><br \/>3 mesi<\/p><p><strong>Contattateci<\/strong><br \/>Sabina Cannarozzo<br \/>+41 61 339 90 03<br \/>+41 79 627 51 82<br \/><a href=\"mailto:s.cannarozzo@contiva-berufsperspektiven.ch\">s.cannarozzo@contiva-berufsperspektiven.ch<\/a><\/p>\n<\/div>\n<\/div><\/div>\n<\/section><\/div>","protected":false},"excerpt":{"rendered":"<p>CONTIVA Bewerbungscoaching Bewerbungscoaching TeilnehmendeIV-Versicherte, die eine Stelle suchen.VoraussetzungenDie Leistungsf\u00e4higkeit in Bezug auf den ersten Arbeitsmarkt ist gekl\u00e4rt.Die IV-Versicherten verf\u00fcgen \u00fcber minimale Deutschkenntnisse (auf Anfrage Coaching auch in E, F und I m\u00f6glich).Sie sind motiviert.ZieleDie IV-Versicherten erarbeiten im Bewerbungscoaching einen \u00fcberzeugender Auftritt f\u00fcr den Arbeitsmarkt und f\u00fcr den Stellenantritt. Sie haben eine Bewerbungsstrategie entwickelt, Bewerbungsunterlagen erstellt [&hellip;]<\/p>\n","protected":false},"author":34,"featured_media":0,"parent":892,"menu_order":0,"comment_status":"closed","ping_status":"closed","template":"","meta":{"_acf_changed":false,"_breakdance_hide_in_design_set":false,"_breakdance_tags":"","iawp_total_views":130,"footnotes":""},"class_list":["post-4456","page","type-page","status-publish","hentry"],"acf":[],"_links":{"self":[{"href":"https:\/\/www.contiva-berufsperspektiven.ch\/it\/wp-json\/wp\/v2\/pages\/4456","targetHints":{"allow":["GET"]}}],"collection":[{"href":"https:\/\/www.contiva-berufsperspektiven.ch\/it\/wp-json\/wp\/v2\/pages"}],"about":[{"href":"https:\/\/www.contiva-berufsperspektiven.ch\/it\/wp-json\/wp\/v2\/types\/page"}],"author":[{"embeddable":true,"href":"https:\/\/www.contiva-berufsperspektiven.ch\/it\/wp-json\/wp\/v2\/users\/34"}],"replies":[{"embeddable":true,"href":"https:\/\/www.contiva-berufsperspektiven.ch\/it\/wp-json\/wp\/v2\/comments?post=4456"}],"version-history":[{"count":4,"href":"https:\/\/www.contiva-berufsperspektiven.ch\/it\/wp-json\/wp\/v2\/pages\/4456\/revisions"}],"predecessor-version":[{"id":4700,"href":"https:\/\/www.contiva-berufsperspektiven.ch\/it\/wp-json\/wp\/v2\/pages\/4456\/revisions\/4700"}],"up":[{"embeddable":true,"href":"https:\/\/www.contiva-berufsperspektiven.ch\/it\/wp-json\/wp\/v2\/pages\/892"}],"wp:attachment":[{"href":"https:\/\/www.contiva-berufsperspektiven.ch\/it\/wp-json\/wp\/v2\/media?parent=4456"}],"curies":[{"name":"wp","href":"https:\/\/api.w.org\/{rel}","templated":true}]}}