{"id":4459,"date":"2024-11-27T15:13:16","date_gmt":"2024-11-27T14:13:16","guid":{"rendered":"https:\/\/www.contiva-berufsperspektiven.ch\/?page_id=4459"},"modified":"2024-12-14T16:49:10","modified_gmt":"2024-12-14T15:49:10","slug":"coaching-sul-lavoro","status":"publish","type":"page","link":"https:\/\/www.contiva-berufsperspektiven.ch\/it\/invalidenversicherung\/job-coaching\/","title":{"rendered":"Coaching sul lavoro"},"content":{"rendered":"<div class=\"bde-globalblock-4459-100 bde-globalblock\"><section class=\"bde-section-3672-104-3672-1 bde-section no-animation bde-section-3672-104\">\n  \n  \n\t\n\n\n\n<div class=\"section-container\"><div class=\"bde-breadcrumbs-3672-106-3672-1 bde-breadcrumbs bde-breadcrumbs-3672-106\"><nav aria-label=\"pangrattato\" class=\"rank-math-breadcrumb\"><p><span class=\"last\">CONTIVA<\/span><\/p><\/nav><\/div><\/div>\n<\/section><section class=\"bde-section-3672-101-3672-1 bde-section no-animation bde-section-3672-101\">\n  \n  \n\t\n\n\n\n<div class=\"section-container\"><h1 class=\"bde-heading-3672-102-3672-1 bde-heading bde-heading-3672-102\">\nCoaching sul lavoro\n<\/h1><div class=\"bde-text-3672-103-3672-1 bde-text bde-text-3672-103\">\n\n<\/div><\/div>\n<\/section><\/div><section class=\"bde-section-4459-101 bde-section\">\n  \n  \n\t\n\n\n\n<div class=\"section-container\"><div class=\"bde-div-4459-102 bde-div\">\n  \n  \n\t\n\n\n\n<h3 class=\"bde-heading-4459-103 bde-heading\">\nCoaching sul lavoro\n<\/h3><div class=\"bde-rich-text-4459-104 bde-rich-text breakdance-rich-text-styles\">\n<p><strong>Partecipanti<\/strong><br \/>Assicurati IV che hanno un rapporto di lavoro.<\/p><p><strong>Prerequisiti<\/strong><\/p><ul><li>Le persone assicurate dell'AI hanno un rapporto di lavoro.<\/li><li>Avete una conoscenza minima del tedesco (su richiesta \u00e8 possibile anche il coaching in E, F e I).<\/li><li>Sono motivati.<\/li><\/ul><p><strong>Obiettivi<\/strong><br \/>Le persone assicurate con l'AI possono mantenere il loro posto di lavoro, che potrebbe dover essere leggermente modificato. Gli assicurati dell'AI e i datori di lavoro vengono assistiti da Contiva secondo le necessit\u00e0. La necessit\u00e0 di assistenza viene chiarita.<\/p><p><strong>Numero di ore<\/strong><br \/>20<\/p><p><strong>Durata<\/strong><br \/>3 mesi<\/p><p><strong>Contattateci<\/strong><br \/>Sabina Cannarozzo<br \/>+41 61 339 90 03<br \/>+41 79 627 51 82<br \/><a href=\"mailto:s.cannarozzo@contiva-berufsperspektiven.ch\">s.cannarozzo@contiva-berufsperspektiven.ch<\/a><\/p>\n<\/div>\n<\/div><\/div>\n<\/section>","protected":false},"excerpt":{"rendered":"<p>CONTIVA Job Coaching Job Coaching TeilnehmendeIV-Versicherte, die ein Arbeitsverh\u00e4ltnis haben.VoraussetzungenDie IV-Versicherten haben ein Arbeitsverh\u00e4ltnis.Sie verf\u00fcgen \u00fcber minimale Deutschkenntnisse (auf Anfrage Coaching auch in E, F und I m\u00f6glich).Sie sind motiviert.ZieleDie IV-Versicherten k\u00f6nnen ihren Job behalten; eventuell muss er leicht angepasst werden. IV-Versicherte und und Arbeitgeber werden bedarfsgerecht durch Contiva unterst\u00fctzt. Der Hilfsmittelbedarf ist gekl\u00e4rt.Anzahl Stunden20Dauer3 [&hellip;]<\/p>\n","protected":false},"author":34,"featured_media":0,"parent":892,"menu_order":0,"comment_status":"closed","ping_status":"closed","template":"","meta":{"_acf_changed":false,"_breakdance_hide_in_design_set":false,"_breakdance_tags":"","iawp_total_views":196,"footnotes":""},"class_list":["post-4459","page","type-page","status-publish","hentry"],"acf":[],"_links":{"self":[{"href":"https:\/\/www.contiva-berufsperspektiven.ch\/it\/wp-json\/wp\/v2\/pages\/4459","targetHints":{"allow":["GET"]}}],"collection":[{"href":"https:\/\/www.contiva-berufsperspektiven.ch\/it\/wp-json\/wp\/v2\/pages"}],"about":[{"href":"https:\/\/www.contiva-berufsperspektiven.ch\/it\/wp-json\/wp\/v2\/types\/page"}],"author":[{"embeddable":true,"href":"https:\/\/www.contiva-berufsperspektiven.ch\/it\/wp-json\/wp\/v2\/users\/34"}],"replies":[{"embeddable":true,"href":"https:\/\/www.contiva-berufsperspektiven.ch\/it\/wp-json\/wp\/v2\/comments?post=4459"}],"version-history":[{"count":4,"href":"https:\/\/www.contiva-berufsperspektiven.ch\/it\/wp-json\/wp\/v2\/pages\/4459\/revisions"}],"predecessor-version":[{"id":4702,"href":"https:\/\/www.contiva-berufsperspektiven.ch\/it\/wp-json\/wp\/v2\/pages\/4459\/revisions\/4702"}],"up":[{"embeddable":true,"href":"https:\/\/www.contiva-berufsperspektiven.ch\/it\/wp-json\/wp\/v2\/pages\/892"}],"wp:attachment":[{"href":"https:\/\/www.contiva-berufsperspektiven.ch\/it\/wp-json\/wp\/v2\/media?parent=4459"}],"curies":[{"name":"wp","href":"https:\/\/api.w.org\/{rel}","templated":true}]}}