{"id":698,"date":"2023-05-05T12:40:55","date_gmt":"2023-05-05T10:40:55","guid":{"rendered":"https:\/\/www.contiva-berufsperspektiven.ch\/?page_id=698"},"modified":"2026-04-23T11:54:00","modified_gmt":"2026-04-23T09:54:00","slug":"jobway-awa-bs","status":"publish","type":"page","link":"https:\/\/www.contiva-berufsperspektiven.ch\/it\/jobway-awa-bs\/","title":{"rendered":"Jobway (AWA BS)"},"content":{"rendered":"<div class='breakdance'><div class=\"bde-globalblock-698-100 bde-globalblock\"><div class='breakdance'><section class=\"bde-section-3672-104-3672-1 bde-section no-animation bde-section-3672-104\">\n  \n  \n\t\n\n\n\n<div class=\"section-container\"><div class=\"bde-breadcrumbs-3672-106-3672-1 bde-breadcrumbs bde-breadcrumbs-3672-106\"><nav aria-label=\"pangrattato\" class=\"rank-math-breadcrumb\"><p><span class=\"last\">CONTIVA<\/span><\/p><\/nav><\/div><\/div>\n<\/section><section class=\"bde-section-3672-101-3672-1 bde-section no-animation bde-section-3672-101\">\n  \n  \n\t\n\n\n\n<div class=\"section-container\"><h1 class=\"bde-heading-3672-102-3672-1 bde-heading bde-heading-3672-102\">\nJOBWAY - offerta modulare per le persone in cerca di lavoro\n<\/h1><div class=\"bde-text-3672-103-3672-1 bde-text bde-text-3672-103\">\n<p>Sosteniamo le persone in cerca di lavoro in modo rapido e personale: insieme al loro consulente JOBWAY, le persone in cerca di lavoro mettono insieme un pacchetto di moduli di corso e una consulenza individuale per aiutarle a candidarsi con successo.<br \/>\nLe persone in cerca di lavoro ottimizzano i loro documenti di candidatura e sanno per quali lavori desiderano candidarsi. I partecipanti sfruttano tutte le opportunit\u00e0 per ritrovare rapidamente un lavoro.<\/p>\n\n<\/div><\/div>\n<\/section><\/div><\/div><section class=\"bde-section-698-234 bde-section\">\n  \n  \n\t\n\n\n\n<div class=\"section-container\"><h2 class=\"bde-heading-698-235 bde-heading\">\nIl vostro percorso verso il successo\n<\/h2><div class=\"bde-div-698-237 bde-div\">\n  \n  \n\t\n\n\n\n<a class=\"bde-text-link-698-253 bde-text-link breakdance-link\" href=\"https:\/\/www.contiva-berufsperspektiven.ch\/it\/jobway-awa-bs\/inizio\/\" target=\"_self\" data-type=\"url\">\n  Inizio\n\n<\/a><div class=\"bde-icon-698-241 bde-icon\">\n\n    \n            <div class=\"bde-icon-icon breakdance-icon-atom\" >\n    \n                    <svg xmlns=\"http:\/\/www.w3.org\/2000\/svg\" viewbox=\"0 0 320 512\"><!--!Font Awesome Pro 6.5.1 by @fontawesome - https:\/\/fontawesome.com License - https:\/\/fontawesome.com\/license (Commercial License) Copyright 2024 Fonticons, Inc.--><path d=\"M305 239c9.4 9.4 9.4 24.6 0 33.9L113 465c-9.4 9.4-24.6 9.4-33.9 0s-9.4-24.6 0-33.9l175-175L79 81c-9.4-9.4-9.4-24.6 0-33.9s24.6-9.4 33.9 0L305 239z\"\/><\/svg>\n        \n        \n        \n            <\/div>\n    \n\n\n<\/div><a class=\"bde-text-link-698-255 bde-text-link breakdance-link\" href=\"https:\/\/www.contiva-berufsperspektiven.ch\/it\/jobway-awa-bs\/localizzazione\/\" target=\"_self\" data-type=\"url\">\n  Posizionamento\n\n<\/a><div class=\"bde-icon-698-245 bde-icon\">\n\n    \n            <div class=\"bde-icon-icon breakdance-icon-atom\" >\n    \n                    <svg xmlns=\"http:\/\/www.w3.org\/2000\/svg\" viewbox=\"0 0 320 512\"><!--!Font Awesome Pro 6.5.1 by @fontawesome - https:\/\/fontawesome.com License - https:\/\/fontawesome.com\/license (Commercial License) Copyright 2024 Fonticons, Inc.--><path d=\"M305 239c9.4 9.4 9.4 24.6 0 33.9L113 465c-9.4 9.4-24.6 9.4-33.9 0s-9.4-24.6 0-33.9l175-175L79 81c-9.4-9.4-9.4-24.6 0-33.9s24.6-9.4 33.9 0L305 239z\"\/><\/svg>\n        \n        \n        \n            <\/div>\n    \n\n\n<\/div><a class=\"bde-text-link-698-264 bde-text-link breakdance-link\" href=\"https:\/\/www.contiva-berufsperspektiven.ch\/it\/jobway-awa-bs\/domanda-scritta\/\" target=\"_self\" data-type=\"url\">\n  Domanda scritta\n\n<\/a><div class=\"bde-icon-698-265 bde-icon\">\n\n    \n            <div class=\"bde-icon-icon breakdance-icon-atom\" >\n    \n                    <svg xmlns=\"http:\/\/www.w3.org\/2000\/svg\" viewbox=\"0 0 320 512\"><!--!Font Awesome Pro 6.5.1 by @fontawesome - https:\/\/fontawesome.com License - https:\/\/fontawesome.com\/license (Commercial License) Copyright 2024 Fonticons, Inc.--><path d=\"M305 239c9.4 9.4 9.4 24.6 0 33.9L113 465c-9.4 9.4-24.6 9.4-33.9 0s-9.4-24.6 0-33.9l175-175L79 81c-9.4-9.4-9.4-24.6 0-33.9s24.6-9.4 33.9 0L305 239z\"\/><\/svg>\n        \n        \n        \n            <\/div>\n    \n\n\n<\/div><a class=\"bde-text-link-698-262 bde-text-link breakdance-link\" href=\"https:\/\/www.contiva-berufsperspektiven.ch\/it\/jobway-awa-bs\/applicazione-orale\/\" target=\"_self\" data-type=\"url\">\n  Applicazione orale\n\n<\/a><div class=\"bde-icon-698-256 bde-icon\">\n\n    \n            <div class=\"bde-icon-icon breakdance-icon-atom\" >\n    \n                    <svg xmlns=\"http:\/\/www.w3.org\/2000\/svg\" viewbox=\"0 0 320 512\"><!--!Font Awesome Pro 6.5.1 by @fontawesome - https:\/\/fontawesome.com License - https:\/\/fontawesome.com\/license (Commercial License) Copyright 2024 Fonticons, Inc.--><path d=\"M305 239c9.4 9.4 9.4 24.6 0 33.9L113 465c-9.4 9.4-24.6 9.4-33.9 0s-9.4-24.6 0-33.9l175-175L79 81c-9.4-9.4-9.4-24.6 0-33.9s24.6-9.4 33.9 0L305 239z\"\/><\/svg>\n        \n        \n        \n            <\/div>\n    \n\n\n<\/div><a class=\"bde-text-link-698-260 bde-text-link breakdance-link\" href=\"https:\/\/www.contiva-berufsperspektiven.ch\/it\/jobway-awa-bs\/applicazione-digitale\/\" target=\"_self\" data-type=\"url\">\n  Applicazione digitale\n\n<\/a><div class=\"bde-icon-698-268 bde-icon\">\n\n    \n            <div class=\"bde-icon-icon breakdance-icon-atom\" >\n    \n                    <svg xmlns=\"http:\/\/www.w3.org\/2000\/svg\" viewbox=\"0 0 320 512\"><!--!Font Awesome Pro 6.5.1 by @fontawesome - https:\/\/fontawesome.com License - https:\/\/fontawesome.com\/license (Commercial License) Copyright 2024 Fonticons, Inc.--><path d=\"M305 239c9.4 9.4 9.4 24.6 0 33.9L113 465c-9.4 9.4-24.6 9.4-33.9 0s-9.4-24.6 0-33.9l175-175L79 81c-9.4-9.4-9.4-24.6 0-33.9s24.6-9.4 33.9 0L305 239z\"\/><\/svg>\n        \n        \n        \n            <\/div>\n    \n\n\n<\/div><a class=\"bde-text-link-698-258 bde-text-link breakdance-link\" href=\"https:\/\/www.contiva-berufsperspektiven.ch\/it\/jobway-awa-bs\/workshop-di-applicazione\/\" target=\"_self\" data-type=\"url\">\n  Workshop di applicazione\n\n<\/a><div class=\"bde-icon-698-249 bde-icon\">\n\n    \n            <div class=\"bde-icon-icon breakdance-icon-atom\" >\n    \n                    <svg xmlns=\"http:\/\/www.w3.org\/2000\/svg\" viewbox=\"0 0 320 512\"><!--!Font Awesome Pro 6.5.1 by @fontawesome - https:\/\/fontawesome.com License - https:\/\/fontawesome.com\/license (Commercial License) Copyright 2024 Fonticons, Inc.--><path d=\"M305 239c9.4 9.4 9.4 24.6 0 33.9L113 465c-9.4 9.4-24.6 9.4-33.9 0s-9.4-24.6 0-33.9l175-175L79 81c-9.4-9.4-9.4-24.6 0-33.9s24.6-9.4 33.9 0L305 239z\"\/><\/svg>\n        \n        \n        \n            <\/div>\n    \n\n\n<\/div><a class=\"bde-text-link-698-267 bde-text-link breakdance-link\" href=\"https:\/\/www.contiva-berufsperspektiven.ch\/it\/jobway-awa-bs\/coaching\/\" target=\"_self\" data-type=\"url\">\n  Coaching\n\n<\/a><div class=\"bde-icon-698-269 bde-icon\">\n\n    \n            <div class=\"bde-icon-icon breakdance-icon-atom\" >\n    \n                    <svg xmlns=\"http:\/\/www.w3.org\/2000\/svg\" viewbox=\"0 0 320 512\"><!--!Font Awesome Pro 6.5.1 by @fontawesome - https:\/\/fontawesome.com License - https:\/\/fontawesome.com\/license (Commercial License) Copyright 2024 Fonticons, Inc.--><path d=\"M305 239c9.4 9.4 9.4 24.6 0 33.9L113 465c-9.4 9.4-24.6 9.4-33.9 0s-9.4-24.6 0-33.9l175-175L79 81c-9.4-9.4-9.4-24.6 0-33.9s24.6-9.4 33.9 0L305 239z\"\/><\/svg>\n        \n        \n        \n            <\/div>\n    \n\n\n<\/div><a class=\"bde-text-link-698-271 bde-text-link breakdance-link\" href=\"https:\/\/www.contiva-berufsperspektiven.ch\/it\/jobway-awa-bs\/conclusione\/\" target=\"_self\" data-type=\"url\">\n  Conclusione\n\n<\/a>\n<\/div><\/div>\n<\/section><section class=\"bde-section-698-101 bde-section bde-preset-a757da71-4efb-4b7c-ac36-4af124f53d48\">\n  \n  \n\t\n\n\n\n<div class=\"section-container\"><div class=\"bde-rich-text-698-102 bde-rich-text breakdance-rich-text-styles\">\n<h2>Supporto personale<\/h2><p>I nostri consulenti JOBWAY forniscono alle persone in cerca di lavoro un supporto continuo durante il processo di candidatura.<\/p><p>Durante il primo colloquio, analizziamo insieme alla persona in cerca di lavoro la sua carriera professionale e pianifichiamo i passi che la porteranno alla posizione successiva. Insieme alla persona in cerca di lavoro, stabiliamo quali moduli del corso sono necessari per il processo di candidatura.<\/p><p>Se necessario, forniamo ai clienti un supporto pi\u00f9 completo sotto forma di consulenza di carriera personale o di coaching.<\/p>\n<\/div><\/div>\n<\/section><section class=\"bde-section-698-103 bde-section bde-preset-6cbafd79-6cf5-4efc-814d-32d35d7ff6b4\">\n  \n  \n\t\n\n\n\n<div class=\"section-container\"><div class=\"bde-advancedslider-698-104 bde-advancedslider bde-preset-af5bf375-9721-441b-9348-235ce450e197\">\n<div class=\"breakdance-swiper-wrapper\" data-swiper-id=\"104\">\n  <div class=\"swiper\">\n    <div class=\"swiper-wrapper\">\n      <div class=\"bde-advancedslide-698-105 bde-advancedslide bde-preset-826548e5-2943-4281-b958-f34fcabf3cc5 swiper-slide\"><div class=\"advanced-slider__slide\">\r\n  <div class=\"bde-columns-698-115 bde-columns\"><div class=\"bde-column-698-116 bde-column\">\n  \n  \n\t\n\n\n\n<div class=\"bde-image-box-698-119 bde-image-box bde-preset-f247a13e-c0f9-45c3-9e2f-2f80e9354221\">\n<div class=\"ee-imagebox-image\">\n  <img loading=\"lazy\" decoding=\"async\" class=\"breakdance-image-object\" src=\"https:\/\/www.contiva-berufsperspektiven.ch\/wp-content\/uploads\/2026\/04\/Jobway_Beratung.png?t=1775812360\" width=\"300\" height=\"300\" srcset=\"https:\/\/www.contiva-berufsperspektiven.ch\/wp-content\/uploads\/2026\/04\/Jobway_Beratung.png?t=1775812360 300w, https:\/\/www.contiva-berufsperspektiven.ch\/wp-content\/uploads\/2026\/04\/Jobway_Beratung-150x150.png?t=1775812360 150w, https:\/\/www.contiva-berufsperspektiven.ch\/wp-content\/uploads\/2026\/04\/Jobway_Beratung-12x12.png?t=1775812360 12w\" sizes=\"auto, (max-width: 300px) 100vw, 300px\" alt=\"Zwei H\u00e4nde bei der Begr\u00fcssung mit einem Start-Pfeil\">\n<\/div>\n<div class=\"ee-imagebox-content\">\n      <p class=\"ee-imagebox-title bde-h3\" >Inizio<br>Zusammenarbeit<\/p>\n    \n      <div class=\"ee-imagebox-text\" >Aufnahmegespr\u00e4ch f\u00fchren \u2022 Handlungsbedarf definieren \u2022 Modulteilnahme organisieren \u2022 individuelle Begleitung planen<\/div>\n    \n  <\/div>\n\n<\/div>\n<\/div><div class=\"bde-column-698-117 bde-column\">\n  \n  \n\t\n\n\n\n<div class=\"bde-image-box-698-120 bde-image-box bde-preset-f247a13e-c0f9-45c3-9e2f-2f80e9354221\">\n<div class=\"ee-imagebox-image\">\n  <img loading=\"lazy\" decoding=\"async\" class=\"breakdance-image-object\" src=\"https:\/\/www.contiva-berufsperspektiven.ch\/wp-content\/uploads\/2026\/04\/Jobway_Standortbestimmung.png?t=1775811987\" width=\"300\" height=\"300\" srcset=\"https:\/\/www.contiva-berufsperspektiven.ch\/wp-content\/uploads\/2026\/04\/Jobway_Standortbestimmung.png?t=1775811987 300w, https:\/\/www.contiva-berufsperspektiven.ch\/wp-content\/uploads\/2026\/04\/Jobway_Standortbestimmung-150x150.png?t=1775811987 150w, https:\/\/www.contiva-berufsperspektiven.ch\/wp-content\/uploads\/2026\/04\/Jobway_Standortbestimmung-12x12.png?t=1775811987 12w\" sizes=\"auto, (max-width: 300px) 100vw, 300px\" alt=\"Symbolische Darstellung der Standortbestimmung\">\n<\/div>\n<div class=\"ee-imagebox-content\">\n      <p class=\"ee-imagebox-title bde-h3\" >Berufliche <br>Posizionamento<\/p>\n    \n      <div class=\"ee-imagebox-text\" >Riconoscere le competenze - esplorare i percorsi di carriera - sviluppare prospettive - conoscere le opportunit\u00e0 formative<\/div>\n    \n  <\/div>\n\n<\/div>\n<\/div><div class=\"bde-column-698-118 bde-column\">\n  \n  \n\t\n\n\n\n<div class=\"bde-image-box-698-121 bde-image-box bde-preset-f247a13e-c0f9-45c3-9e2f-2f80e9354221\">\n<div class=\"ee-imagebox-image\">\n  <img loading=\"lazy\" decoding=\"async\" class=\"breakdance-image-object\" src=\"https:\/\/www.contiva-berufsperspektiven.ch\/wp-content\/uploads\/2026\/04\/Jobway_SBK.png?t=1775812191\" width=\"300\" height=\"300\" srcset=\"https:\/\/www.contiva-berufsperspektiven.ch\/wp-content\/uploads\/2026\/04\/Jobway_SBK.png?t=1775812191 300w, https:\/\/www.contiva-berufsperspektiven.ch\/wp-content\/uploads\/2026\/04\/Jobway_SBK-150x150.png?t=1775812191 150w, https:\/\/www.contiva-berufsperspektiven.ch\/wp-content\/uploads\/2026\/04\/Jobway_SBK-12x12.png?t=1775812191 12w\" sizes=\"auto, (max-width: 300px) 100vw, 300px\" alt=\"Symbolische Darstellung Schriftliche Bewerbungsunterlage\">\n<\/div>\n<div class=\"ee-imagebox-content\">\n      <p class=\"ee-imagebox-title bde-h3\" >Schriftliche <br>Bewerbungskompetenz<\/p>\n    \n      <div class=\"ee-imagebox-text\" >\u00fcberzeugendes Dossier erarbeiten \u2022 <br>individuellen Lebenslauf und Motivationsschreiben erstellen \u2022 <br>sich per E-Mail und online bewerben\u00a0<\/div>\n    \n  <\/div>\n\n<\/div>\n<\/div><\/div>\r\n<\/div><\/div><div class=\"bde-advancedslide-698-122 bde-advancedslide bde-preset-826548e5-2943-4281-b958-f34fcabf3cc5 swiper-slide\"><div class=\"advanced-slider__slide\">\r\n  <div class=\"bde-columns-698-123 bde-columns\"><div class=\"bde-column-698-124 bde-column\">\n  \n  \n\t\n\n\n\n<div class=\"bde-image-box-698-125 bde-image-box bde-preset-f247a13e-c0f9-45c3-9e2f-2f80e9354221\">\n<div class=\"ee-imagebox-image\">\n  <img loading=\"lazy\" decoding=\"async\" class=\"breakdance-image-object\" src=\"https:\/\/www.contiva-berufsperspektiven.ch\/wp-content\/uploads\/2026\/04\/Jobway_MBK.png?t=1775812142\" width=\"300\" height=\"300\" srcset=\"https:\/\/www.contiva-berufsperspektiven.ch\/wp-content\/uploads\/2026\/04\/Jobway_MBK.png?t=1775812142 300w, https:\/\/www.contiva-berufsperspektiven.ch\/wp-content\/uploads\/2026\/04\/Jobway_MBK-150x150.png?t=1775812142 150w, https:\/\/www.contiva-berufsperspektiven.ch\/wp-content\/uploads\/2026\/04\/Jobway_MBK-12x12.png?t=1775812142 12w\" sizes=\"auto, (max-width: 300px) 100vw, 300px\" alt=\"Symbolische Darstellung zweier Menschen beim Gespr\u00e4ch\">\n<\/div>\n<div class=\"ee-imagebox-content\">\n      <p class=\"ee-imagebox-title bde-h3\" >M\u00fcndliche <br>Bewerbungskompetenz<\/p>\n    \n      <div class=\"ee-imagebox-text\" >Prepararsi in modo ottimale a un colloquio di lavoro - acquisire sicurezza nel proprio aspetto - formulare i propri punti di forza - rispondere bene alle domande difficili<\/div>\n    \n  <\/div>\n\n<\/div>\n<\/div><div class=\"bde-column-698-126 bde-column\">\n  \n  \n\t\n\n\n\n<div class=\"bde-image-box-698-130 bde-image-box bde-preset-f247a13e-c0f9-45c3-9e2f-2f80e9354221\">\n<div class=\"ee-imagebox-image\">\n  <img loading=\"lazy\" decoding=\"async\" class=\"breakdance-image-object\" src=\"https:\/\/www.contiva-berufsperspektiven.ch\/wp-content\/uploads\/2026\/04\/Jobway_DSM.png?t=1775812045\" width=\"300\" height=\"300\" srcset=\"https:\/\/www.contiva-berufsperspektiven.ch\/wp-content\/uploads\/2026\/04\/Jobway_DSM.png?t=1775812045 300w, https:\/\/www.contiva-berufsperspektiven.ch\/wp-content\/uploads\/2026\/04\/Jobway_DSM-150x150.png?t=1775812045 150w, https:\/\/www.contiva-berufsperspektiven.ch\/wp-content\/uploads\/2026\/04\/Jobway_DSM-12x12.png?t=1775812045 12w\" sizes=\"auto, (max-width: 300px) 100vw, 300px\" alt=\"Symbolische Darstellung Digitaler Bewerbungsplattformen\">\n<\/div>\n<div class=\"ee-imagebox-content\">\n      <p class=\"ee-imagebox-title bde-h3\" >Digitales <br>Selbstmarketing<\/p>\n    \n      <div class=\"ee-imagebox-text\" >Alleinstellungsmerkmal herausarbeiten \u2022 auf LinkedIn\u00a0\u00fcberzeugen \u2022 berufliches Netzwerk aufbauen und nutzen<\/div>\n    \n  <\/div>\n\n<\/div>\n<\/div><div class=\"bde-column-698-135 bde-column\">\n  \n  \n\t\n\n\n\n<div class=\"bde-image-box-698-136 bde-image-box bde-preset-f247a13e-c0f9-45c3-9e2f-2f80e9354221\">\n<div class=\"ee-imagebox-image\">\n  <img loading=\"lazy\" decoding=\"async\" class=\"breakdance-image-object\" src=\"https:\/\/www.contiva-berufsperspektiven.ch\/wp-content\/uploads\/2026\/04\/Jobway_Bewerbungslabor.png?t=1775812230\" width=\"300\" height=\"300\" srcset=\"https:\/\/www.contiva-berufsperspektiven.ch\/wp-content\/uploads\/2026\/04\/Jobway_Bewerbungslabor.png?t=1775812230 300w, https:\/\/www.contiva-berufsperspektiven.ch\/wp-content\/uploads\/2026\/04\/Jobway_Bewerbungslabor-150x150.png?t=1775812230 150w, https:\/\/www.contiva-berufsperspektiven.ch\/wp-content\/uploads\/2026\/04\/Jobway_Bewerbungslabor-12x12.png?t=1775812230 12w\" sizes=\"auto, (max-width: 300px) 100vw, 300px\" alt=\"Symbolische Darstellung von Videoaufnahmen mit dem Mobiltelefon\">\n<\/div>\n<div class=\"ee-imagebox-content\">\n      <p class=\"ee-imagebox-title bde-h3\" >Laboratorio di applicazione<br>\u00a0<\/p>\n    \n      <div class=\"ee-imagebox-text\" >sich alternativ\/kreativ bewerben \u2022 Medienkompetenz gezielt einsetzen\u00a0 \u2022 Schl\u00fcsselkompetenzen visuell darstellen \u2022 Alleinstellungsmerkmal st\u00e4rken<\/div>\n    \n  <\/div>\n\n<\/div>\n<\/div><\/div>\r\n<\/div><\/div><div class=\"bde-advancedslide-698-133 bde-advancedslide bde-preset-826548e5-2943-4281-b958-f34fcabf3cc5 swiper-slide\"><div class=\"advanced-slider__slide\">\r\n  <div class=\"bde-columns-698-134 bde-columns\"><div class=\"bde-column-698-128 bde-column\">\n  \n  \n\t\n\n\n\n<div class=\"bde-image-box-698-132 bde-image-box bde-preset-f247a13e-c0f9-45c3-9e2f-2f80e9354221\">\n<div class=\"ee-imagebox-image\">\n  <img loading=\"lazy\" decoding=\"async\" class=\"breakdance-image-object\" src=\"https:\/\/www.contiva-berufsperspektiven.ch\/wp-content\/uploads\/2026\/04\/Jobway_Bewerbungswerkstatt.png?t=1775812272\" width=\"300\" height=\"300\" srcset=\"https:\/\/www.contiva-berufsperspektiven.ch\/wp-content\/uploads\/2026\/04\/Jobway_Bewerbungswerkstatt.png?t=1775812272 300w, https:\/\/www.contiva-berufsperspektiven.ch\/wp-content\/uploads\/2026\/04\/Jobway_Bewerbungswerkstatt-150x150.png?t=1775812272 150w, https:\/\/www.contiva-berufsperspektiven.ch\/wp-content\/uploads\/2026\/04\/Jobway_Bewerbungswerkstatt-12x12.png?t=1775812272 12w\" sizes=\"auto, (max-width: 300px) 100vw, 300px\" alt=\"Symbolische Darstellung von Bewerbungsunterlagen\">\n<\/div>\n<div class=\"ee-imagebox-content\">\n      <p class=\"ee-imagebox-title bde-h3\" >Workshop di applicazione<br>\u00a0<\/p>\n    \n      <div class=\"ee-imagebox-text\" >sich aktiv und reaktiv bewerben \u2022 Bewerbungen \u00fcberpr\u00fcfen lassen \u2022 sich per E-Mail und online bewerben \u2022 von Tipps und Tricks profitieren<\/div>\n    \n  <\/div>\n\n<\/div>\n<\/div><div class=\"bde-column-698-137 bde-column\">\n  \n  \n\t\n\n\n\n<div class=\"bde-image-box-698-138 bde-image-box bde-preset-f247a13e-c0f9-45c3-9e2f-2f80e9354221\">\n<div class=\"ee-imagebox-image\">\n  <img loading=\"lazy\" decoding=\"async\" class=\"breakdance-image-object\" src=\"https:\/\/www.contiva-berufsperspektiven.ch\/wp-content\/uploads\/2026\/04\/Jobway_Abschluss.png?t=1775812315\" width=\"300\" height=\"300\" srcset=\"https:\/\/www.contiva-berufsperspektiven.ch\/wp-content\/uploads\/2026\/04\/Jobway_Abschluss.png?t=1775812315 300w, https:\/\/www.contiva-berufsperspektiven.ch\/wp-content\/uploads\/2026\/04\/Jobway_Abschluss-150x150.png?t=1775812315 150w, https:\/\/www.contiva-berufsperspektiven.ch\/wp-content\/uploads\/2026\/04\/Jobway_Abschluss-12x12.png?t=1775812315 12w\" sizes=\"auto, (max-width: 300px) 100vw, 300px\" alt=\"Zwei H\u00e4nde beim Abschied mit einem H\u00e4ckchen als Symbol f\u00fcr den Abschluss des Programms\">\n<\/div>\n<div class=\"ee-imagebox-content\">\n      <p class=\"ee-imagebox-title bde-h3\" >Conclusione <br>Zusammenarbeit<\/p>\n    \n      <div class=\"ee-imagebox-text\" >Bilanz ziehen \u2022 Teilnahme auswerten \u2022 weitere Schritte definieren<\/div>\n    \n  <\/div>\n\n<\/div>\n<\/div><div class=\"bde-column-698-139 bde-column\">\n  \n  \n\t\n\n\n\n\n<\/div><\/div>\r\n<\/div><\/div>\n    <\/div>\n  <\/div>\n\n              <div class=\"swiper-button-prev\">\n            <svg xmlns=\"http:\/\/www.w3.org\/2000\/svg\" viewbox=\"0 0 512 512\"><!--! Font Awesome Free 6.5.1 by @fontawesome - https:\/\/fontawesome.com License - https:\/\/fontawesome.com\/license\/free (Icons: CC BY 4.0, Fonts: SIL OFL 1.1, Code: MIT License) Copyright 2023 Fonticons, Inc. --><path d=\"M512 256A256 256 0 1 0 0 256a256 256 0 1 0 512 0zM231 127c9.4-9.4 24.6-9.4 33.9 0s9.4 24.6 0 33.9l-71 71L376 232c13.3 0 24 10.7 24 24s-10.7 24-24 24l-182.1 0 71 71c9.4 9.4 9.4 24.6 0 33.9s-24.6 9.4-33.9 0L119 273c-9.4-9.4-9.4-24.6 0-33.9L231 127z\"\/><\/svg>\n        <\/div>\n        <div class=\"swiper-button-next\">\n            <svg xmlns=\"http:\/\/www.w3.org\/2000\/svg\" viewbox=\"0 0 512 512\"><!--! Font Awesome Free 6.5.1 by @fontawesome - https:\/\/fontawesome.com License - https:\/\/fontawesome.com\/license\/free (Icons: CC BY 4.0, Fonts: SIL OFL 1.1, Code: MIT License) Copyright 2023 Fonticons, Inc. --><path d=\"M0 256a256 256 0 1 0 512 0A256 256 0 1 0 0 256zM281 385c-9.4 9.4-24.6 9.4-33.9 0s-9.4-24.6 0-33.9l71-71L136 280c-13.3 0-24-10.7-24-24s10.7-24 24-24l182.1 0-71-71c-9.4-9.4-9.4-24.6 0-33.9s24.6-9.4 33.9 0L393 239c9.4 9.4 9.4 24.6 0 33.9L281 385z\"\/><\/svg>\n        <\/div>\n    \n            <div class=\"swiper-pagination\"><\/div>\n    \n<\/div>\n\n<\/div><\/div>\n<\/section><section class=\"bde-section-698-141 bde-section bde-preset-a757da71-4efb-4b7c-ac36-4af124f53d48\">\n  \n  \n\t\n\n\n\n<div class=\"section-container\"><div class=\"bde-image-698-142 bde-image bde-preset-d2598567-2af4-43eb-91d9-b5dea26a14f1\">\n<figure class=\"breakdance-image breakdance-image--2646\">\n\t<div class=\"breakdance-image-container\">\n\t\t<div class=\"breakdance-image-clip\"><img loading=\"lazy\" decoding=\"async\" class=\"breakdance-image-object\" src=\"https:\/\/www.contiva-berufsperspektiven.ch\/wp-content\/uploads\/2023\/06\/DSC_4570-.jpg\" width=\"1000\" height=\"667\" srcset=\"https:\/\/www.contiva-berufsperspektiven.ch\/wp-content\/uploads\/2023\/06\/DSC_4570-.jpg 1000w, https:\/\/www.contiva-berufsperspektiven.ch\/wp-content\/uploads\/2023\/06\/DSC_4570--300x200.jpg 300w, https:\/\/www.contiva-berufsperspektiven.ch\/wp-content\/uploads\/2023\/06\/DSC_4570--768x512.jpg 768w, https:\/\/www.contiva-berufsperspektiven.ch\/wp-content\/uploads\/2023\/06\/DSC_4570--600x400.jpg 600w, https:\/\/www.contiva-berufsperspektiven.ch\/wp-content\/uploads\/2023\/06\/DSC_4570--420x280.jpg 420w, https:\/\/www.contiva-berufsperspektiven.ch\/wp-content\/uploads\/2023\/06\/DSC_4570--180x120.jpg 180w\" sizes=\"auto, (max-width: 1000px) 100vw, 1000px\" alt=\"Contenuto Immagine che mostra un coach seduto a un tavolo in un ufficio con un coachee e che sta conversando. Il coach ha una penna in mano e sta mostrando al coachee qualcosa in un documento.\"><\/div>\n\t<\/div><\/figure>\n\n<\/div><\/div>\n<\/section><\/div>","protected":false},"excerpt":{"rendered":"<p>CONTIVA JOBWAY &#8211; modulares Angebot f\u00fcr Stellensuchende Wir unterst\u00fctzen Stellensuche rasch und pers\u00f6nlich: Die Stellensuchenden schn\u00fcren gemeinsam mit ihrer JOBWAY-Beratung ein Paket aus Kursmodulen und Einzelberatungen, um sich erfolgreich zu bewerben. Die Stellensuchenden optimieren ihre Bewerbungsunterlagen und wissen, auf welche Stellen sie sich bewerben m\u00f6chten. Die Teilnehmenden nutzen alle M\u00f6glichkeiten, um schnell wieder eine Stelle [&hellip;]<\/p>\n","protected":false},"author":8,"featured_media":0,"parent":0,"menu_order":0,"comment_status":"closed","ping_status":"closed","template":"","meta":{"_acf_changed":false,"_breakdance_hide_in_design_set":false,"_breakdance_tags":"","iawp_total_views":1613,"footnotes":""},"class_list":["post-698","page","type-page","status-publish","hentry"],"acf":[],"_links":{"self":[{"href":"https:\/\/www.contiva-berufsperspektiven.ch\/it\/wp-json\/wp\/v2\/pages\/698","targetHints":{"allow":["GET"]}}],"collection":[{"href":"https:\/\/www.contiva-berufsperspektiven.ch\/it\/wp-json\/wp\/v2\/pages"}],"about":[{"href":"https:\/\/www.contiva-berufsperspektiven.ch\/it\/wp-json\/wp\/v2\/types\/page"}],"author":[{"embeddable":true,"href":"https:\/\/www.contiva-berufsperspektiven.ch\/it\/wp-json\/wp\/v2\/users\/8"}],"replies":[{"embeddable":true,"href":"https:\/\/www.contiva-berufsperspektiven.ch\/it\/wp-json\/wp\/v2\/comments?post=698"}],"version-history":[{"count":43,"href":"https:\/\/www.contiva-berufsperspektiven.ch\/it\/wp-json\/wp\/v2\/pages\/698\/revisions"}],"predecessor-version":[{"id":5404,"href":"https:\/\/www.contiva-berufsperspektiven.ch\/it\/wp-json\/wp\/v2\/pages\/698\/revisions\/5404"}],"wp:attachment":[{"href":"https:\/\/www.contiva-berufsperspektiven.ch\/it\/wp-json\/wp\/v2\/media?parent=698"}],"curies":[{"name":"wp","href":"https:\/\/api.w.org\/{rel}","templated":true}]}}